{"id":39200,"date":"2025-03-08T11:26:38","date_gmt":"2025-03-08T10:26:38","guid":{"rendered":"http:\/\/www.mondo-legno.com\/widerrufsbelehrung\/"},"modified":"2025-03-08T12:18:13","modified_gmt":"2025-03-08T11:18:13","slug":"%d8%b3%d9%8a%d8%a7%d8%b3%d8%a9-%d8%a7%d9%84%d8%a5%d9%84%d8%ba%d8%a7%d8%a1","status":"publish","type":"page","link":"https:\/\/www.modelcars24.de\/ar\/widerrufsbelehrung\/","title":{"rendered":"\u0633\u064a\u0627\u0633\u0629 \u0627\u0644\u0625\u0644\u063a\u0627\u0621"},"content":{"rendered":"<div data-elementor-type=\"wp-page\" data-elementor-id=\"39200\" class=\"elementor elementor-39200\" data-elementor-post-type=\"page\">\n\t\t\t\t<div class=\"elementor-element elementor-element-109658b e-flex e-con-boxed e-con e-parent\" data-id=\"109658b\" data-element_type=\"container\" data-e-type=\"container\">\n\t\t\t\t\t<div class=\"e-con-inner\">\n\t\t\t\t<div class=\"elementor-element elementor-element-087ab7b elementor-widget elementor-widget-text-editor\" data-id=\"087ab7b\" data-element_type=\"widget\" data-e-type=\"widget\" data-widget_type=\"text-editor.default\">\n\t\t\t\t<div class=\"elementor-widget-container\">\n\t\t\t\t\t\t\t\t\t<p>\u064a\u062d\u0642 \u0644\u0643 \u0625\u0644\u063a\u0627\u0621 \u0647\u0630\u0627 \u0627\u0644\u0639\u0642\u062f \u0641\u064a \u063a\u0636\u0648\u0646 \u0623\u0631\u0628\u0639\u0629 \u0639\u0634\u0631 \u064a\u0648\u0645\u064b\u0627 \u062f\u0648\u0646 \u0625\u0628\u062f\u0627\u0621 \u0623\u064a \u0633\u0628\u0628. \u0641\u062a\u0631\u0629 \u0627\u0644\u0625\u0644\u063a\u0627\u0621 \u0647\u064a \u0623\u0631\u0628\u0639\u0629 \u0639\u0634\u0631 \u064a\u0648\u0645\u064b\u0627 \u0645\u0646 \u0627\u0644\u064a\u0648\u0645 \u0627\u0644\u0630\u064a \u0627\u0633\u062a\u0644\u0645\u062a \u0641\u064a\u0647 \u0623\u0646\u062a \u0623\u0648 \u0637\u0631\u0641 \u062b\u0627\u0644\u062b \u062a\u062d\u062f\u062f\u0647 \u0623\u0646\u062a\u060c \u0648\u0647\u0648 \u0644\u064a\u0633 \u0627\u0644\u0646\u0627\u0642\u0644\u060c \u0627\u0644\u0628\u0636\u0627\u0639\u0629. \u0644\u0645\u0645\u0627\u0631\u0633\u0629 \u0627\u0644\u062d\u0642 \u0641\u064a \u0627\u0644\u0625\u0644\u063a\u0627\u0621\u060c \u064a\u062c\u0628 \u0639\u0644\u064a\u0643 \u0625\u0628\u0644\u0627\u063a\u0646\u0627 \u0646\u062d\u0646\u060c \u0627\u0644\u062f\u0643\u062a\u0648\u0631 \u0643\u0644\u0627\u0648\u0633 \u062c\u064a\u0633\u0634\u0643\u064a\u060c \u0645\u0648\u062f\u064a\u0644 \u0643\u0627\u0631\u0632 24\u060c \u0623\u0646\u062a \u0641\u0644\u064a\u0646\u062a\u064a\u0646\u0643\u0627\u0645\u0628 8\u060c D-26632 \u0625\u0647\u0644\u0648\u060c \u0628\u0642\u0631\u0627\u0631\u0643 \u0628\u0625\u0644\u063a\u0627\u0621 \u0647\u0630\u0627 \u0627\u0644\u0639\u0642\u062f \u0628\u0628\u064a\u0627\u0646 \u0648\u0627\u0636\u062d (\u0645\u062b\u0644 \u062e\u0637\u0627\u0628 \u0645\u0631\u0633\u0644 \u0628\u0627\u0644\u0628\u0631\u064a\u062f \u0623\u0648 \u0627\u0644\u0641\u0627\u0643\u0633 \u0623\u0648 \u0627\u0644\u0628\u0631\u064a\u062f \u0627\u0644\u0625\u0644\u0643\u062a\u0631\u0648\u0646\u064a). \u0644\u0644\u0648\u0641\u0627\u0621 \u0628\u0627\u0644\u0645\u0648\u0639\u062f \u0627\u0644\u0646\u0647\u0627\u0626\u064a \u0644\u0644\u0625\u0644\u063a\u0627\u0621\u060c \u064a\u0643\u0641\u064a \u0623\u0646 \u062a\u0631\u0633\u0644 \u0631\u0633\u0627\u0644\u062a\u0643 \u0628\u0634\u0623\u0646 \u0645\u0645\u0627\u0631\u0633\u062a\u0643 \u0644\u062d\u0642 \u0627\u0644\u0625\u0644\u063a\u0627\u0621 \u0642\u0628\u0644 \u0627\u0646\u062a\u0647\u0627\u0621 \u0641\u062a\u0631\u0629 \u0627\u0644\u0625\u0644\u063a\u0627\u0621.<\/p><p>\u0627\u0644\u0622\u062b\u0627\u0631 \u0627\u0644\u0645\u062a\u0631\u062a\u0628\u0629 \u0639\u0644\u0649 \u0647\u0630\u0627 \u0627\u0644\u0639\u0642\u062f<\/p><p>\u0625\u0630\u0627 \u0627\u0646\u0633\u062d\u0628\u062a \u0645\u0646 \u0647\u0630\u0627 \u0627\u0644\u0639\u0642\u062f\u060c \u0641\u0633\u0648\u0641 \u0646\u0633\u062f\u062f \u0644\u0643 \u062c\u0645\u064a\u0639 \u0627\u0644\u0645\u062f\u0641\u0648\u0639\u0627\u062a \u0627\u0644\u062a\u064a \u0627\u0633\u062a\u0644\u0645\u062a\u0647\u0627 \u0645\u0646\u0643\u060c \u0628\u0645\u0627 \u0641\u064a \u0630\u0644\u0643 \u062a\u0643\u0627\u0644\u064a\u0641 \u0627\u0644\u062a\u0648\u0635\u064a\u0644 (\u0628\u0627\u0633\u062a\u062b\u0646\u0627\u0621 \u0627\u0644\u062a\u0643\u0627\u0644\u064a\u0641 \u0627\u0644\u0625\u0636\u0627\u0641\u064a\u0629 \u0627\u0644\u0646\u0627\u062a\u062c\u0629 \u0639\u0646 \u0627\u062e\u062a\u064a\u0627\u0631\u0643 \u0644\u0646\u0648\u0639 \u062a\u0648\u0635\u064a\u0644 \u063a\u064a\u0631 \u0646\u0648\u0639 \u0627\u0644\u062a\u0648\u0635\u064a\u0644 \u0627\u0644\u0642\u064a\u0627\u0633\u064a \u0627\u0644\u0623\u0642\u0644 \u062a\u0643\u0644\u0641\u0629 \u0627\u0644\u0630\u064a \u0646\u0642\u062f\u0645\u0647)\u060c \u062f\u0648\u0646 \u062a\u0623\u062e\u064a\u0631 \u0644\u0627 \u0645\u0628\u0631\u0631 \u0644\u0647 \u0648\u0641\u064a \u0645\u0648\u0639\u062f \u0644\u0627 \u064a\u062a\u062c\u0627\u0648\u0632 14 \u064a\u0648\u0645\u064b\u0627 \u0645\u0646 \u0627\u0644\u064a\u0648\u0645 \u0627\u0644\u0630\u064a \u062a\u0645 \u0625\u0628\u0644\u0627\u063a\u0646\u0627 \u0641\u064a\u0647 \u0628\u0642\u0631\u0627\u0631 \u0627\u0646\u0633\u062d\u0627\u0628\u0643 \u0645\u0646 \u0647\u0630\u0627 \u0627\u0644\u0639\u0642\u062f. \u0628\u0627\u0644\u0646\u0633\u0628\u0629 \u0644\u0647\u0630\u0627 \u0627\u0644\u0633\u062f\u0627\u062f\u060c \u0633\u0646\u0633\u062a\u062e\u062f\u0645 \u0646\u0641\u0633 \u0648\u0633\u0627\u0626\u0644 \u0627\u0644\u062f\u0641\u0639 \u0627\u0644\u062a\u064a \u0627\u0633\u062a\u062e\u062f\u0645\u062a\u0647\u0627 \u0641\u064a \u0627\u0644\u0645\u0639\u0627\u0645\u0644\u0629 \u0627\u0644\u0623\u0635\u0644\u064a\u0629\u060c \u0645\u0627 \u0644\u0645 \u064a\u062a\u0645 \u0627\u0644\u0627\u062a\u0641\u0627\u0642 \u0645\u0639\u0643 \u0635\u0631\u0627\u062d\u0629\u064b \u0639\u0644\u0649 \u062e\u0644\u0627\u0641 \u0630\u0644\u0643\u061b \u0648\u0644\u0646 \u064a\u062a\u0645 \u062a\u062d\u0645\u064a\u0644\u0643 \u0628\u0623\u064a \u062d\u0627\u0644 \u0645\u0646 \u0627\u0644\u0623\u062d\u0648\u0627\u0644 \u0623\u064a \u0631\u0633\u0648\u0645 \u0645\u0642\u0627\u0628\u0644 \u0647\u0630\u0627 \u0627\u0644\u0633\u062f\u0627\u062f.\u00a0<\/p><p>\u0648\u064a\u062c\u0648\u0632 \u0644\u0646\u0627 \u0631\u0641\u0636 \u0627\u0644\u0633\u062f\u0627\u062f \u062d\u062a\u0649 \u0646\u0633\u062a\u0644\u0645 \u0627\u0644\u0628\u0636\u0627\u0639\u0629 \u0623\u0648 \u062d\u062a\u0649 \u062a\u0642\u062f\u0645 \u0645\u0627 \u064a\u062b\u0628\u062a \u0623\u0646\u0643 \u0623\u0639\u062f\u062a \u0627\u0644\u0628\u0636\u0627\u0639\u0629\u060c \u0623\u064a\u0647\u0645\u0627 \u0623\u0633\u0628\u0642.\u201c \u064a\u062c\u0628 \u0639\u0644\u064a\u0643 \u0625\u0639\u0627\u062f\u0629 \u0627\u0644\u0628\u0636\u0627\u0639\u0629 \u0623\u0648 \u062a\u0633\u0644\u064a\u0645\u0647\u0627 \u0644\u0646\u0627 \u0639\u0644\u0649 \u0627\u0644\u0641\u0648\u0631 \u0648\u0641\u064a \u0623\u064a \u062d\u0627\u0644 \u0641\u064a \u0645\u0648\u0639\u062f \u0644\u0627 \u064a\u062a\u062c\u0627\u0648\u0632 \u0623\u0631\u0628\u0639\u0629 \u0639\u0634\u0631 \u064a\u0648\u0645\u064b\u0627 \u0645\u0646 \u0627\u0644\u064a\u0648\u0645 \u0627\u0644\u0630\u064a \u062a\u0628\u0644\u063a\u0646\u0627 \u0641\u064a\u0647 \u0628\u0625\u0644\u063a\u0627\u0621 \u0647\u0630\u0627 \u0627\u0644\u0639\u0642\u062f. \u064a\u062a\u0645 \u0627\u0644\u0648\u0641\u0627\u0621 \u0628\u0627\u0644\u0645\u0648\u0639\u062f \u0627\u0644\u0646\u0647\u0627\u0626\u064a \u0625\u0630\u0627 \u0642\u0645\u062a \u0628\u0625\u0631\u0633\u0627\u0644 \u0627\u0644\u0628\u0636\u0627\u0639\u0629 \u0642\u0628\u0644 \u0627\u0646\u0642\u0636\u0627\u0621 \u0641\u062a\u0631\u0629 \u0627\u0644\u0623\u0631\u0628\u0639\u0629 \u0639\u0634\u0631 \u064a\u0648\u0645\u064b\u0627. \u062a\u062a\u062d\u0645\u0644 \u0623\u0646\u062a \u0627\u0644\u062a\u0643\u0627\u0644\u064a\u0641 \u0627\u0644\u0645\u0628\u0627\u0634\u0631\u0629 \u0644\u0625\u0639\u0627\u062f\u0629 \u0627\u0644\u0628\u0636\u0627\u0626\u0639. \u064a\u062c\u0628 \u0639\u0644\u064a\u0643 \u0641\u0642\u0637 \u062f\u0641\u0639 \u062a\u0643\u0627\u0644\u064a\u0641 \u0623\u064a \u062e\u0633\u0627\u0631\u0629 \u0641\u064a \u0642\u064a\u0645\u0629 \u0627\u0644\u0628\u0636\u0627\u0639\u0629 \u0625\u0630\u0627 \u0643\u0627\u0646\u062a \u0647\u0630\u0647 \u0627\u0644\u062e\u0633\u0627\u0631\u0629 \u0641\u064a \u0627\u0644\u0642\u064a\u0645\u0629 \u0646\u0627\u062a\u062c\u0629 \u0639\u0646 \u0645\u0646\u0627\u0648\u0644\u0629 \u0627\u0644\u0628\u0636\u0627\u0639\u0629 \u063a\u064a\u0631 \u0627\u0644\u0636\u0631\u0648\u0631\u064a\u0629 \u0644\u0644\u062a\u062d\u0642\u0642 \u0645\u0646 \u062d\u0627\u0644\u062a\u0647\u0627 \u0648\u062e\u0635\u0627\u0626\u0635\u0647\u0627 \u0648\u0648\u0638\u0627\u0626\u0641\u0647\u0627.<\/p><p>\u0627\u0644\u062d\u0627\u0644\u0629 8.3.2025<\/p><p>\u00a0<\/p>\t\t\t\t\t\t\t\t<\/div>\n\t\t\t\t<\/div>\n\t\t\t\t\t<\/div>\n\t\t\t\t<\/div>\n\t\t\t\t<\/div>","protected":false},"excerpt":{"rendered":"<p>Sie haben das Recht, binnen vierzehn Tagen ohne Angabe von Gr\u00fcnden diesen Vertrag zu widerrufen. Die Widerrufsfrist betr\u00e4gt vierzehn Tage ab dem Tag an dem Sie oder ein von Ihnen benannter Dritter, der nicht der Bef\u00f6rderer ist, die Waren in Besitz genommen haben bzw. hat. Um Ihr Widerrufsrecht auszu\u00fcben, m\u00fcssen Sie uns, Dr. Klaus Jeschke, [&hellip;]<\/p>\n","protected":false},"author":1,"featured_media":0,"parent":0,"menu_order":0,"comment_status":"closed","ping_status":"closed","template":"","meta":{"_acf_changed":false,"footnotes":""},"class_list":["post-39200","page","type-page","status-publish","hentry"],"acf":[],"jetpack_sharing_enabled":true,"_links":{"self":[{"href":"https:\/\/www.modelcars24.de\/ar\/wp-json\/wp\/v2\/pages\/39200","targetHints":{"allow":["GET"]}}],"collection":[{"href":"https:\/\/www.modelcars24.de\/ar\/wp-json\/wp\/v2\/pages"}],"about":[{"href":"https:\/\/www.modelcars24.de\/ar\/wp-json\/wp\/v2\/types\/page"}],"author":[{"embeddable":true,"href":"https:\/\/www.modelcars24.de\/ar\/wp-json\/wp\/v2\/users\/1"}],"replies":[{"embeddable":true,"href":"https:\/\/www.modelcars24.de\/ar\/wp-json\/wp\/v2\/comments?post=39200"}],"version-history":[{"count":3,"href":"https:\/\/www.modelcars24.de\/ar\/wp-json\/wp\/v2\/pages\/39200\/revisions"}],"predecessor-version":[{"id":39237,"href":"https:\/\/www.modelcars24.de\/ar\/wp-json\/wp\/v2\/pages\/39200\/revisions\/39237"}],"wp:attachment":[{"href":"https:\/\/www.modelcars24.de\/ar\/wp-json\/wp\/v2\/media?parent=39200"}],"curies":[{"name":"\u062f\u0628\u0644\u064a\u0648 \u0628\u064a","href":"https:\/\/api.w.org\/{rel}","templated":true}]}}