{"id":61230,"date":"2026-02-23T12:57:58","date_gmt":"2026-02-23T11:57:58","guid":{"rendered":"https:\/\/www.modelcars24.de\/?page_id=61230"},"modified":"2026-02-23T13:04:19","modified_gmt":"2026-02-23T12:04:19","slug":"%d8%a7%d9%84%d8%af%d9%84%d9%8a%d9%84-%d8%a7%d9%84%d8%a5%d8%b1%d8%b4%d8%a7%d8%af%d9%8a-%d9%84%d8%b9%d9%85%d9%84%d9%8a%d8%a7%d8%aa-%d8%a7%d9%84%d8%a7%d8%b3%d8%aa%d8%b1%d8%af%d8%a7%d8%af-%d9%88%d8%a7","status":"publish","type":"page","link":"https:\/\/www.modelcars24.de\/ar\/richtlinie-fuer-rueckerstattungen-und-rueckgaben\/","title":{"rendered":"\u0633\u064a\u0627\u0633\u0629 \u0627\u0644\u0627\u0633\u062a\u0631\u062f\u0627\u062f \u0648\u0627\u0644\u0625\u0631\u062c\u0627\u0639"},"content":{"rendered":"<div data-elementor-type=\"wp-page\" data-elementor-id=\"61230\" class=\"elementor elementor-61230\" data-elementor-post-type=\"page\">\n\t\t\t\t<div class=\"elementor-element elementor-element-3d73903 e-flex e-con-boxed e-con e-parent\" data-id=\"3d73903\" data-element_type=\"container\" data-e-type=\"container\">\n\t\t\t\t\t<div class=\"e-con-inner\">\n\t\t<div class=\"elementor-element elementor-element-691e7eb e-con-full e-flex e-con e-child\" data-id=\"691e7eb\" data-element_type=\"container\" data-e-type=\"container\">\n\t\t\t\t<div class=\"elementor-element elementor-element-f9b7f15 elementor-widget elementor-widget-heading\" data-id=\"f9b7f15\" data-element_type=\"widget\" data-e-type=\"widget\" data-widget_type=\"heading.default\">\n\t\t\t\t<div class=\"elementor-widget-container\">\n\t\t\t\t\t<h2 class=\"elementor-heading-title elementor-size-default\">\u0645\u0627 \u0647\u064a \u0634\u0631\u0648\u0637 \u0627\u0644\u0625\u0631\u062c\u0627\u0639\u061f<\/h2>\t\t\t\t<\/div>\n\t\t\t\t<\/div>\n\t\t\t\t<div class=\"elementor-element elementor-element-3bede3a elementor-widget elementor-widget-image\" data-id=\"3bede3a\" data-element_type=\"widget\" data-e-type=\"widget\" data-widget_type=\"image.default\">\n\t\t\t\t<div class=\"elementor-widget-container\">\n\t\t\t\t\t\t\t\t\t\t\t\t\t\t\t<img fetchpriority=\"high\" decoding=\"async\" width=\"800\" height=\"600\" src=\"https:\/\/www.modelcars24.de\/wp-content\/uploads\/2026\/02\/IMG_8117-1024x768.jpeg\" class=\"attachment-large size-large wp-image-61004\" alt=\"\" srcset=\"https:\/\/www.modelcars24.de\/wp-content\/uploads\/2026\/02\/IMG_8117-1024x768.jpeg 1024w, https:\/\/www.modelcars24.de\/wp-content\/uploads\/2026\/02\/IMG_8117-300x225.jpeg 300w, https:\/\/www.modelcars24.de\/wp-content\/uploads\/2026\/02\/IMG_8117-768x576.jpeg 768w, https:\/\/www.modelcars24.de\/wp-content\/uploads\/2026\/02\/IMG_8117-1536x1152.jpeg 1536w, https:\/\/www.modelcars24.de\/wp-content\/uploads\/2026\/02\/IMG_8117-16x12.jpeg 16w, https:\/\/www.modelcars24.de\/wp-content\/uploads\/2026\/02\/IMG_8117-600x450.jpeg 600w, https:\/\/www.modelcars24.de\/wp-content\/uploads\/2026\/02\/IMG_8117.jpeg 2016w\" sizes=\"(max-width: 800px) 100vw, 800px\" \/>\t\t\t\t\t\t\t\t\t\t\t\t\t\t\t<\/div>\n\t\t\t\t<\/div>\n\t\t\t\t<\/div>\n\t\t<div class=\"elementor-element elementor-element-dbd16ea e-con-full e-flex e-con e-child\" data-id=\"dbd16ea\" data-element_type=\"container\" data-e-type=\"container\">\n\t\t\t\t<div class=\"elementor-element elementor-element-e574988 elementor-widget elementor-widget-text-editor\" data-id=\"e574988\" data-element_type=\"widget\" data-e-type=\"widget\" data-widget_type=\"text-editor.default\">\n\t\t\t\t<div class=\"elementor-widget-container\">\n\t\t\t\t\t\t\t\t\t<p>\u064a\u0645\u0643\u0646\u0643 \u0625\u0631\u062c\u0627\u0639 \u0646\u0645\u0648\u0630\u062c\u0643 \u0641\u064a \u063a\u0636\u0648\u0646 \u0623\u0631\u0628\u0639\u0629 \u0639\u0634\u0631 \u064a\u0648\u0645\u0627\u064b \u062f\u0648\u0646 \u0625\u0628\u062f\u0627\u0621 \u0623\u064a \u0633\u0628\u0628. \u0645\u0646 \u0623\u062c\u0644 \u062a\u062d\u0633\u064a\u0646 \u062e\u062f\u0645\u062a\u0646\u0627\u060c \u0646\u0637\u0644\u0628 \u0645\u0646\u0643 \u0630\u0643\u0631 \u0633\u0628\u0628 \u0631\u063a\u0628\u062a\u0643 \u0641\u064a \u0625\u0644\u063a\u0627\u0621 \u0639\u0645\u0644\u064a\u0629 \u0627\u0644\u0634\u0631\u0627\u0621. \u064a\u062c\u0628 \u0623\u0646 \u062a\u062a\u062d\u0645\u0644 \u062a\u0643\u0644\u0641\u0629 \u0625\u0631\u062c\u0627\u0639 \u0627\u0644\u0646\u0645\u0648\u0630\u062c. \u0646\u0648\u0635\u064a \u0628\u0627\u0644\u0634\u062d\u0646 \u0627\u0644\u0645\u0624\u0645\u0646 \u0639\u0644\u064a\u0647.<\/p><p>\u0628\u0645\u062c\u0631\u062f \u0627\u0633\u062a\u0644\u0627\u0645\u0646\u0627 \u0644\u0644\u0646\u0645\u0648\u0630\u062c \u0648\u0627\u0644\u062a\u063a\u0644\u064a\u0641 \u0648\u0627\u0644\u062d\u0627\u0644\u0629 \u0643\u0645\u0627 \u0647\u064a \u0639\u0646\u062f \u0627\u0644\u0625\u0631\u0633\u0627\u0644\u060c \u0633\u0646\u0631\u0633\u0644 \u0644\u0643 \u0623\u0645\u0648\u0627\u0644\u0643 \u0639\u0644\u0649 \u0627\u0644\u0641\u0648\u0631.\u00a0<\/p>\t\t\t\t\t\t\t\t<\/div>\n\t\t\t\t<\/div>\n\t\t\t\t<\/div>\n\t\t\t\t\t<\/div>\n\t\t\t\t<\/div>\n\t\t<div class=\"elementor-element elementor-element-99f8beb e-flex e-con-boxed e-con e-parent\" data-id=\"99f8beb\" data-element_type=\"container\" data-e-type=\"container\">\n\t\t\t\t\t<div class=\"e-con-inner\">\n\t\t<div class=\"elementor-element elementor-element-4413272 e-con-full e-flex e-con e-child\" data-id=\"4413272\" data-element_type=\"container\" data-e-type=\"container\">\n\t\t\t\t<div class=\"elementor-element elementor-element-5fe5ba4 elementor-widget elementor-widget-heading\" data-id=\"5fe5ba4\" data-element_type=\"widget\" data-e-type=\"widget\" data-widget_type=\"heading.default\">\n\t\t\t\t<div class=\"elementor-widget-container\">\n\t\t\t\t\t<h2 class=\"elementor-heading-title elementor-size-default\">\u0627\u0644\u0627\u0633\u062a\u0631\u062f\u0627\u062f \u0648\u0627\u0644\u0627\u0633\u062a\u0631\u062f\u0627\u062f<\/h2>\t\t\t\t<\/div>\n\t\t\t\t<\/div>\n\t\t\t\t<\/div>\n\t\t<div class=\"elementor-element elementor-element-8939d23 e-con-full e-flex e-con e-child\" data-id=\"8939d23\" data-element_type=\"container\" data-e-type=\"container\">\n\t\t\t\t<div class=\"elementor-element elementor-element-b88ec5f elementor-widget elementor-widget-text-editor\" data-id=\"b88ec5f\" data-element_type=\"widget\" data-e-type=\"widget\" data-widget_type=\"text-editor.default\">\n\t\t\t\t<div class=\"elementor-widget-container\">\n\t\t\t\t\t\t\t\t\t<p>\u064a\u062d\u0642 \u0644\u0643 \u0625\u0644\u063a\u0627\u0621 \u0647\u0630\u0627 \u0627\u0644\u0639\u0642\u062f \u0641\u064a \u063a\u0636\u0648\u0646 \u0623\u0631\u0628\u0639\u0629 \u0639\u0634\u0631 \u064a\u0648\u0645\u064b\u0627 \u062f\u0648\u0646 \u0625\u0628\u062f\u0627\u0621 \u0623\u064a \u0633\u0628\u0628. \u0641\u062a\u0631\u0629 \u0627\u0644\u0625\u0644\u063a\u0627\u0621 \u0647\u064a \u0623\u0631\u0628\u0639\u0629 \u0639\u0634\u0631 \u064a\u0648\u0645\u064b\u0627 \u0645\u0646 \u0627\u0644\u064a\u0648\u0645 \u0627\u0644\u0630\u064a \u0627\u0633\u062a\u0644\u0645\u062a \u0641\u064a\u0647 \u0623\u0646\u062a \u0623\u0648 \u0637\u0631\u0641 \u062b\u0627\u0644\u062b \u062a\u062d\u062f\u062f\u0647 \u0623\u0646\u062a\u060c \u0648\u0647\u0648 \u0644\u064a\u0633 \u0627\u0644\u0646\u0627\u0642\u0644\u060c \u0627\u0644\u0628\u0636\u0627\u0639\u0629.<\/p><p>\u0644\u0645\u0645\u0627\u0631\u0633\u0629 \u062d\u0642\u0643 \u0641\u064a \u0627\u0644\u0625\u0644\u063a\u0627\u0621\u060c \u064a\u062c\u0628 \u0639\u0644\u064a\u0643 \u0627\u0644\u0627\u062a\u0635\u0627\u0644 \u0628\u0646\u0627,<\/p><p>\u062f. \u0643\u0644\u0627\u0648\u0633 \u062c\u064a\u0633\u0634\u0643\u064a\u060c \u0645\u0648\u062f\u064a\u0644 \u0643\u0627\u0631\u0632 24\u060c \u0623\u0646\u062a \u0641\u0644\u064a\u0646\u062a\u064a\u0646\u0643\u0627\u0645\u0628 8\u060c D-26632 \u0625\u0647\u0644\u0648,<\/p><p>\u0639\u0646 \u0637\u0631\u064a\u0642 \u0628\u064a\u0627\u0646 \u0648\u0627\u0636\u062d (\u0645\u062b\u0644 \u062e\u0637\u0627\u0628 \u0645\u0631\u0633\u0644 \u0628\u0627\u0644\u0628\u0631\u064a\u062f \u0623\u0648 \u0627\u0644\u0641\u0627\u0643\u0633 \u0623\u0648 \u0627\u0644\u0628\u0631\u064a\u062f \u0627\u0644\u0625\u0644\u0643\u062a\u0631\u0648\u0646\u064a) \u0628\u0642\u0631\u0627\u0631\u0643 \u0628\u0625\u0644\u063a\u0627\u0621 \u0647\u0630\u0627 \u0627\u0644\u0639\u0642\u062f. \u0644\u0644\u0648\u0641\u0627\u0621 \u0628\u0627\u0644\u0645\u0648\u0639\u062f \u0627\u0644\u0646\u0647\u0627\u0626\u064a \u0644\u0644\u0625\u0644\u063a\u0627\u0621\u060c \u064a\u0643\u0641\u064a \u0623\u0646 \u062a\u0631\u0633\u0644 \u0625\u062e\u0637\u0627\u0631\u0643 \u0628\u0645\u0645\u0627\u0631\u0633\u0629 \u062d\u0642\u0643 \u0641\u064a \u0627\u0644\u0625\u0644\u063a\u0627\u0621 \u0642\u0628\u0644 \u0627\u0646\u062a\u0647\u0627\u0621 \u0641\u062a\u0631\u0629 \u0627\u0644\u0625\u0644\u063a\u0627\u0621.<\/p>\t\t\t\t\t\t\t\t<\/div>\n\t\t\t\t<\/div>\n\t\t\t\t<\/div>\n\t\t\t\t\t<\/div>\n\t\t\t\t<\/div>\n\t\t<div class=\"elementor-element elementor-element-84bc9f0 e-flex e-con-boxed e-con e-parent\" data-id=\"84bc9f0\" data-element_type=\"container\" data-e-type=\"container\">\n\t\t\t\t\t<div class=\"e-con-inner\">\n\t\t<div class=\"elementor-element elementor-element-55ae58e e-con-full e-flex e-con e-child\" data-id=\"55ae58e\" data-element_type=\"container\" data-e-type=\"container\">\n\t\t\t\t<div class=\"elementor-element elementor-element-182b7e6 elementor-widget elementor-widget-heading\" data-id=\"182b7e6\" data-element_type=\"widget\" data-e-type=\"widget\" data-widget_type=\"heading.default\">\n\t\t\t\t<div class=\"elementor-widget-container\">\n\t\t\t\t\t<h2 class=\"elementor-heading-title elementor-size-default\">\u0639\u0648\u0627\u0642\u0628 \u0627\u0644\u0625\u0644\u063a\u0627\u0621:<\/h2>\t\t\t\t<\/div>\n\t\t\t\t<\/div>\n\t\t\t\t<\/div>\n\t\t<div class=\"elementor-element elementor-element-5077af0 e-con-full e-flex e-con e-child\" data-id=\"5077af0\" data-element_type=\"container\" data-e-type=\"container\">\n\t\t\t\t<div class=\"elementor-element elementor-element-60c948a elementor-widget elementor-widget-text-editor\" data-id=\"60c948a\" data-element_type=\"widget\" data-e-type=\"widget\" data-widget_type=\"text-editor.default\">\n\t\t\t\t<div class=\"elementor-widget-container\">\n\t\t\t\t\t\t\t\t\t<p>\u0625\u0630\u0627 \u0642\u0645\u062a \u0628\u0627\u0644\u0627\u0646\u0633\u062d\u0627\u0628 \u0645\u0646 \u0647\u0630\u0627 \u0627\u0644\u0639\u0642\u062f\u060c \u064a\u062c\u0628 \u0639\u0644\u064a\u0646\u0627 \u0623\u0646 \u0646\u0633\u062f\u062f \u0644\u0643 \u062c\u0645\u064a\u0639 \u0627\u0644\u0645\u062f\u0641\u0648\u0639\u0627\u062a \u0627\u0644\u062a\u064a \u0627\u0633\u062a\u0644\u0645\u0646\u0627\u0647\u0627 \u0645\u0646\u0643\u060c \u0628\u0645\u0627 \u0641\u064a \u0630\u0644\u0643 \u062a\u0643\u0627\u0644\u064a\u0641 \u0627\u0644\u062a\u0648\u0635\u064a\u0644 (\u0628\u0627\u0633\u062a\u062b\u0646\u0627\u0621 \u0627\u0644\u062a\u0643\u0627\u0644\u064a\u0641 \u0627\u0644\u0625\u0636\u0627\u0641\u064a\u0629 \u0627\u0644\u0646\u0627\u062a\u062c\u0629 \u0639\u0646 \u0627\u062e\u062a\u064a\u0627\u0631\u0643 \u0644\u0646\u0648\u0639 \u062a\u0648\u0635\u064a\u0644 \u063a\u064a\u0631 \u0646\u0648\u0639 \u0627\u0644\u062a\u0648\u0635\u064a\u0644 \u0627\u0644\u0642\u064a\u0627\u0633\u064a \u0627\u0644\u0623\u0642\u0644 \u062a\u0643\u0644\u0641\u0629 \u0627\u0644\u0630\u064a \u0646\u0642\u062f\u0645\u0647)\u060c \u062f\u0648\u0646 \u062a\u0623\u062e\u064a\u0631 \u0644\u0627 \u0645\u0628\u0631\u0631 \u0644\u0647 \u0648\u0641\u064a \u0623\u064a \u062d\u0627\u0644 \u0645\u0646 \u0627\u0644\u0623\u062d\u0648\u0627\u0644 \u0641\u064a \u0645\u0648\u0639\u062f \u0644\u0627 \u064a\u062a\u062c\u0627\u0648\u0632 14 \u064a\u0648\u0645\u064b\u0627 \u0645\u0646 \u0627\u0644\u064a\u0648\u0645 \u0627\u0644\u0630\u064a \u062a\u0645 \u0625\u0628\u0644\u0627\u063a\u0646\u0627 \u0641\u064a\u0647 \u0628\u0642\u0631\u0627\u0631 \u0627\u0646\u0633\u062d\u0627\u0628\u0643 \u0645\u0646 \u0647\u0630\u0627 \u0627\u0644\u0639\u0642\u062f.<\/p><p>\u0628\u0627\u0644\u0646\u0633\u0628\u0629 \u0644\u0647\u0630\u0627 \u0627\u0644\u0633\u062f\u0627\u062f\u060c \u0633\u0646\u0633\u062a\u062e\u062f\u0645 \u0646\u0641\u0633 \u0648\u0633\u0627\u0626\u0644 \u0627\u0644\u062f\u0641\u0639 \u0627\u0644\u062a\u064a \u0627\u0633\u062a\u062e\u062f\u0645\u062a\u0647\u0627 \u0641\u064a \u0627\u0644\u0645\u0639\u0627\u0645\u0644\u0629 \u0627\u0644\u0623\u0635\u0644\u064a\u0629\u060c \u0645\u0627 \u0644\u0645 \u064a\u062a\u0645 \u0627\u0644\u0627\u062a\u0641\u0627\u0642 \u0645\u0639\u0643 \u0635\u0631\u0627\u062d\u0629\u064b \u0639\u0644\u0649 \u062e\u0644\u0627\u0641 \u0630\u0644\u0643\u061b \u0648\u0644\u0646 \u064a\u062a\u0645 \u0628\u0623\u064a \u062d\u0627\u0644 \u0645\u0646 \u0627\u0644\u0623\u062d\u0648\u0627\u0644 \u062a\u062d\u0635\u064a\u0644 \u0623\u064a \u0631\u0633\u0648\u0645 \u0645\u0646\u0643 \u0645\u0642\u0627\u0628\u0644 \u0647\u0630\u0627 \u0627\u0644\u0633\u062f\u0627\u062f. \u064a\u062c\u0648\u0632 \u0644\u0646\u0627 \u0627\u0644\u0627\u0645\u062a\u0646\u0627\u0639 \u0639\u0646 \u0627\u0644\u0633\u062f\u0627\u062f \u062d\u062a\u0649 \u0646\u0633\u062a\u0644\u0645 \u0627\u0644\u0628\u0636\u0627\u0639\u0629 \u0623\u0648 \u062d\u062a\u0649 \u062a\u0642\u062f\u0645 \u062f\u0644\u064a\u0644\u0627\u064b \u0639\u0644\u0649 \u0625\u0639\u0627\u062f\u0629 \u0627\u0644\u0628\u0636\u0627\u0639\u0629\u060c \u0623\u064a\u0647\u0645\u0627 \u0623\u0642\u0631\u0628. \u064a\u062c\u0628 \u0639\u0644\u064a\u0643 \u0625\u0639\u0627\u062f\u0629 \u0627\u0644\u0628\u0636\u0627\u0626\u0639 \u0623\u0648 \u062a\u0633\u0644\u064a\u0645\u0647\u0627 \u0625\u0644\u064a\u0646\u0627 \u0639\u0644\u0649 \u0627\u0644\u0641\u0648\u0631 \u0648\u0641\u064a \u0623\u064a \u062d\u0627\u0644 \u0641\u064a \u0645\u0648\u0639\u062f \u0644\u0627 \u064a\u062a\u062c\u0627\u0648\u0632 \u0623\u0631\u0628\u0639\u0629 \u0639\u0634\u0631 \u064a\u0648\u0645\u064b\u0627 \u0645\u0646 \u0627\u0644\u064a\u0648\u0645 \u0627\u0644\u0630\u064a \u062a\u0628\u0644\u063a\u0646\u0627 \u0641\u064a\u0647 \u0628\u0625\u0644\u063a\u0627\u0621 \u0647\u0630\u0627 \u0627\u0644\u0639\u0642\u062f.<\/p><p>\u064a\u062a\u0645 \u0627\u0644\u0648\u0641\u0627\u0621 \u0628\u0627\u0644\u0645\u0648\u0639\u062f \u0627\u0644\u0646\u0647\u0627\u0626\u064a \u0625\u0630\u0627 \u0642\u0645\u062a \u0628\u0625\u0631\u0633\u0627\u0644 \u0627\u0644\u0628\u0636\u0627\u0639\u0629 \u0642\u0628\u0644 \u0627\u0646\u0642\u0636\u0627\u0621 \u0641\u062a\u0631\u0629 \u0627\u0644\u0623\u0631\u0628\u0639\u0629 \u0639\u0634\u0631 \u064a\u0648\u0645\u064b\u0627. \u062a\u062a\u062d\u0645\u0644 \u0623\u0646\u062a \u0627\u0644\u062a\u0643\u0627\u0644\u064a\u0641 \u0627\u0644\u0645\u0628\u0627\u0634\u0631\u0629 \u0644\u0625\u0639\u0627\u062f\u0629 \u0627\u0644\u0628\u0636\u0627\u0639\u0629. \u0644\u0627 \u064a\u062a\u0639\u064a\u0646 \u0639\u0644\u064a\u0643 \u062f\u0641\u0639 \u0623\u064a \u062e\u0633\u0627\u0631\u0629 \u0641\u064a \u0642\u064a\u0645\u0629 \u0627\u0644\u0628\u0636\u0627\u0639\u0629 \u0625\u0644\u0627 \u0625\u0630\u0627 \u0643\u0627\u0646\u062a \u0647\u0630\u0647 \u0627\u0644\u062e\u0633\u0627\u0631\u0629 \u0641\u064a \u0627\u0644\u0642\u064a\u0645\u0629 \u0646\u0627\u062a\u062c\u0629 \u0639\u0646 \u0645\u0646\u0627\u0648\u0644\u0629 \u0627\u0644\u0628\u0636\u0627\u0639\u0629 \u063a\u064a\u0631 \u0627\u0644\u0636\u0631\u0648\u0631\u064a\u0629 \u0644\u0644\u062a\u062d\u0642\u0642 \u0645\u0646 \u062d\u0627\u0644\u062a\u0647\u0627 \u0648\u062e\u0635\u0627\u0626\u0635\u0647\u0627 \u0648\u0648\u0638\u0627\u0626\u0641\u0647\u0627.<\/p>\t\t\t\t\t\t\t\t<\/div>\n\t\t\t\t<\/div>\n\t\t\t\t<\/div>\n\t\t\t\t\t<\/div>\n\t\t\t\t<\/div>\n\t\t\t\t<\/div>","protected":false},"excerpt":{"rendered":"<p>Wie sehen die R\u00fcckgabebedingungen aus? Sie k\u00f6nnen Ihr Modell innerhalb von vierzehn Tagen ohne Angabe von Gr\u00fcnden zur\u00fcckgeben. Um unseren Service zu verbessern, bitten wir um Angaben, warum Sie vom Kauf zur\u00fccktreten m\u00f6chten. Die Kosten f\u00fcr die R\u00fccksendung des Modells m\u00fcssen Sie tragen. Wir empfehlen einen versicherten Versand. Sobald das Modell und die Verpackung bei [&hellip;]<\/p>\n","protected":false},"author":1,"featured_media":61004,"parent":0,"menu_order":0,"comment_status":"closed","ping_status":"closed","template":"","meta":{"_acf_changed":false,"footnotes":""},"class_list":["post-61230","page","type-page","status-publish","has-post-thumbnail","hentry"],"acf":[],"jetpack_sharing_enabled":true,"_links":{"self":[{"href":"https:\/\/www.modelcars24.de\/ar\/wp-json\/wp\/v2\/pages\/61230","targetHints":{"allow":["GET"]}}],"collection":[{"href":"https:\/\/www.modelcars24.de\/ar\/wp-json\/wp\/v2\/pages"}],"about":[{"href":"https:\/\/www.modelcars24.de\/ar\/wp-json\/wp\/v2\/types\/page"}],"author":[{"embeddable":true,"href":"https:\/\/www.modelcars24.de\/ar\/wp-json\/wp\/v2\/users\/1"}],"replies":[{"embeddable":true,"href":"https:\/\/www.modelcars24.de\/ar\/wp-json\/wp\/v2\/comments?post=61230"}],"version-history":[{"count":4,"href":"https:\/\/www.modelcars24.de\/ar\/wp-json\/wp\/v2\/pages\/61230\/revisions"}],"predecessor-version":[{"id":61234,"href":"https:\/\/www.modelcars24.de\/ar\/wp-json\/wp\/v2\/pages\/61230\/revisions\/61234"}],"wp:featuredmedia":[{"embeddable":true,"href":"https:\/\/www.modelcars24.de\/ar\/wp-json\/wp\/v2\/media\/61004"}],"wp:attachment":[{"href":"https:\/\/www.modelcars24.de\/ar\/wp-json\/wp\/v2\/media?parent=61230"}],"curies":[{"name":"\u062f\u0628\u0644\u064a\u0648 \u0628\u064a","href":"https:\/\/api.w.org\/{rel}","templated":true}]}}