{"id":17102,"date":"2024-01-01T00:00:00","date_gmt":"2023-12-31T23:00:00","guid":{"rendered":"http:\/\/www.mondo-legno.com\/?post_type=product&#038;p=17102"},"modified":"2026-01-09T11:05:07","modified_gmt":"2026-01-09T10:05:07","slug":"%d8%ad%d8%a7%d9%81%d8%b8%d8%a9-%d8%b9%d8%b1%d8%b6-%d8%a3%d8%aa%d9%84%d8%a7%d9%86%d8%aa%d9%8a%d9%83-%d9%85%d9%88%d9%84%d9%88%d8%b2-%d8%a8%d9%85%d9%82%d9%8a%d8%a7%d8%b3-18-%d9%85%d8%b9-6","status":"publish","type":"product","link":"https:\/\/www.modelcars24.de\/ar\/atlantic-mulhouse-1-8-scale-display-case-with-6\/","title":{"rendered":"\u062d\u0642\u064a\u0628\u0629 \u0639\u0631\u0636 \u0623\u062a\u0644\u0627\u0646\u062a\u064a\u0643 \u0645\u0648\u0644\u0647\u0627\u0648\u0633 \u0628\u0645\u0642\u064a\u0627\u0633 1\/8 \u0645\u0639 \u0642\u0627\u0639\u062f\u0629 \u062c\u0644\u062f\u064a\u0629 \u0623\u0632\u0631\u0642 \u063a\u0627\u0645\u0642 - 1\/8"},"content":{"rendered":"<p> \u0639\u0644\u0628\u0629 \u0639\u0631\u0636 \u0645\u0635\u0646\u0648\u0639\u0629 \u064a\u062f\u0648\u064a\u0627\u064b \u0645\u0646 \u0627\u0644\u0623\u0643\u0631\u064a\u0644\u064a\u0643 \u0627\u0644\u0645\u0642\u0627\u0648\u0645 \u0644\u0644\u062e\u062f\u0634 \u0628\u0645\u0642\u064a\u0627\u0633 1:8 \u0648\u0642\u0627\u0639\u062f\u0629 \u062c\u0644\u062f\u064a\u0629 \u0645\u0635\u0646\u0648\u0639\u0629 \u064a\u062f\u0648\u064a\u0627\u064b. \u062a\u062d\u0645\u064a \u0645\u062c\u0633\u0645\u0627\u062a\u0643 \u0648\u0645\u0646\u062a\u062c\u0627\u062a\u0643 \u0627\u0644\u062b\u0645\u064a\u0646\u0629 \u0627\u0644\u0623\u062e\u0631\u0649 \u0645\u0646 \u0627\u0644\u063a\u0628\u0627\u0631 \u0648\u0627\u0644\u0623\u0634\u0639\u0629 \u0641\u0648\u0642 \u0627\u0644\u0628\u0646\u0641\u0633\u062c\u064a\u0629 \u0645\u0646 \u0627\u0644\u0634\u0645\u0633 \u0648\u0627\u0644\u0636\u0631\u0628\u0627\u062a \u0648\u062a\u0648\u0641\u0631 \u0644\u0643 \u0645\u0638\u0647\u0631\u064b\u0627 \u0631\u0627\u0626\u0639\u064b\u0627. \u0627\u0644\u0623\u0628\u0639\u0627\u062f: 650 \u00d7 310 \u00d7 310 \u00d7 210 \u0645\u0645. \u0627\u0644\u0633\u0645\u0627\u0643\u0629 3.8 \u0645\u0645.<br \/>\u0631\u0642\u0645 \u0627\u0644\u0645\u0627\u062f\u0629: 10206<\/p>","protected":false},"excerpt":{"rendered":"<p>\u0623\u0637\u0644\u0627\u0646\u062a\u064a\u0643 \u0645\u0648\u0644\u0648\u0632 \u0637\u0631\u0627\u0632 \u0633\u064a\u0627\u0631\u0629 \u0628\u0645\u0642\u064a\u0627\u0633 1\/8\u060c 10206\u060c \u0645\u0642\u064a\u0627\u0633 1:8 \u0645\u062a\u0648\u0641\u0631 \u0639\u0644\u0649 www.modelcars24.de<\/p>","protected":false},"featured_media":17103,"comment_status":"open","ping_status":"closed","template":"","meta":[],"product_brand":[837],"product_cat":[432,21],"product_tag":[433,202],"class_list":{"0":"post-17102","1":"product","2":"type-product","3":"status-publish","4":"has-post-thumbnail","6":"product_brand-atlantic","7":"product_cat-atlantic","8":"product_cat-verfuegbar","9":"product_tag-atlantic","10":"product_tag-verfuegbar","11":"pa_decade-2020s","12":"pa_fahrzeugtyp-vitrine","13":"pa_limitiert-nein","14":"pa_massstab-1-8","15":"pa_modelmarke-atlantic","16":"pa_modeltyp-vitrine","17":"pa_status-beim-hersteller-verfuegbar","18":"pa_verfuegbarkeit-5-tage-lieferzeit","19":"pa_zustand_modell-1-brandneu","20":"pa_zustand_verpackung-1-brandneu","22":"first","23":"instock","24":"taxable","25":"shipping-taxable","26":"purchasable","27":"product-type-simple"},"jetpack_sharing_enabled":true,"_links":{"self":[{"href":"https:\/\/www.modelcars24.de\/ar\/wp-json\/wp\/v2\/product\/17102","targetHints":{"allow":["GET"]}}],"collection":[{"href":"https:\/\/www.modelcars24.de\/ar\/wp-json\/wp\/v2\/product"}],"about":[{"href":"https:\/\/www.modelcars24.de\/ar\/wp-json\/wp\/v2\/types\/product"}],"replies":[{"embeddable":true,"href":"https:\/\/www.modelcars24.de\/ar\/wp-json\/wp\/v2\/comments?post=17102"}],"version-history":[{"count":0,"href":"https:\/\/www.modelcars24.de\/ar\/wp-json\/wp\/v2\/product\/17102\/revisions"}],"wp:featuredmedia":[{"embeddable":true,"href":"https:\/\/www.modelcars24.de\/ar\/wp-json\/wp\/v2\/media\/17103"}],"wp:attachment":[{"href":"https:\/\/www.modelcars24.de\/ar\/wp-json\/wp\/v2\/media?parent=17102"}],"wp:term":[{"taxonomy":"product_brand","embeddable":true,"href":"https:\/\/www.modelcars24.de\/ar\/wp-json\/wp\/v2\/product_brand?post=17102"},{"taxonomy":"product_cat","embeddable":true,"href":"https:\/\/www.modelcars24.de\/ar\/wp-json\/wp\/v2\/product_cat?post=17102"},{"taxonomy":"product_tag","embeddable":true,"href":"https:\/\/www.modelcars24.de\/ar\/wp-json\/wp\/v2\/product_tag?post=17102"}],"curies":[{"name":"\u062f\u0628\u0644\u064a\u0648 \u0628\u064a","href":"https:\/\/api.w.org\/{rel}","templated":true}]}}