{"id":34296,"date":"2025-10-06T12:39:05","date_gmt":"2025-10-06T10:39:05","guid":{"rendered":"http:\/\/www.mondo-legno.com\/?post_type=product&#038;p=34296"},"modified":"2026-05-01T22:11:31","modified_gmt":"2026-05-01T20:11:31","slug":"%d8%a8%d9%88%d8%b4%d8%b1-%d9%84%d8%a7%d9%85%d8%a8%d9%88%d8%b1%d8%ba%d9%8a%d9%86%d9%8a-%d8%a3%d9%81%d9%8a%d9%86%d8%aa%d8%a7%d8%af%d9%88%d8%b1-%d9%85%d9%88%d8%af%d9%8a%d9%84-%d8%ae%d8%a7%d8%b5-%d9%85","status":"publish","type":"product","link":"https:\/\/www.modelcars24.de\/ar\/pocher-lamborghini-aventador-sondermodell-miura-homage\/","title":{"rendered":"\u0645\u0648\u062f\u064a\u0644cars24 \u0628\u0648\u0634\u064a\u0631 \u0644\u0627\u0645\u0628\u0648\u0631\u063a\u064a\u0646\u064a \u0623\u0641\u064a\u0646\u062a\u0627\u062f\u0648\u0631 \u0645\u0648\u062f\u064a\u0644 \u062e\u0627\u0635 \u0645\u064a\u0648\u0631\u0627 \u0647\u0648\u0645\u0627\u062c \u0637\u0642\u0645 1:8 - 1\/8"},"content":{"rendered":"<h1>\u0628\u0648\u0634\u0631 \u0644\u0627\u0645\u0628\u0648\u0631\u063a\u064a\u0646\u064a \u0623\u0641\u064a\u0646\u062a\u0627\u062f\u0648\u0631 \u0637\u0631\u0627\u0632 \u062e\u0627\u0635 \u0645\u064a\u0648\u0631\u0627 \u0647\u0648\u0645\u0627\u062c \u0637\u0642\u0645 \u0644\u0627\u0645\u0628\u0648\u0631\u063a\u064a\u0646\u064a \u0623\u0641\u064a\u0646\u062a\u0627\u062f\u0648\u0631 \u0645\u064a\u0648\u0631\u0627 \u0647\u0648\u0645\u0627\u062c 1:8<\/h1>\n<p>Auf Basis des Pocher Lamborghini Aventador legen wir 10 Baus\u00e4tze im Stil des Miura Homage\u00a0 in der Farbkombination Rot\/Gold auf. Die Karosserie erh\u00e4lt von uns eine rote hochgl\u00e4nzende Lackierung. Auch die eingef\u00e4rbten Kunststoffteile des Pocher Bausatzes werden in rot lackiert. Zudem erh\u00e4lt die Karosserie eine matt goldene Unterpartie und passend lackierte Felgen. Die speziellen Embleme des Lamborghini Sondermodells, wie das Logo vor den Hinterr\u00e4dern, auf den Sitzen oder der T\u00fcrverkleidung liefern wir als Decals. Die Felgen und Reifen entsprechen ebenfalls dem Vorbild. Die Baus\u00e4tze werden mit einem Modellcars24 Zertifikat, einzeln nummeriert, geliefert. Auf Wunsch bauen wir Ihnen auch dieses Modell.<\/p>\n<p>\u062a\u0635\u0641 \u0644\u0627\u0645\u0628\u0648\u0631\u063a\u064a\u0646\u064a \u0647\u0630\u0627 \u0627\u0644\u0637\u0631\u0627\u0632 \u0627\u0644\u062e\u0627\u0635 \u0639\u0644\u0649 \u0635\u0641\u062d\u062a\u0647\u0627 \u0627\u0644\u0631\u0626\u064a\u0633\u064a\u0629 \u0639\u0644\u0649 \u0627\u0644\u0646\u062d\u0648 \u0627\u0644\u062a\u0627\u0644\u064a:<\/p>\n<div>\n<p>\u201e\u0644\u0642\u062f \u062a\u0645 \u0625\u0637\u0644\u0627\u0642 \u0625\u0635\u062f\u0627\u0631 \u062c\u062f\u064a\u062f \u062a\u0645\u0627\u0645\u0627\u064b \u0648\u063a\u064a\u0631 \u0645\u0633\u0628\u0648\u0642. \u0625\u0635\u062f\u0627\u0631 \u062e\u0627\u0635 \u0645\u0646 \u0633\u064a\u0627\u0631\u0629 \u0623\u0641\u064a\u0646\u062a\u0627\u062f\u0648\u0631 \u0643\u0648\u0628\u064a\u0647 \u0644\u0644\u0627\u062d\u062a\u0641\u0627\u0644 \u0628\u0627\u0644\u0630\u0643\u0631\u0649 \u0627\u0644\u062e\u0645\u0633\u064a\u0646 \u0644\u0633\u064a\u0627\u0631\u0629 \u0645\u064a\u0648\u0631\u0627\u060c \u0627\u0644\u0631\u0627\u0626\u062f\u0629 \u062a\u0627\u0631\u064a\u062e\u064a\u0627\u064b \u0628\u064a\u0646 \u0633\u064a\u0627\u0631\u0627\u062a \u0644\u0627\u0645\u0628\u0648\u0631\u063a\u064a\u0646\u064a \u0627\u0644\u0631\u064a\u0627\u0636\u064a\u0629 \u0627\u0644\u062e\u0627\u0631\u0642\u0629 V12\u060c \u0644\u062a\u0643\u0631\u064a\u0645\u0647\u0627 \u0628\u062a\u0635\u0645\u064a\u0645 \u064a\u062c\u0645\u0639 \u0628\u064a\u0646 \u0627\u0644\u062a\u0627\u0631\u064a\u062e \u0648\u0627\u0644\u0623\u0646\u0627\u0642\u0629. \u0648\u062a\u064f\u0639\u062f\u0651 \u0633\u064a\u0627\u0631\u0629 \u0623\u0641\u064a\u0646\u062a\u0627\u062f\u0648\u0631 \u0645\u064a\u0648\u0631\u0627 \u0647\u0648\u0645\u0627\u062c\u060c \u0627\u0644\u062a\u064a \u062a\u0645 \u0625\u0646\u062a\u0627\u062c 50 \u0633\u064a\u0627\u0631\u0629 \u0645\u0646\u0647\u0627 \u0641\u0642\u0637\u060c \u062f\u0644\u064a\u0644\u0627\u064b \u0639\u0644\u0649 \u0623\u0646 \u0623\u0648\u062a\u0648\u0645\u0648\u0628\u064a\u0644\u064a \u0644\u0627\u0645\u0628\u0648\u0631\u063a\u064a\u0646\u064a \u062a\u062a\u0637\u0644\u0639 \u062f\u0627\u0626\u0645\u0627\u064b \u0625\u0644\u0649 \u0627\u0644\u0645\u0633\u062a\u0642\u0628\u0644 \u062f\u0648\u0646 \u0623\u0646 \u062a\u0646\u0633\u0649 \u062c\u0630\u0648\u0631\u0647\u0627.<\/p>\n<\/div>\n<p>\u062a\u0645 \u062a\u0635\u0645\u064a\u0645 \u0623\u0641\u064a\u0646\u062a\u0627\u062f\u0648\u0631 \u0645\u064a\u0648\u0631\u0627 \u0647\u0648\u0645\u0627\u062c \u0645\u0646 \u0642\u0628\u0644 Ad Personam Studio Lamborghini \u0648\u0627\u0633\u062a\u0648\u062d\u064a\u062a \u0645\u0646 \u0633\u064a\u0627\u0631\u0629 \u0645\u064a\u0648\u0631\u0627 \u062d\u062a\u0649 \u0623\u062f\u0642 \u0627\u0644\u062a\u0641\u0627\u0635\u064a\u0644: \u064a\u062a\u0628\u0627\u064a\u0646 \u0627\u0644\u0642\u0633\u0645 \u0627\u0644\u0639\u0644\u0648\u064a \u0623\u062d\u0627\u062f\u064a \u0627\u0644\u0644\u0648\u0646 \u0645\u0646 \u0627\u0644\u0647\u064a\u0643\u0644 (\u0645\u062a\u0648\u0641\u0631 \u0628\u0640 18 \u0644\u0648\u0646\u0627\u064b \u062a\u0642\u0644\u064a\u062f\u064a\u0627\u064b \u0645\u0646 \u0623\u0644\u0648\u0627\u0646 \u0645\u064a\u0648\u0631\u0627) \u0628\u0634\u0643\u0644 \u062c\u0645\u0627\u0644\u064a \u0645\u0639 \u0627\u0644\u0642\u0633\u0645 \u0627\u0644\u0633\u0641\u0644\u064a \u0628\u0627\u0644\u0644\u0648\u0646 \u0627\u0644\u0630\u0647\u0628\u064a \u063a\u064a\u0631 \u0627\u0644\u0644\u0627\u0645\u0639 \u0623\u0648 \u0627\u0644\u0641\u0636\u064a \u063a\u064a\u0631 \u0627\u0644\u0644\u0627\u0645\u0639. \u0648\u064a\u0639\u0643\u0633 \u0634\u0639\u0627\u0631 \u0645\u064a\u0648\u0631\u0627 \u0627\u0644\u0645\u0635\u0646\u0648\u0639 \u0645\u0646 \u0627\u0644\u0641\u0648\u0644\u0627\u0630 \u0627\u0644\u0623\u0633\u0648\u062f \u0639\u0644\u0649 \u0627\u0644\u062c\u0627\u0646\u0628\u060c \u0648\u0634\u0639\u0627\u0631 \u0627\u0644\u0625\u0635\u062f\u0627\u0631 \u0627\u0644\u0645\u062d\u062f\u0648\u062f \u0641\u064a \u0627\u0644\u0645\u0642\u0635\u0648\u0631\u0629 \u0627\u0644\u062f\u0627\u062e\u0644\u064a\u0629 \u0644\u0644\u0633\u064a\u0627\u0631\u0629 \u0648\u0634\u0639\u0627\u0631 \u201e\u0645\u064a\u0648\u0631\u0627 50\u00b0\u201c \u0627\u0644\u0645\u062e\u064a\u0637 \u0639\u0644\u0649 \u0627\u0644\u062c\u0632\u0621 \u0627\u0644\u0639\u0644\u0648\u064a \u0645\u0646 \u0627\u0644\u0645\u0642\u0627\u0639\u062f \u0628\u0634\u0643\u0644 \u0644\u0627 \u0644\u0628\u0633 \u0641\u064a\u0647 \u0627\u0644\u0637\u0627\u0628\u0639 \u0627\u0644\u062d\u0635\u0631\u064a \u0644\u0633\u064a\u0627\u0631\u0629 \u0623\u0641\u064a\u0646\u062a\u0627\u062f\u0648\u0631 \u0645\u064a\u0648\u0631\u0627 \u0647\u0648\u0645\u0627\u062c.\u201c<\/p>\n<p>\u0627\u0644\u0623\u0628\u0639\u0627\u062f (\u0645\u0644\u0645): 595 \u00d7 287 \u00d7 144<\/p>\n<p>\u0627\u0644\u0644\u0648\u0646: \u0623\u062d\u0645\u0631\/\u0630\u0647\u0628\u064a<\/p>\n<p><span style=\"font-size: 16px;\">.<\/span><strong>\u064a\u0645\u0643\u0646\u0646\u0627 \u0628\u0646\u0627\u0621 \u0627\u0644\u0646\u0645\u0648\u0630\u062c \u0644\u0643 \u0639\u0646\u062f \u0627\u0644\u0637\u0644\u0628.<\/strong><\/p>\n<p>\u0631\u0642\u0645 \u0627\u0644\u0635\u0646\u0641: Mcars1-HK119F<\/p>","protected":false},"excerpt":{"rendered":"<p>1-brandneu &#8211; 1695,00 \u20ac inkl. 19% Vat<\/p>","protected":false},"featured_media":55272,"comment_status":"open","ping_status":"closed","template":"","meta":{"_acf_changed":false},"product_brand":[841,895],"product_cat":[300,229,451,21],"product_tag":[393,265,394],"class_list":{"0":"post-34296","1":"product","2":"type-product","3":"status-publish","4":"has-post-thumbnail","6":"product_brand-modelcars24","7":"product_brand-pocher","8":"product_cat-lamborghini","9":"product_cat-modelcars24","10":"product_cat-pocher","11":"product_cat-verfuegbar","12":"product_tag-gt-spirit","13":"product_tag-porsche","14":"product_tag-sofort-verfuegbar","15":"pa_automarke-pocher","16":"pa_decade-2010s","17":"pa_fahrzeugtyp-coupe","18":"pa_farbe-gelb","19":"pa_limitiert-ja","20":"pa_massstab-1-8","21":"pa_modelmarke-modelcars24","22":"pa_modelmarke-pocher","23":"pa_modeltyp-alles-zum-oeffnen","24":"pa_modeltyp-bausatz","25":"pa_status-beim-hersteller-verfuegbar","26":"pa_verfuegbarkeit-sofort-verfuegbar","27":"pa_zustand_modell-1-brandneu","28":"pa_zustand_verpackung-1-brandneu","30":"first","31":"instock","32":"taxable","33":"shipping-taxable","34":"purchasable","35":"product-type-simple"},"acf":[],"jetpack_sharing_enabled":true,"_links":{"self":[{"href":"https:\/\/www.modelcars24.de\/ar\/wp-json\/wp\/v2\/product\/34296","targetHints":{"allow":["GET"]}}],"collection":[{"href":"https:\/\/www.modelcars24.de\/ar\/wp-json\/wp\/v2\/product"}],"about":[{"href":"https:\/\/www.modelcars24.de\/ar\/wp-json\/wp\/v2\/types\/product"}],"replies":[{"embeddable":true,"href":"https:\/\/www.modelcars24.de\/ar\/wp-json\/wp\/v2\/comments?post=34296"}],"version-history":[{"count":6,"href":"https:\/\/www.modelcars24.de\/ar\/wp-json\/wp\/v2\/product\/34296\/revisions"}],"predecessor-version":[{"id":63953,"href":"https:\/\/www.modelcars24.de\/ar\/wp-json\/wp\/v2\/product\/34296\/revisions\/63953"}],"wp:featuredmedia":[{"embeddable":true,"href":"https:\/\/www.modelcars24.de\/ar\/wp-json\/wp\/v2\/media\/55272"}],"wp:attachment":[{"href":"https:\/\/www.modelcars24.de\/ar\/wp-json\/wp\/v2\/media?parent=34296"}],"wp:term":[{"taxonomy":"product_brand","embeddable":true,"href":"https:\/\/www.modelcars24.de\/ar\/wp-json\/wp\/v2\/product_brand?post=34296"},{"taxonomy":"product_cat","embeddable":true,"href":"https:\/\/www.modelcars24.de\/ar\/wp-json\/wp\/v2\/product_cat?post=34296"},{"taxonomy":"product_tag","embeddable":true,"href":"https:\/\/www.modelcars24.de\/ar\/wp-json\/wp\/v2\/product_tag?post=34296"}],"curies":[{"name":"\u062f\u0628\u0644\u064a\u0648 \u0628\u064a","href":"https:\/\/api.w.org\/{rel}","templated":true}]}}