{"id":63634,"date":"2026-04-22T13:50:46","date_gmt":"2026-04-22T11:50:46","guid":{"rendered":"https:\/\/www.modelcars24.de\/?post_type=product&#038;p=63634"},"modified":"2026-04-22T19:11:04","modified_gmt":"2026-04-22T17:11:04","slug":"ixo-bmw-m3-e30-macao-blau-modelcars24","status":"publish","type":"product","link":"https:\/\/www.modelcars24.de\/ar\/ixo-bmw-m3-e30-macao-blau-modelcars24\/","title":{"rendered":"IXO BMW M3 E30 Macao Blau modelcars24 exklusive Bausatz one of 300 &#8211; 1\/8"},"content":{"rendered":"<p>IXO BMW M3 E30 Bausatz Macao Blau &#8211; 1\/8. Hochwertiger Bausatz im Ma\u00dfstab 1:8. Komplettlieferung<\/p>\n<p>\u0625\u0646 \u0637\u0642\u0645 BMW M3 E30 BMW M3 E30 \u0645\u0646 IXO \u0628\u0645\u0642\u064a\u0627\u0633 1:8 \u0647\u0648 \u062d\u0644\u0645 \u064a\u062a\u062d\u0642\u0642 \u0644\u0645\u062d\u0628\u064a \u0623\u0633\u0637\u0648\u0631\u0629 \u0627\u0644\u0633\u064a\u0627\u0631\u0627\u062a \u0627\u0644\u0633\u064a\u0627\u062d\u064a\u0629. \u0627\u0644\u0637\u0631\u0627\u0632 \u0645\u0635\u0646\u0648\u0639 \u0645\u0646 \u0645\u0639\u062f\u0646 \u0645\u0635\u0628\u0648\u0628 \u0639\u0627\u0644\u064a \u0627\u0644\u062c\u0648\u062f\u0629\u060c \u0648\u064a\u062b\u064a\u0631 \u0627\u0644\u0625\u0639\u062c\u0627\u0628 \u0628\u0648\u0632\u0646\u0647 \u0627\u0644\u0645\u062b\u064a\u0631 \u0644\u0644\u0625\u0639\u062c\u0627\u0628 \u0648\u0645\u0633\u062a\u0648\u0649 \u0627\u0644\u062a\u0641\u0627\u0635\u064a\u0644 \u0627\u0644\u0639\u0627\u0644\u064a. \u0627\u0644\u0645\u064a\u0632\u0629 \u0627\u0644\u062e\u0627\u0635\u0629 \u0644\u0647\u0630\u0627 \u0627\u0644\u0637\u0642\u0645 \u0627\u0644\u0643\u0627\u0645\u0644 \u0647\u0648 \u0623\u0646\u0647 \u064a\u062a\u0645 \u062a\u062c\u0645\u064a\u0639\u0647 \u0628\u0627\u0633\u062a\u062e\u062f\u0627\u0645 \u0627\u0644\u0628\u0631\u0627\u063a\u064a \u0641\u0642\u0637 - \u0644\u0627 \u062d\u0627\u062c\u0629 \u0644\u0644\u063a\u0631\u0627\u0621\u060c \u0645\u0645\u0627 \u064a\u062c\u0639\u0644 \u0627\u0644\u062a\u062c\u0645\u064a\u0639 \u0646\u0638\u064a\u0641\u0627\u064b \u0648\u062e\u0627\u0644\u064a\u0627\u064b \u0645\u0646 \u0627\u0644\u0625\u062d\u0628\u0627\u0637.<\/p>\n<p>In klassischem Macao Blau lackiert, \u00fcberzeugt der M3 durch funktionale Details wie eine bewegliche Lenkung, zu \u00f6ffnende T\u00fcren und Hauben sowie eine originalgetreue Nachbildung des S14-Motors. Sogar die Scheinwerfer und Bremslichter sind meist verkabelt und voll funktionsf\u00e4hig. Ein monumentales Sammlerst\u00fcck, das die \u00c4ra der DTM direkt ins Wohnzimmer holt.<\/p>\n<p>Dieses Modell produziert IXO exklusiv f\u00fcr uns und ist auf nur 300 St\u00fcck limitiert.<\/p>\n<p>\u0648\u0638\u0627\u0626\u0641 \u062e\u0627\u0635\u0629:<\/p>\n<ul>\n<li>\u0646\u0633\u062e\u0629 \u0637\u0628\u0642 \u0627\u0644\u0623\u0635\u0644 \u0645\u0646 \u0633\u064a\u0627\u0631\u0629 BMW M3 e30 \u0627\u0644\u0645\u0645\u0627\u062b\u0644\u0629 \u062a\u0645\u0627\u0645\u0627\u064b \u0644\u0633\u064a\u0627\u0631\u0629 BMW M3 e30<\/li>\n<li>\u0645\u0642\u064a\u0627\u0633 \u0631\u0633\u0645 1:8 \u0644\u0644\u062d\u0635\u0648\u0644 \u0639\u0644\u0649 \u062d\u062c\u0645 \u0645\u062b\u064a\u0631 \u0644\u0644\u0625\u0639\u062c\u0627\u0628 \u0648\u062a\u0641\u0627\u0635\u064a\u0644 \u062f\u0642\u064a\u0642\u0629<\/li>\n<li>\u0623\u0643\u062b\u0631 \u0645\u0646 602 \u0642\u0637\u0639\u0629\u060c \u0627\u0644\u0643\u062b\u064a\u0631 \u0645\u0646\u0647\u0627 \u0645\u0635\u0646\u0648\u0639\u0629 \u0645\u0646 \u0627\u0644\u0645\u0639\u062f\u0646\u060c \u0644\u0644\u062d\u0635\u0648\u0644 \u0639\u0644\u0649 \u0628\u0646\u064a\u0629 \u0642\u0648\u064a\u0629 \u0648\u0648\u0627\u0642\u0639\u064a\u0629<\/li>\n<li>\u064a\u0645\u0643\u0646 \u0641\u062a\u062d \u0627\u0644\u0623\u0628\u0648\u0627\u0628 \u0648\u063a\u0637\u0627\u0621 \u0627\u0644\u0645\u062d\u0631\u0643 \u0648\u0635\u0646\u062f\u0648\u0642 \u0627\u0644\u0623\u0645\u062a\u0639\u0629 \u0644\u0627\u0633\u062a\u0643\u0634\u0627\u0641 \u0627\u0644\u062a\u0641\u0627\u0635\u064a\u0644 \u0627\u0644\u062f\u0627\u062e\u0644\u064a\u0629<\/li>\n<li>\u0627\u0644\u0645\u0635\u0627\u0628\u064a\u062d \u0627\u0644\u0623\u0645\u0627\u0645\u064a\u0629 \u0627\u0644\u0639\u0627\u0645\u0644\u0629 \u0627\u0644\u062a\u064a \u062a\u0636\u064a\u0621 \u0639\u0628\u0631 \u0644\u0648\u062d\u0629 \u0627\u0644\u0642\u064a\u0627\u062f\u0629<\/li>\n<li>\u0623\u0636\u0648\u0627\u0621 \u0627\u0644\u0645\u0643\u0627\u0628\u062d \u0627\u0644\u062a\u064a \u064a\u062a\u0645 \u062a\u0646\u0634\u064a\u0637\u0647\u0627 \u0639\u0646\u062f \u0627\u0644\u0636\u063a\u0637 \u0639\u0644\u0649 \u062f\u0648\u0627\u0633\u0629 \u0627\u0644\u0645\u0643\u0627\u0628\u062d<\/li>\n<li>\u062a\u0648\u062c\u064a\u0647 \u0648\u0638\u064a\u0641\u064a \u0644\u062a\u062c\u0631\u0628\u0629 \u062a\u0641\u0627\u0639\u0644\u064a\u0629<\/li>\n<li>\u062a\u0639\u0644\u064a\u0645\u0627\u062a \u062a\u062c\u0645\u064a\u0639 \u0645\u0641\u0635\u0644\u0629 \u0644\u062a\u062c\u0645\u064a\u0639 \u0628\u0633\u064a\u0637 \u0648\u062f\u0642\u064a\u0642<\/li>\n<li>\u0647\u062f\u064a\u0629 \u0644\u0627 \u062a\u064f\u0646\u0633\u0649<\/li>\n<\/ul>\n<p>Artikelnummer: IXC.BMW.R.BL<\/p>","protected":false},"excerpt":{"rendered":"<p>IXC.BMW.R.BL \u00a0&#8211; preorder 995,00 \u20ac inkl. 19% Vat<\/p>","protected":false},"featured_media":63702,"comment_status":"open","ping_status":"closed","template":"","meta":{"_acf_changed":false},"product_brand":[839],"product_cat":[279,969,193,417,262],"product_tag":[460,316,263],"class_list":{"0":"post-63634","1":"product","2":"type-product","3":"status-publish","4":"has-post-thumbnail","6":"product_brand-ixo","7":"product_cat-1-m","8":"product_cat-anzahlung3","9":"product_cat-bmw","10":"product_cat-ixo","11":"product_cat-vorbestellbar","12":"product_tag-ixo","13":"product_tag-mercedes","14":"product_tag-vorbestellbar","15":"product_shipping_class-sperrgut","16":"pa_automarke-bmw","17":"pa_decade-1980s","18":"pa_fahrzeugtyp-limousine","19":"pa_limitiert-nein","20":"pa_massstab-1-8","21":"pa_modelmarke-ixo","22":"pa_modeltyp-alles-zum-oeffnen","23":"pa_modeltyp-bausatz","24":"pa_status-beim-hersteller-verfuegbar","25":"pa_verfuegbarkeit-vorbestellbar","26":"pa_zustand_modell-1-brandneu","27":"pa_zustand_verpackung-1-brandneu","29":"first","30":"instock","31":"taxable","32":"shipping-taxable","33":"purchasable","34":"product-type-simple"},"acf":[],"jetpack_sharing_enabled":true,"_links":{"self":[{"href":"https:\/\/www.modelcars24.de\/ar\/wp-json\/wp\/v2\/product\/63634","targetHints":{"allow":["GET"]}}],"collection":[{"href":"https:\/\/www.modelcars24.de\/ar\/wp-json\/wp\/v2\/product"}],"about":[{"href":"https:\/\/www.modelcars24.de\/ar\/wp-json\/wp\/v2\/types\/product"}],"replies":[{"embeddable":true,"href":"https:\/\/www.modelcars24.de\/ar\/wp-json\/wp\/v2\/comments?post=63634"}],"version-history":[{"count":1,"href":"https:\/\/www.modelcars24.de\/ar\/wp-json\/wp\/v2\/product\/63634\/revisions"}],"predecessor-version":[{"id":63637,"href":"https:\/\/www.modelcars24.de\/ar\/wp-json\/wp\/v2\/product\/63634\/revisions\/63637"}],"wp:featuredmedia":[{"embeddable":true,"href":"https:\/\/www.modelcars24.de\/ar\/wp-json\/wp\/v2\/media\/63702"}],"wp:attachment":[{"href":"https:\/\/www.modelcars24.de\/ar\/wp-json\/wp\/v2\/media?parent=63634"}],"wp:term":[{"taxonomy":"product_brand","embeddable":true,"href":"https:\/\/www.modelcars24.de\/ar\/wp-json\/wp\/v2\/product_brand?post=63634"},{"taxonomy":"product_cat","embeddable":true,"href":"https:\/\/www.modelcars24.de\/ar\/wp-json\/wp\/v2\/product_cat?post=63634"},{"taxonomy":"product_tag","embeddable":true,"href":"https:\/\/www.modelcars24.de\/ar\/wp-json\/wp\/v2\/product_tag?post=63634"}],"curies":[{"name":"\u062f\u0628\u0644\u064a\u0648 \u0628\u064a","href":"https:\/\/api.w.org\/{rel}","templated":true}]}}