{"id":63903,"date":"2026-05-01T12:45:02","date_gmt":"2026-05-01T10:45:02","guid":{"rendered":"https:\/\/www.modelcars24.de\/?post_type=product&#038;p=63903"},"modified":"2026-05-01T13:19:05","modified_gmt":"2026-05-01T11:19:05","slug":"pocher-ferrari-f50-rosso-corsa-bausatz-18","status":"publish","type":"product","link":"https:\/\/www.modelcars24.de\/ar\/pocher-ferrari-f50-rosso-corsa-bausatz-18\/","title":{"rendered":"Pocher Ferrari F50 rosso corsa Bausatz 1:8"},"content":{"rendered":"<h1>Pocher Ferrari F50 rosso corsa Bausatz 1:8<\/h1>\n<p data-path-to-node=\"0\">\u0625\u0646 <b data-path-to-node=\"0\" data-index-in-node=\"4\">Ferrari F50<\/b> ist die Essenz der 90er-Jahre: roh, mechanisch und kompromisslos. Der neue <b data-path-to-node=\"0\" data-index-in-node=\"91\">Pocher-Bausatz im Ma\u00dfstab 1:8<\/b> bringt dieses Meisterwerk der Ingenieurskunst nun als High-End-Modell zu Ihnen nach Hause. Gefertigt aus hochwertigem Metalldruckguss (Die-Cast), besticht das Modell durch extreme Detailtreue und ist in den authentischen Farben <b data-path-to-node=\"0\" data-index-in-node=\"349\">Rosso Corsa<\/b> \u0648 <b data-path-to-node=\"0\" data-index-in-node=\"365\">Giallo Modena<\/b> erh\u00e4ltlich.<\/p>\n<p data-path-to-node=\"1\">Dank des abnehmbaren Dachs l\u00e4sst sich der F50 flexibel als Berlinetta oder Spider pr\u00e4sentieren. Mit \u00fcber <b data-path-to-node=\"1\" data-index-in-node=\"105\">688 pr\u00e4zise gefertigten Bauteilen<\/b> und einer gesch\u00e4tzten Bauzeit von mehr als 30 Stunden bietet das Set ein tiefgreifendes technisches Erlebnis. Jedes Detail, vom V12-Motor bis zum Interieur, verk\u00f6rpert die pure Ferrari-DNA. Ein monumentales Projekt f\u00fcr anspruchsvolle Modellbauer, das handwerkliche Pr\u00e4zision und automobile Leidenschaft auf h\u00f6chstem Niveau vereint.<\/p>\n<p data-path-to-node=\"1\">1 Satz Druckgussteile, 1 Satz Kunststoffspritzgussteile, 1 Satz Schrauben, Befestigungsmaterial, Federn und Teleskopstangen, 1 ge\u00e4tzte Metallplatte, 1 Decalbogen, 1 Metall-Pr\u00e4sentationsplakette, 1 gedrucktes Poster, 1 Bedienungsanleitung<\/p>\n<p>Artikelnummer: HK62<\/p>","protected":false},"excerpt":{"rendered":"<p>HK62 \u2013 1-brandneu \u2013 anstatt 1099,00, \u20ac jetzt 945,00 \u20ac inkl. 19% Vat<\/p>","protected":false},"featured_media":63918,"comment_status":"open","ping_status":"closed","template":"","meta":{"_acf_changed":false},"product_brand":[895],"product_cat":[279,63,451,262],"product_tag":[78,393,265,394],"class_list":{"0":"post-63903","1":"product","2":"type-product","3":"status-publish","4":"has-post-thumbnail","6":"product_brand-pocher","7":"product_cat-1-m","8":"product_cat-ferrari","9":"product_cat-pocher","10":"product_cat-vorbestellbar","11":"product_tag-angebot","12":"product_tag-gt-spirit","13":"product_tag-porsche","14":"product_tag-sofort-verfuegbar","15":"pa_automarke-pagani","16":"pa_decade-2020s","17":"pa_fahrzeugtyp-gt-rennen","18":"pa_farbe-weiss","19":"pa_limitiert-ja","20":"pa_massstab-1-8","21":"pa_modelmarke-pocher","22":"pa_modeltyp-alles-zum-oeffnen","23":"pa_modeltyp-bausatz","24":"pa_status-beim-hersteller-verfuegbar","25":"pa_verfuegbarkeit-vorbestellbar","26":"pa_zustand_modell-1-brandneu","27":"pa_zustand_verpackung-1-brandneu","29":"first","30":"instock","31":"sale","32":"taxable","33":"shipping-taxable","34":"purchasable","35":"product-type-simple"},"acf":[],"jetpack_sharing_enabled":true,"_links":{"self":[{"href":"https:\/\/www.modelcars24.de\/ar\/wp-json\/wp\/v2\/product\/63903","targetHints":{"allow":["GET"]}}],"collection":[{"href":"https:\/\/www.modelcars24.de\/ar\/wp-json\/wp\/v2\/product"}],"about":[{"href":"https:\/\/www.modelcars24.de\/ar\/wp-json\/wp\/v2\/types\/product"}],"replies":[{"embeddable":true,"href":"https:\/\/www.modelcars24.de\/ar\/wp-json\/wp\/v2\/comments?post=63903"}],"version-history":[{"count":1,"href":"https:\/\/www.modelcars24.de\/ar\/wp-json\/wp\/v2\/product\/63903\/revisions"}],"predecessor-version":[{"id":63904,"href":"https:\/\/www.modelcars24.de\/ar\/wp-json\/wp\/v2\/product\/63903\/revisions\/63904"}],"wp:featuredmedia":[{"embeddable":true,"href":"https:\/\/www.modelcars24.de\/ar\/wp-json\/wp\/v2\/media\/63918"}],"wp:attachment":[{"href":"https:\/\/www.modelcars24.de\/ar\/wp-json\/wp\/v2\/media?parent=63903"}],"wp:term":[{"taxonomy":"product_brand","embeddable":true,"href":"https:\/\/www.modelcars24.de\/ar\/wp-json\/wp\/v2\/product_brand?post=63903"},{"taxonomy":"product_cat","embeddable":true,"href":"https:\/\/www.modelcars24.de\/ar\/wp-json\/wp\/v2\/product_cat?post=63903"},{"taxonomy":"product_tag","embeddable":true,"href":"https:\/\/www.modelcars24.de\/ar\/wp-json\/wp\/v2\/product_tag?post=63903"}],"curies":[{"name":"\u062f\u0628\u0644\u064a\u0648 \u0628\u064a","href":"https:\/\/api.w.org\/{rel}","templated":true}]}}