{"id":61230,"date":"2026-02-23T12:57:58","date_gmt":"2026-02-23T11:57:58","guid":{"rendered":"https:\/\/www.modelcars24.de\/?page_id=61230"},"modified":"2026-02-23T13:04:19","modified_gmt":"2026-02-23T12:04:19","slug":"guideline-for-refunds-and-returns","status":"publish","type":"page","link":"https:\/\/www.modelcars24.de\/en\/richtlinie-fuer-rueckerstattungen-und-rueckgaben\/","title":{"rendered":"Policy for refunds and returns"},"content":{"rendered":"<div data-elementor-type=\"wp-page\" data-elementor-id=\"61230\" class=\"elementor elementor-61230\" data-elementor-post-type=\"page\">\n\t\t\t\t<div class=\"elementor-element elementor-element-3d73903 e-flex e-con-boxed e-con e-parent\" data-id=\"3d73903\" data-element_type=\"container\" data-e-type=\"container\">\n\t\t\t\t\t<div class=\"e-con-inner\">\n\t\t<div class=\"elementor-element elementor-element-691e7eb e-con-full e-flex e-con e-child\" data-id=\"691e7eb\" data-element_type=\"container\" data-e-type=\"container\">\n\t\t\t\t<div class=\"elementor-element elementor-element-f9b7f15 elementor-widget elementor-widget-heading\" data-id=\"f9b7f15\" data-element_type=\"widget\" data-e-type=\"widget\" data-widget_type=\"heading.default\">\n\t\t\t\t<div class=\"elementor-widget-container\">\n\t\t\t\t\t<h2 class=\"elementor-heading-title elementor-size-default\">What are the return conditions?<\/h2>\t\t\t\t<\/div>\n\t\t\t\t<\/div>\n\t\t\t\t<div class=\"elementor-element elementor-element-3bede3a elementor-widget elementor-widget-image\" data-id=\"3bede3a\" data-element_type=\"widget\" data-e-type=\"widget\" data-widget_type=\"image.default\">\n\t\t\t\t<div class=\"elementor-widget-container\">\n\t\t\t\t\t\t\t\t\t\t\t\t\t\t\t<img fetchpriority=\"high\" decoding=\"async\" width=\"800\" height=\"600\" src=\"https:\/\/www.modelcars24.de\/wp-content\/uploads\/2026\/02\/IMG_8117-1024x768.jpeg\" class=\"attachment-large size-large wp-image-61004\" alt=\"\" srcset=\"https:\/\/www.modelcars24.de\/wp-content\/uploads\/2026\/02\/IMG_8117-1024x768.jpeg 1024w, https:\/\/www.modelcars24.de\/wp-content\/uploads\/2026\/02\/IMG_8117-300x225.jpeg 300w, https:\/\/www.modelcars24.de\/wp-content\/uploads\/2026\/02\/IMG_8117-768x576.jpeg 768w, https:\/\/www.modelcars24.de\/wp-content\/uploads\/2026\/02\/IMG_8117-1536x1152.jpeg 1536w, https:\/\/www.modelcars24.de\/wp-content\/uploads\/2026\/02\/IMG_8117-16x12.jpeg 16w, https:\/\/www.modelcars24.de\/wp-content\/uploads\/2026\/02\/IMG_8117-600x450.jpeg 600w, https:\/\/www.modelcars24.de\/wp-content\/uploads\/2026\/02\/IMG_8117.jpeg 2016w\" sizes=\"(max-width: 800px) 100vw, 800px\" \/>\t\t\t\t\t\t\t\t\t\t\t\t\t\t\t<\/div>\n\t\t\t\t<\/div>\n\t\t\t\t<\/div>\n\t\t<div class=\"elementor-element elementor-element-dbd16ea e-con-full e-flex e-con e-child\" data-id=\"dbd16ea\" data-element_type=\"container\" data-e-type=\"container\">\n\t\t\t\t<div class=\"elementor-element elementor-element-e574988 elementor-widget elementor-widget-text-editor\" data-id=\"e574988\" data-element_type=\"widget\" data-e-type=\"widget\" data-widget_type=\"text-editor.default\">\n\t\t\t\t<div class=\"elementor-widget-container\">\n\t\t\t\t\t\t\t\t\t<p>You can return your model within fourteen days without giving any reason. In order to improve our service, we ask you to state why you wish to cancel your purchase. You must bear the cost of returning the model. We recommend insured shipping.<\/p><p>As soon as we receive the model and packaging and the condition is the same as on dispatch, we will send you your money immediately.\u00a0<\/p>\t\t\t\t\t\t\t\t<\/div>\n\t\t\t\t<\/div>\n\t\t\t\t<\/div>\n\t\t\t\t\t<\/div>\n\t\t\t\t<\/div>\n\t\t<div class=\"elementor-element elementor-element-99f8beb e-flex e-con-boxed e-con e-parent\" data-id=\"99f8beb\" data-element_type=\"container\" data-e-type=\"container\">\n\t\t\t\t\t<div class=\"e-con-inner\">\n\t\t<div class=\"elementor-element elementor-element-4413272 e-con-full e-flex e-con e-child\" data-id=\"4413272\" data-element_type=\"container\" data-e-type=\"container\">\n\t\t\t\t<div class=\"elementor-element elementor-element-5fe5ba4 elementor-widget elementor-widget-heading\" data-id=\"5fe5ba4\" data-element_type=\"widget\" data-e-type=\"widget\" data-widget_type=\"heading.default\">\n\t\t\t\t<div class=\"elementor-widget-container\">\n\t\t\t\t\t<h2 class=\"elementor-heading-title elementor-size-default\">Redemption and refund<\/h2>\t\t\t\t<\/div>\n\t\t\t\t<\/div>\n\t\t\t\t<\/div>\n\t\t<div class=\"elementor-element elementor-element-8939d23 e-con-full e-flex e-con e-child\" data-id=\"8939d23\" data-element_type=\"container\" data-e-type=\"container\">\n\t\t\t\t<div class=\"elementor-element elementor-element-b88ec5f elementor-widget elementor-widget-text-editor\" data-id=\"b88ec5f\" data-element_type=\"widget\" data-e-type=\"widget\" data-widget_type=\"text-editor.default\">\n\t\t\t\t<div class=\"elementor-widget-container\">\n\t\t\t\t\t\t\t\t\t<p>You have the right to cancel this contract within fourteen days without giving any reason. The cancellation period is fourteen days from the day on which you or a third party named by you, who is not the carrier, have taken possession of the goods.<\/p><p>To exercise your right of cancellation, you must contact us,<\/p><p>Dr Klaus Jeschke, Modelcars24, Ant Flintenkamp 8, D-26632 Ihlow,<\/p><p>by means of a clear statement (e.g. a letter sent by post, fax or e-mail) of your decision to cancel this contract. To meet the cancellation deadline, it is sufficient for you to send your notification of exercising your right of cancellation before the cancellation period has expired.<\/p>\t\t\t\t\t\t\t\t<\/div>\n\t\t\t\t<\/div>\n\t\t\t\t<\/div>\n\t\t\t\t\t<\/div>\n\t\t\t\t<\/div>\n\t\t<div class=\"elementor-element elementor-element-84bc9f0 e-flex e-con-boxed e-con e-parent\" data-id=\"84bc9f0\" data-element_type=\"container\" data-e-type=\"container\">\n\t\t\t\t\t<div class=\"e-con-inner\">\n\t\t<div class=\"elementor-element elementor-element-55ae58e e-con-full e-flex e-con e-child\" data-id=\"55ae58e\" data-element_type=\"container\" data-e-type=\"container\">\n\t\t\t\t<div class=\"elementor-element elementor-element-182b7e6 elementor-widget elementor-widget-heading\" data-id=\"182b7e6\" data-element_type=\"widget\" data-e-type=\"widget\" data-widget_type=\"heading.default\">\n\t\t\t\t<div class=\"elementor-widget-container\">\n\t\t\t\t\t<h2 class=\"elementor-heading-title elementor-size-default\">Consequences of cancellation:<\/h2>\t\t\t\t<\/div>\n\t\t\t\t<\/div>\n\t\t\t\t<\/div>\n\t\t<div class=\"elementor-element elementor-element-5077af0 e-con-full e-flex e-con e-child\" data-id=\"5077af0\" data-element_type=\"container\" data-e-type=\"container\">\n\t\t\t\t<div class=\"elementor-element elementor-element-60c948a elementor-widget elementor-widget-text-editor\" data-id=\"60c948a\" data-element_type=\"widget\" data-e-type=\"widget\" data-widget_type=\"text-editor.default\">\n\t\t\t\t<div class=\"elementor-widget-container\">\n\t\t\t\t\t\t\t\t\t<p>If you withdraw from this contract, we shall reimburse to you all payments received from you, including the costs of delivery (with the exception of the supplementary costs resulting from your choice of a type of delivery other than the least expensive type of standard delivery offered by us), without undue delay and in any event not later than 14 days from the day on which we are informed about your decision to withdraw from this contract.<\/p><p>For this repayment, we will use the same means of payment that you used for the original transaction, unless expressly agreed otherwise with you; in no case will you be charged any fees for this repayment. We may withhold reimbursement until we have received the goods back or until you have supplied evidence of having sent back the goods, whichever is the earliest. You must return or hand over the goods to us immediately and in any case no later than fourteen days from the day on which you inform us of the cancellation of this contract.<\/p><p>The deadline is met if you dispatch the goods before the period of fourteen days has expired. You shall bear the direct costs of returning the goods. You only have to pay for any loss in value of the goods if this loss in value is due to handling of the goods that is not necessary for checking their condition, properties and functionality.<\/p>\t\t\t\t\t\t\t\t<\/div>\n\t\t\t\t<\/div>\n\t\t\t\t<\/div>\n\t\t\t\t\t<\/div>\n\t\t\t\t<\/div>\n\t\t\t\t<\/div>","protected":false},"excerpt":{"rendered":"<p>Wie sehen die R\u00fcckgabebedingungen aus? Sie k\u00f6nnen Ihr Modell innerhalb von vierzehn Tagen ohne Angabe von Gr\u00fcnden zur\u00fcckgeben. Um unseren Service zu verbessern, bitten wir um Angaben, warum Sie vom Kauf zur\u00fccktreten m\u00f6chten. Die Kosten f\u00fcr die R\u00fccksendung des Modells m\u00fcssen Sie tragen. Wir empfehlen einen versicherten Versand. Sobald das Modell und die Verpackung bei [&hellip;]<\/p>\n","protected":false},"author":1,"featured_media":61004,"parent":0,"menu_order":0,"comment_status":"closed","ping_status":"closed","template":"","meta":{"_acf_changed":false,"footnotes":""},"class_list":["post-61230","page","type-page","status-publish","has-post-thumbnail","hentry"],"acf":[],"jetpack_sharing_enabled":true,"_links":{"self":[{"href":"https:\/\/www.modelcars24.de\/en\/wp-json\/wp\/v2\/pages\/61230","targetHints":{"allow":["GET"]}}],"collection":[{"href":"https:\/\/www.modelcars24.de\/en\/wp-json\/wp\/v2\/pages"}],"about":[{"href":"https:\/\/www.modelcars24.de\/en\/wp-json\/wp\/v2\/types\/page"}],"author":[{"embeddable":true,"href":"https:\/\/www.modelcars24.de\/en\/wp-json\/wp\/v2\/users\/1"}],"replies":[{"embeddable":true,"href":"https:\/\/www.modelcars24.de\/en\/wp-json\/wp\/v2\/comments?post=61230"}],"version-history":[{"count":4,"href":"https:\/\/www.modelcars24.de\/en\/wp-json\/wp\/v2\/pages\/61230\/revisions"}],"predecessor-version":[{"id":61234,"href":"https:\/\/www.modelcars24.de\/en\/wp-json\/wp\/v2\/pages\/61230\/revisions\/61234"}],"wp:featuredmedia":[{"embeddable":true,"href":"https:\/\/www.modelcars24.de\/en\/wp-json\/wp\/v2\/media\/61004"}],"wp:attachment":[{"href":"https:\/\/www.modelcars24.de\/en\/wp-json\/wp\/v2\/media?parent=61230"}],"curies":[{"name":"wp","href":"https:\/\/api.w.org\/{rel}","templated":true}]}}