{"id":40154,"date":"2026-05-13T14:54:02","date_gmt":"2026-05-13T12:54:02","guid":{"rendered":"https:\/\/www.modelcars24.de\/?post_type=product&#038;p=40154"},"modified":"2026-05-15T15:34:47","modified_gmt":"2026-05-15T13:34:47","slug":"cmc-mercedes-300sl","status":"publish","type":"product","link":"https:\/\/www.modelcars24.de\/en\/cmc-mercedes-300sl\/","title":{"rendered":"CMC Mercedes-Benz 300SL Panamericana &#8211; 1\/18"},"content":{"rendered":"<h3>CMC Mercedes 300SL<\/h3>\n<p>Der Mercedes 300 SL, Doppelsieg bei der Carrera Panamericana 1952<\/p>\n<p>Details zum Mercedes 300SL<\/p>\n<div>\n<div>\n<ul>\n<li>Handmontiertes Metall-Pr\u00e4zisionsmodell aus mehr als 250 Teilen<\/li>\n<li>Authentic and true-to-scale moulded bodywork<\/li>\n<li>Modellbedruckung des originalen Renndesigns im hochwertigen Tampon-Druckverfahren<\/li>\n<li>Fl\u00fcgelt\u00fcren, Motorhaube und Kofferraumdeckel sind beweglich<\/li>\n<li>Motorhaube mit echtem Lederriemen gesichert<\/li>\n<li>Cockpit-Sitze mit karogemustertem Textilbezug<\/li>\n<li>Ausstellfenster der beiden Fl\u00fcgelt\u00fcren lassen sich \u00f6ffnen<\/li>\n<li>Fahrzeuginnenraum mit Teppichbeflockung ausgekleidet<\/li>\n<li>Kofferraum mit 2 St. Reserver\u00e4dern best\u00fcckt<\/li>\n<li>Vorder- und Hinterradaufh\u00e4ngung gefedert<\/li>\n<\/ul>\n<\/div>\n<div>Besonderheit: Blau lackierte Rauten auf den vorderen Kotfl\u00fcgeln<\/div>\n<\/div>\n<p>Artikelnummer: M-058<\/p>\n<p>2-neuwlertig mit allem Zubeh\u00f6r<\/p>","protected":false},"excerpt":{"rendered":"<p>M-058 &#8211; 2-neuwertig &#8211; 325 \u20ac<\/p>","protected":false},"featured_media":64266,"comment_status":"open","ping_status":"closed","template":"","meta":[],"product_brand":[537],"product_cat":[279,18,19,45,21],"product_tag":[],"class_list":{"0":"post-40154","1":"product","2":"type-product","3":"status-publish","4":"has-post-thumbnail","6":"product_brand-cmc","7":"product_cat-1-m","8":"product_cat-cmc","9":"product_cat-mercedes-benz","10":"product_cat-neuzugang","11":"product_cat-verfuegbar","12":"pa_automarke-mercedes","13":"pa_decade-1950s","14":"pa_fahrzeugtyp-coupe","15":"pa_farbe-silber","16":"pa_limitiert-ja","17":"pa_massstab-1-18","18":"pa_modelmarke-cmc","19":"pa_modeltyp-alles-zum-oeffnen","20":"pa_modeltyp-fertigmodell","21":"pa_status-beim-hersteller-ausverkauft","22":"pa_verfuegbarkeit-sofort-verfuegbar","23":"pa_zustand_modell-1-brandneu","24":"pa_zustand_verpackung-1-brandneu","26":"first","27":"outofstock","28":"purchasable","29":"product-type-simple"},"jetpack_sharing_enabled":true,"_links":{"self":[{"href":"https:\/\/www.modelcars24.de\/en\/wp-json\/wp\/v2\/product\/40154","targetHints":{"allow":["GET"]}}],"collection":[{"href":"https:\/\/www.modelcars24.de\/en\/wp-json\/wp\/v2\/product"}],"about":[{"href":"https:\/\/www.modelcars24.de\/en\/wp-json\/wp\/v2\/types\/product"}],"replies":[{"embeddable":true,"href":"https:\/\/www.modelcars24.de\/en\/wp-json\/wp\/v2\/comments?post=40154"}],"version-history":[{"count":0,"href":"https:\/\/www.modelcars24.de\/en\/wp-json\/wp\/v2\/product\/40154\/revisions"}],"wp:featuredmedia":[{"embeddable":true,"href":"https:\/\/www.modelcars24.de\/en\/wp-json\/wp\/v2\/media\/64266"}],"wp:attachment":[{"href":"https:\/\/www.modelcars24.de\/en\/wp-json\/wp\/v2\/media?parent=40154"}],"wp:term":[{"taxonomy":"product_brand","embeddable":true,"href":"https:\/\/www.modelcars24.de\/en\/wp-json\/wp\/v2\/product_brand?post=40154"},{"taxonomy":"product_cat","embeddable":true,"href":"https:\/\/www.modelcars24.de\/en\/wp-json\/wp\/v2\/product_cat?post=40154"},{"taxonomy":"product_tag","embeddable":true,"href":"https:\/\/www.modelcars24.de\/en\/wp-json\/wp\/v2\/product_tag?post=40154"}],"curies":[{"name":"wp","href":"https:\/\/api.w.org\/{rel}","templated":true}]}}