{"id":42422,"date":"2026-05-15T08:09:47","date_gmt":"2026-05-15T06:09:47","guid":{"rendered":"https:\/\/www.modelcars24.de\/?post_type=product&#038;p=42422"},"modified":"2026-05-15T15:20:54","modified_gmt":"2026-05-15T13:20:54","slug":"maserati-300s-1956-modelcars24","status":"publish","type":"product","link":"https:\/\/www.modelcars24.de\/en\/maserati-300s-1956-modelcars24\/","title":{"rendered":"CMC Maserati 300S, 1956, M-105 &#8211; 1\/18"},"content":{"rendered":"<h3>CMC Maserati 300S Rennsportwagen, 1956<\/h3>\n<p>In seiner wechselvollen Geschichte war Maserati den Stra\u00dfenrennen immer treu geblieben. Ab 1955 schuf die Firma mit dem ber\u00fchmten Dreizack-Logo mit dem 300 S einen Rennsportwagen der bei internationalen Sportveranstaltungen im weltweiten Rennzirkus immer eine Spitzenposition einnahm und viele internationale Erfolge einfuhr. So viel Ruhm und Ehre sorgten daf\u00fcr, dass der 300 S als einer der wichtigsten und kommerziell erfolgreichsten Rennboliden in die Firmengeschichte von Maserati einging.<\/p>\n<p>Details des CMC Maserati 300 s<\/p>\n<ul>\n<li>Handmontiertes Metall-Pr\u00e4zisionsmodell aus 1838 Teilen<\/li>\n<li>Authentisch und ma\u00dfstabsgetreu geformte Karosserie in \u201eSemi Longnose\u201c Ausf\u00fchrung<\/li>\n<li>Detailed metal side ventilation grilles on the front mudguards<\/li>\n<li>Pr\u00e4zise Wiedergabe des Gitterrohrrahmens in Metallausf\u00fchrung<\/li>\n<li>Abnehmbare Motorhaube mit Verriegelungshaken und durchbrochenen K\u00fchlschlitzen.<\/li>\n<li>Haube zus\u00e4tzlich mit echten Lederriemen gesichert Benzin- und \u00d6ltank aus Edelstahlblech mit sch\u00f6ner Nietenanordnung und aufklappbaren Tankdeckeln<\/li>\n<li>Sechszylinder-Reihenmotor mit Anbauaggregaten und kompletter Leitungsverlegung \/ Verkabelung<\/li>\n<li>Radlagerung mit feinmechanischen Kugellagern<\/li>\n<li>Perfekte Speichenr\u00e4der mit Alufelgen und von Hand eingezogenen Edelstahldrahtspeichen mit einzeln montierten Nippeln Schraubbare Rad-Zentralverschl\u00fcsse mit Rechts- und Linksgewinde<\/li>\n<li>Cockpit-Schalensitze mit feinem Leder bezogen<\/li>\n<li>Originalgetreues Armaturenbrett mit blau unterlegten Skalen der Rundinstrumente<\/li>\n<li>Exakte Nachbildung der Bodengruppe mit gesamter Rohrleitungsverlegung des \u00d6l-K\u00fchlsystems<\/li>\n<li>Perfekte Darstellung der fein verrippten Bremstrommeln in Druckgu\u00dfausf\u00fchrung<\/li>\n<li>Funktionale vordere Einzelradaufh\u00e4ngung an Dreieckslenker aus Metall<\/li>\n<li>Hinterachse mit Querblattfeder und L\u00e4ngslenkern aus Metall<\/li>\n<li>Verlegung aller Brems- und Kraftstoffleitungen einschlie\u00dflich der Installation von elektrischer Doppel-Benzinpumpe und Filter<\/li>\n<li>Brillante Hochglanzlackierung mit Darstellung aller Maserati-Logo<\/li>\n<\/ul>\n<p>HISTORIE (ORIGINALFAHRZEUG) Der Maserati 300 S, mit vielen Komponenten des erfolgreichen Formel 1-Rennwagens 250 F ausgestattet, erwarb sich sehr schnell den Ruf ein sehr guter Sportwagen zu sein. Zudem hat ihm die Carrozzeria Fantuzzi noch ein wundersch\u00f6nes Blechkleid verpasst, so da\u00df auch die Optik gestimmt hat. Zahlreiche private Rennteams und ber\u00fchmte Fahrer der damaligen Zeit feierten beeindruckende Erfolge mit dem 300 S und seinem b\u00e4renstarken 260 PS Reihen-Sechszylinder Motor.<br \/>\nArtikelnummer: M-105-1-1<\/p>","protected":false},"excerpt":{"rendered":"<p>M-105 &#8211; 2-neuwertig &#8211; 440,00 \u20ac<\/p>","protected":false},"featured_media":42424,"comment_status":"open","ping_status":"closed","template":"","meta":[],"product_brand":[537],"product_cat":[279,18,90,45,136,21],"product_tag":[],"class_list":{"0":"post-42422","1":"product","2":"type-product","3":"status-publish","4":"has-post-thumbnail","6":"product_brand-cmc","7":"product_cat-1-m","8":"product_cat-cmc","9":"product_cat-maserati","10":"product_cat-neuzugang","11":"product_cat-raritaet","12":"product_cat-verfuegbar","13":"pa_automarke-maserati","14":"pa_decade-1950s","15":"pa_fahrzeugtyp-gt-rennen","16":"pa_farbe-rot","17":"pa_limitiert-nein","18":"pa_massstab-1-18","19":"pa_modelmarke-cmc","20":"pa_modeltyp-alles-zum-oeffnen","21":"pa_modeltyp-fertigmodell","22":"pa_status-beim-hersteller-ausverkauft","23":"pa_verfuegbarkeit-sofort-verfuegbar","24":"pa_zustand_modell-1-brandneu","25":"pa_zustand_verpackung-1-brandneu","27":"first","28":"outofstock","29":"purchasable","30":"product-type-simple"},"jetpack_sharing_enabled":true,"_links":{"self":[{"href":"https:\/\/www.modelcars24.de\/en\/wp-json\/wp\/v2\/product\/42422","targetHints":{"allow":["GET"]}}],"collection":[{"href":"https:\/\/www.modelcars24.de\/en\/wp-json\/wp\/v2\/product"}],"about":[{"href":"https:\/\/www.modelcars24.de\/en\/wp-json\/wp\/v2\/types\/product"}],"replies":[{"embeddable":true,"href":"https:\/\/www.modelcars24.de\/en\/wp-json\/wp\/v2\/comments?post=42422"}],"version-history":[{"count":0,"href":"https:\/\/www.modelcars24.de\/en\/wp-json\/wp\/v2\/product\/42422\/revisions"}],"wp:featuredmedia":[{"embeddable":true,"href":"https:\/\/www.modelcars24.de\/en\/wp-json\/wp\/v2\/media\/42424"}],"wp:attachment":[{"href":"https:\/\/www.modelcars24.de\/en\/wp-json\/wp\/v2\/media?parent=42422"}],"wp:term":[{"taxonomy":"product_brand","embeddable":true,"href":"https:\/\/www.modelcars24.de\/en\/wp-json\/wp\/v2\/product_brand?post=42422"},{"taxonomy":"product_cat","embeddable":true,"href":"https:\/\/www.modelcars24.de\/en\/wp-json\/wp\/v2\/product_cat?post=42422"},{"taxonomy":"product_tag","embeddable":true,"href":"https:\/\/www.modelcars24.de\/en\/wp-json\/wp\/v2\/product_tag?post=42422"}],"curies":[{"name":"wp","href":"https:\/\/api.w.org\/{rel}","templated":true}]}}