{"id":45985,"date":"2025-02-26T10:01:00","date_gmt":"2025-02-26T09:01:00","guid":{"rendered":"https:\/\/www.modelcars24.de\/?post_type=product&#038;p=45985"},"modified":"2026-04-15T19:07:37","modified_gmt":"2026-04-15T17:07:37","slug":"cmc-porsche-904-carrera-gts-500-km-spa","status":"publish","type":"product","link":"https:\/\/www.modelcars24.de\/en\/cmc-porsche-904-carrera-gts-500-km-spa\/","title":{"rendered":"CMC Porsche 904 Carrera GTS 500 KM SPA 1964, Leon Dernier, #43 M-233 - 1\/18"},"content":{"rendered":"<h2>CMC Porsche 904 Carrera GTS 500 KM SPA 1964, Leon Dernier, #43. M-233<\/h2>\n<p>High-quality collector's model in 1:18 scale.<\/p>\n<p>904-040 was delivered new to L\u00e9on Dernier, a well-known Belgian racing driver, in February 1964. As \u201eDernier\u201c means \u201elast\u201c, which of course cannot please a racing driver, he began his racing career in the early 1950s under the pseudonym \u201eEld\u00e9\u201c and immediately finished 5th overall in the 1955 24 Hours of Paris in<br \/>\nUntil the 1960s, it focussed on sports car racing and competed in national and international championships for the Belgian racing teams Equipe Nationale Belge and Ecurie Francorchamps. After the 904-040 was delivered at the beginning of 1964, the car was occasionally used in competitions such as the Coupe de Belgique race, which Dernier won on 30 March, or the Laroche - Samre hill climb, which he also finished in first place. At the 500 km of Spa on 17 May, he finished 21st overall and 8th in his class. On 31 May, he and Andr\u00e9 Pilette retired from the 1,000 km of the N\u00fcrburgring, but he finished the Ste. C\u00e9cil-Herbeumont hill climb in second place again. On 19 July, he finished sixth at the GP in Zolder and the Rhineland-Palatinate GP on 1 August at the N\u00fcrburgring.<\/p>\n<p>L\u00e9on Dernier also competed as a private driver, and the Porsche 904-040 was his favourite sports car. According to historical records, he raced eight times in chassis 904-040 and fourteen times in Ferrari 250 GTs during his entire racing career. But be careful:<\/p>\n<p>L\u00e9on Eld\u00e9 (Dernier) drove several different Ferrari 250 GTs, including chassis numbers 509, 763, 1321 and 2053. According to archive data, none of these 250 GTs were used more than<br \/>\ndriven five times by Dernier. This made 904-040 the chassis that Dernier used most often, especially as a privateer. L\u00e9on Dernier, who competed as a private driver with 904-040 and starting number 40, finished 10th overall and 2nd in his class at the 500 km Spa on 16 May 1965, this time as a driver for Equipe Nationale Belge.<br \/>\nEld\u00e9 was killed in an accident at Spa-Francorchamps on 26 July 1969. According to the book Porsche 904 by J\u00fcrgen Barth, the second owner of 904-040 was Jean Bocquait, who drove the car around 1971 in and around Brussels. The car then went to a Mr Verdoedt, who in turn sold it to Mr Peter Hofmann in Germany in 2001.<br \/>\nThis was followed by a highly complex and perfect restoration. One particular piece of damage had to be repaired: The front left corner of the original GRP shell had been damaged in an accident.<br \/>\nfrom 1964 and then poorly repaired. Layers of paint and residue were removed and sanded down to the fibreglass structure. The cracked surface of the bodywork was painstakingly perfected and painted in metallic silver, true to the original colour. Today, this Porsche 904-040 is one of the most authentic vehicles ever.<br \/>\nItem number: M-233<\/p>","protected":false},"excerpt":{"rendered":"<p>M-233 &#8211; 1-brandneu &#8211; anstatt 697,00 \u20ac jetzt 660,00 \u20ac<\/p>","protected":false},"featured_media":48823,"comment_status":"open","ping_status":"closed","template":"","meta":{"_acf_changed":false},"product_brand":[537],"product_cat":[18,56,21],"product_tag":[78,46,265,263],"class_list":{"0":"post-45985","1":"product","2":"type-product","3":"status-publish","4":"has-post-thumbnail","6":"product_brand-cmc","7":"product_cat-cmc","8":"product_cat-porsche","9":"product_cat-verfuegbar","10":"product_tag-angebot","11":"product_tag-cmc","12":"product_tag-porsche","13":"product_tag-vorbestellbar","14":"pa_automarke-porsche","15":"pa_decade-1960s","16":"pa_fahrzeugtyp-gt-rennen","17":"pa_massstab-1-18","18":"pa_modelmarke-cmc","19":"pa_modeltyp-alles-zum-oeffnen","20":"pa_modeltyp-fertigmodell","21":"pa_zustand_modell-1-brandneu","22":"pa_zustand_verpackung-1-brandneu","24":"first","25":"instock","26":"sale","27":"taxable","28":"shipping-taxable","29":"purchasable","30":"product-type-simple"},"acf":[],"jetpack_sharing_enabled":true,"_links":{"self":[{"href":"https:\/\/www.modelcars24.de\/en\/wp-json\/wp\/v2\/product\/45985","targetHints":{"allow":["GET"]}}],"collection":[{"href":"https:\/\/www.modelcars24.de\/en\/wp-json\/wp\/v2\/product"}],"about":[{"href":"https:\/\/www.modelcars24.de\/en\/wp-json\/wp\/v2\/types\/product"}],"replies":[{"embeddable":true,"href":"https:\/\/www.modelcars24.de\/en\/wp-json\/wp\/v2\/comments?post=45985"}],"version-history":[{"count":4,"href":"https:\/\/www.modelcars24.de\/en\/wp-json\/wp\/v2\/product\/45985\/revisions"}],"predecessor-version":[{"id":58737,"href":"https:\/\/www.modelcars24.de\/en\/wp-json\/wp\/v2\/product\/45985\/revisions\/58737"}],"wp:featuredmedia":[{"embeddable":true,"href":"https:\/\/www.modelcars24.de\/en\/wp-json\/wp\/v2\/media\/48823"}],"wp:attachment":[{"href":"https:\/\/www.modelcars24.de\/en\/wp-json\/wp\/v2\/media?parent=45985"}],"wp:term":[{"taxonomy":"product_brand","embeddable":true,"href":"https:\/\/www.modelcars24.de\/en\/wp-json\/wp\/v2\/product_brand?post=45985"},{"taxonomy":"product_cat","embeddable":true,"href":"https:\/\/www.modelcars24.de\/en\/wp-json\/wp\/v2\/product_cat?post=45985"},{"taxonomy":"product_tag","embeddable":true,"href":"https:\/\/www.modelcars24.de\/en\/wp-json\/wp\/v2\/product_tag?post=45985"}],"curies":[{"name":"wp","href":"https:\/\/api.w.org\/{rel}","templated":true}]}}