{"id":63876,"date":"2026-05-01T11:39:04","date_gmt":"2026-05-01T09:39:04","guid":{"rendered":"https:\/\/www.modelcars24.de\/?post_type=product&#038;p=63876"},"modified":"2026-05-01T12:16:00","modified_gmt":"2026-05-01T10:16:00","slug":"gt-spirit-porsche-356-b","status":"publish","type":"product","link":"https:\/\/www.modelcars24.de\/en\/gt-spirit-porsche-356-b\/","title":{"rendered":"GT Spirit Porsche 356 B elfenbein 1962 &#8211; 1\/8"},"content":{"rendered":"<h3>GT Spirit Porsche 356 B elfenbein 1962 &#8211; 1\/8<\/h3>\n<p data-path-to-node=\"0\">The <b data-path-to-node=\"0\" data-index-in-node=\"4\">Porsche 356 B<\/b> from <b data-path-to-node=\"0\" data-index-in-node=\"22\">GT Spirit<\/b> im beeindruckenden Ma\u00dfstab <b data-path-to-node=\"0\" data-index-in-node=\"59\">1:8<\/b> ist ein wahres Monument der Modellbaukunst. In klassischem <b data-path-to-node=\"0\" data-index-in-node=\"122\">Elfenbein<\/b> (Ivory) gehalten, strahlt dieser Klassiker von 1962 eine zeitlose Eleganz aus, die durch die schiere Gr\u00f6\u00dfe des Modells (ca. 50 cm L\u00e4nge) perfekt zur Geltung kommt.<\/p>\n<p data-path-to-node=\"1\">Die Detailtiefe ist bei diesem Resine-Modell exzellent: Von den charakteristischen Rundungen der Karosserie bis hin zu den feinen Chromakzenten und dem authentisch nachempfundenen Interieur wurde jeder Aspekt des Originals eingefangen. Das Modell verzichtet zwar auf \u00f6ffnende Teile, \u00fcberzeugt daf\u00fcr aber durch perfekte Proportionen und ein makelloses Finish. F\u00fcr Sammler ist dieser \u201eSuper-Scale\u201c-Porsche ein absolutes Highlight, das den Charme der fr\u00fchen Sechziger Jahre in imposanter Pr\u00e4senz in die Vitrine bringt. Ein Muss f\u00fcr Fans der Marke, die Wert auf \u00c4sthetik und Exklusivit\u00e4t legen.<\/p>\n<p data-path-to-node=\"1\">Das Modell wiegt etwa 20 Kg und wird mit einer hochwertigen Vitrine geliefert.<\/p>\n<p>GTS802501<\/p>","protected":false},"excerpt":{"rendered":"<p>GTS802501 &#8211; preorder &#8211; anstatt 1190,00 \u20ac jetzt 995,00 \u20ac inkl. 19% Vat<\/p>","protected":false},"featured_media":63877,"comment_status":"open","ping_status":"closed","template":"","meta":{"_acf_changed":false},"product_brand":[861],"product_cat":[279,436,56,262],"product_tag":[172,173,269,175,270,181,182],"class_list":{"0":"post-63876","1":"product","2":"type-product","3":"status-publish","4":"has-post-thumbnail","6":"product_brand-hc","7":"product_cat-1-m","8":"product_cat-gt-spirit","9":"product_cat-porsche","10":"product_cat-vorbestellbar","11":"product_tag-atelier","12":"product_tag-bbr","13":"product_tag-bbr-ferrari-250-lusso-red","14":"product_tag-competizione","15":"product_tag-ferrari-250-lusso-1963-118","16":"product_tag-mrcollection","17":"product_tag-perfectly-embodies-ferraris","18":"product_shipping_class-sperrgut","19":"pa_automarke-porsche","20":"pa_decade-2020s","21":"pa_fahrzeugtyp-coupe","22":"pa_farbe-rot","23":"pa_limitiert-ja","24":"pa_massstab-1-8","25":"pa_modelmarke-gt-spirit","26":"pa_modeltyp-fertigmodell","27":"pa_modeltyp-geschlossen","28":"pa_status-beim-hersteller-verfuegbar","29":"pa_verfuegbarkeit-vorbestellbar","30":"pa_zustand_modell-1-brandneu","31":"pa_zustand_verpackung-1-brandneu","33":"first","34":"instock","35":"sale","36":"taxable","37":"shipping-taxable","38":"purchasable","39":"product-type-simple"},"acf":[],"jetpack_sharing_enabled":true,"_links":{"self":[{"href":"https:\/\/www.modelcars24.de\/en\/wp-json\/wp\/v2\/product\/63876","targetHints":{"allow":["GET"]}}],"collection":[{"href":"https:\/\/www.modelcars24.de\/en\/wp-json\/wp\/v2\/product"}],"about":[{"href":"https:\/\/www.modelcars24.de\/en\/wp-json\/wp\/v2\/types\/product"}],"replies":[{"embeddable":true,"href":"https:\/\/www.modelcars24.de\/en\/wp-json\/wp\/v2\/comments?post=63876"}],"version-history":[{"count":1,"href":"https:\/\/www.modelcars24.de\/en\/wp-json\/wp\/v2\/product\/63876\/revisions"}],"predecessor-version":[{"id":63879,"href":"https:\/\/www.modelcars24.de\/en\/wp-json\/wp\/v2\/product\/63876\/revisions\/63879"}],"wp:featuredmedia":[{"embeddable":true,"href":"https:\/\/www.modelcars24.de\/en\/wp-json\/wp\/v2\/media\/63877"}],"wp:attachment":[{"href":"https:\/\/www.modelcars24.de\/en\/wp-json\/wp\/v2\/media?parent=63876"}],"wp:term":[{"taxonomy":"product_brand","embeddable":true,"href":"https:\/\/www.modelcars24.de\/en\/wp-json\/wp\/v2\/product_brand?post=63876"},{"taxonomy":"product_cat","embeddable":true,"href":"https:\/\/www.modelcars24.de\/en\/wp-json\/wp\/v2\/product_cat?post=63876"},{"taxonomy":"product_tag","embeddable":true,"href":"https:\/\/www.modelcars24.de\/en\/wp-json\/wp\/v2\/product_tag?post=63876"}],"curies":[{"name":"wp","href":"https:\/\/api.w.org\/{rel}","templated":true}]}}