{"id":39152,"date":"2025-03-08T09:31:39","date_gmt":"2025-03-08T08:31:39","guid":{"rendered":"http:\/\/www.mondo-legno.com\/gh\/"},"modified":"2025-03-08T09:31:39","modified_gmt":"2025-03-08T08:31:39","slug":"gh","status":"publish","type":"page","link":"https:\/\/www.modelcars24.de\/es\/gh\/","title":{"rendered":"Centro de preferencias"},"content":{"rendered":"<p>\u00a1Ups! Algo sali\u00f3 mal al encontrar tus preferencias de correo electr\u00f3nico. Por favor, int\u00e9ntalo de nuevo en breve o cont\u00e1ctanos.<\/p>","protected":false},"excerpt":{"rendered":"","protected":false},"author":1,"featured_media":0,"parent":0,"menu_order":0,"comment_status":"closed","ping_status":"closed","template":"","meta":{"_acf_changed":false,"footnotes":""},"class_list":["post-39152","page","type-page","status-publish","hentry"],"acf":[],"jetpack_sharing_enabled":true,"_links":{"self":[{"href":"https:\/\/www.modelcars24.de\/es\/wp-json\/wp\/v2\/pages\/39152","targetHints":{"allow":["GET"]}}],"collection":[{"href":"https:\/\/www.modelcars24.de\/es\/wp-json\/wp\/v2\/pages"}],"about":[{"href":"https:\/\/www.modelcars24.de\/es\/wp-json\/wp\/v2\/types\/page"}],"author":[{"embeddable":true,"href":"https:\/\/www.modelcars24.de\/es\/wp-json\/wp\/v2\/users\/1"}],"replies":[{"embeddable":true,"href":"https:\/\/www.modelcars24.de\/es\/wp-json\/wp\/v2\/comments?post=39152"}],"version-history":[{"count":0,"href":"https:\/\/www.modelcars24.de\/es\/wp-json\/wp\/v2\/pages\/39152\/revisions"}],"wp:attachment":[{"href":"https:\/\/www.modelcars24.de\/es\/wp-json\/wp\/v2\/media?parent=39152"}],"curies":[{"name":"wp","href":"https:\/\/api.w.org\/{rel}","templated":true}]}}