{"id":39201,"date":"2025-03-08T11:26:38","date_gmt":"2025-03-08T10:26:38","guid":{"rendered":"http:\/\/www.mondo-legno.com\/versandarten\/"},"modified":"2025-03-08T12:21:56","modified_gmt":"2025-03-08T11:21:56","slug":"metodos-de-envio","status":"publish","type":"page","link":"https:\/\/www.modelcars24.de\/es\/versandarten\/","title":{"rendered":"M\u00e9todos de env\u00edo"},"content":{"rendered":"<div data-elementor-type=\"wp-page\" data-elementor-id=\"39201\" class=\"elementor elementor-39201\" data-elementor-post-type=\"page\">\n\t\t\t\t<div class=\"elementor-element elementor-element-3013884 e-flex e-con-boxed e-con e-parent\" data-id=\"3013884\" data-element_type=\"container\" data-e-type=\"container\">\n\t\t\t\t\t<div class=\"e-con-inner\">\n\t\t\t\t<div class=\"elementor-element elementor-element-d65cbc2 elementor-widget elementor-widget-text-editor\" data-id=\"d65cbc2\" data-element_type=\"widget\" data-e-type=\"widget\" data-widget_type=\"text-editor.default\">\n\t\t\t\t<div class=\"elementor-widget-container\">\n\t\t\t\t\t\t\t\t\t<p><strong>Precios, gastos de env\u00edo e informaci\u00f3n sobre la entrega<\/strong><\/p>\n<p>Los precios indicados en las p\u00e1ginas de productos incluyen el IVA y otros componentes del precio.<\/p>\n<p>No hay gastos de env\u00edo para contenidos digitales (libros electr\u00f3nicos, software, etc.).<\/p>\n<p>Los gastos de env\u00edo incluyen el IVA legal. Dado que el IVA de los gastos de env\u00edo se calcula en funci\u00f3n de los bienes adquiridos, puede reducirse si los bienes se compran con tipos de IVA m\u00e1s bajos (por ejemplo, al comprar libros). Esto significa que los gastos de env\u00edo s\u00f3lo pueden fijarse durante el proceso de pedido. Sin embargo, no pueden aumentarse, sino s\u00f3lo reducirse a su favor.<\/p>\t\t\t\t\t\t\t\t<\/div>\n\t\t\t\t<\/div>\n\t\t\t\t\t<\/div>\n\t\t\t\t<\/div>\n\t\t\t\t<\/div>","protected":false},"excerpt":{"rendered":"<p>Preise, Versandkosten und Lieferinformationen Die auf den Produktseiten genannten Preise enthalten die gesetzliche Mehrwertsteuer und sonstige Preisbestandteile. F\u00fcr digitale Inhalte (E-Books, Software, etc.) fallen keine Versandkosten an. Die Versandkosten enthalten die gesetzliche Mehrwertsteuer. Da die Mehrwertsteuer auf die Versandkosten abh\u00e4ngig von den erworbenen Waren berechnet wird, kann sie sich mindern, wenn Waren zu niedrigeren Umsatzsteuers\u00e4tzen [&hellip;]<\/p>\n","protected":false},"author":1,"featured_media":0,"parent":0,"menu_order":0,"comment_status":"closed","ping_status":"closed","template":"","meta":{"_acf_changed":false,"footnotes":""},"class_list":["post-39201","page","type-page","status-publish","hentry"],"acf":[],"jetpack_sharing_enabled":true,"_links":{"self":[{"href":"https:\/\/www.modelcars24.de\/es\/wp-json\/wp\/v2\/pages\/39201","targetHints":{"allow":["GET"]}}],"collection":[{"href":"https:\/\/www.modelcars24.de\/es\/wp-json\/wp\/v2\/pages"}],"about":[{"href":"https:\/\/www.modelcars24.de\/es\/wp-json\/wp\/v2\/types\/page"}],"author":[{"embeddable":true,"href":"https:\/\/www.modelcars24.de\/es\/wp-json\/wp\/v2\/users\/1"}],"replies":[{"embeddable":true,"href":"https:\/\/www.modelcars24.de\/es\/wp-json\/wp\/v2\/comments?post=39201"}],"version-history":[{"count":6,"href":"https:\/\/www.modelcars24.de\/es\/wp-json\/wp\/v2\/pages\/39201\/revisions"}],"predecessor-version":[{"id":39243,"href":"https:\/\/www.modelcars24.de\/es\/wp-json\/wp\/v2\/pages\/39201\/revisions\/39243"}],"wp:attachment":[{"href":"https:\/\/www.modelcars24.de\/es\/wp-json\/wp\/v2\/media?parent=39201"}],"curies":[{"name":"wp","href":"https:\/\/api.w.org\/{rel}","templated":true}]}}