{"id":61230,"date":"2026-02-23T12:57:58","date_gmt":"2026-02-23T11:57:58","guid":{"rendered":"https:\/\/www.modelcars24.de\/?page_id=61230"},"modified":"2026-02-23T13:04:19","modified_gmt":"2026-02-23T12:04:19","slug":"politica-de-reembolsos-y-devoluciones","status":"publish","type":"page","link":"https:\/\/www.modelcars24.de\/es\/richtlinie-fuer-rueckerstattungen-und-rueckgaben\/","title":{"rendered":"Pol\u00edtica de reembolsos y devoluciones"},"content":{"rendered":"<div data-elementor-type=\"wp-page\" data-elementor-id=\"61230\" class=\"elementor elementor-61230\" data-elementor-post-type=\"page\">\n\t\t\t\t<div class=\"elementor-element elementor-element-3d73903 e-flex e-con-boxed e-con e-parent\" data-id=\"3d73903\" data-element_type=\"container\" data-e-type=\"container\">\n\t\t\t\t\t<div class=\"e-con-inner\">\n\t\t<div class=\"elementor-element elementor-element-691e7eb e-con-full e-flex e-con e-child\" data-id=\"691e7eb\" data-element_type=\"container\" data-e-type=\"container\">\n\t\t\t\t<div class=\"elementor-element elementor-element-f9b7f15 elementor-widget elementor-widget-heading\" data-id=\"f9b7f15\" data-element_type=\"widget\" data-e-type=\"widget\" data-widget_type=\"heading.default\">\n\t\t\t\t<div class=\"elementor-widget-container\">\n\t\t\t\t\t<h2 class=\"elementor-heading-title elementor-size-default\">\u00bfCu\u00e1les son las condiciones de devoluci\u00f3n?<\/h2>\t\t\t\t<\/div>\n\t\t\t\t<\/div>\n\t\t\t\t<div class=\"elementor-element elementor-element-3bede3a elementor-widget elementor-widget-image\" data-id=\"3bede3a\" data-element_type=\"widget\" data-e-type=\"widget\" data-widget_type=\"image.default\">\n\t\t\t\t<div class=\"elementor-widget-container\">\n\t\t\t\t\t\t\t\t\t\t\t\t\t\t\t<img fetchpriority=\"high\" decoding=\"async\" width=\"800\" height=\"600\" src=\"https:\/\/www.modelcars24.de\/wp-content\/uploads\/2026\/02\/IMG_8117-1024x768.jpeg\" class=\"attachment-large size-large wp-image-61004\" alt=\"\" srcset=\"https:\/\/www.modelcars24.de\/wp-content\/uploads\/2026\/02\/IMG_8117-1024x768.jpeg 1024w, https:\/\/www.modelcars24.de\/wp-content\/uploads\/2026\/02\/IMG_8117-300x225.jpeg 300w, https:\/\/www.modelcars24.de\/wp-content\/uploads\/2026\/02\/IMG_8117-768x576.jpeg 768w, https:\/\/www.modelcars24.de\/wp-content\/uploads\/2026\/02\/IMG_8117-1536x1152.jpeg 1536w, https:\/\/www.modelcars24.de\/wp-content\/uploads\/2026\/02\/IMG_8117-16x12.jpeg 16w, https:\/\/www.modelcars24.de\/wp-content\/uploads\/2026\/02\/IMG_8117-600x450.jpeg 600w, https:\/\/www.modelcars24.de\/wp-content\/uploads\/2026\/02\/IMG_8117.jpeg 2016w\" sizes=\"(max-width: 800px) 100vw, 800px\" \/>\t\t\t\t\t\t\t\t\t\t\t\t\t\t\t<\/div>\n\t\t\t\t<\/div>\n\t\t\t\t<\/div>\n\t\t<div class=\"elementor-element elementor-element-dbd16ea e-con-full e-flex e-con e-child\" data-id=\"dbd16ea\" data-element_type=\"container\" data-e-type=\"container\">\n\t\t\t\t<div class=\"elementor-element elementor-element-e574988 elementor-widget elementor-widget-text-editor\" data-id=\"e574988\" data-element_type=\"widget\" data-e-type=\"widget\" data-widget_type=\"text-editor.default\">\n\t\t\t\t<div class=\"elementor-widget-container\">\n\t\t\t\t\t\t\t\t\t<p>Puede devolver su modelo en un plazo de catorce d\u00edas sin indicar el motivo. Con el fin de mejorar nuestro servicio, le pedimos que nos indique el motivo por el que desea anular su compra. Deber\u00e1 correr con los gastos de devoluci\u00f3n del modelo. Recomendamos el env\u00edo asegurado.<\/p><p>En cuanto recibamos el modelo y el embalaje y el estado sea el mismo que en el momento del env\u00edo, le enviaremos su dinero inmediatamente.\u00a0<\/p>\t\t\t\t\t\t\t\t<\/div>\n\t\t\t\t<\/div>\n\t\t\t\t<\/div>\n\t\t\t\t\t<\/div>\n\t\t\t\t<\/div>\n\t\t<div class=\"elementor-element elementor-element-99f8beb e-flex e-con-boxed e-con e-parent\" data-id=\"99f8beb\" data-element_type=\"container\" data-e-type=\"container\">\n\t\t\t\t\t<div class=\"e-con-inner\">\n\t\t<div class=\"elementor-element elementor-element-4413272 e-con-full e-flex e-con e-child\" data-id=\"4413272\" data-element_type=\"container\" data-e-type=\"container\">\n\t\t\t\t<div class=\"elementor-element elementor-element-5fe5ba4 elementor-widget elementor-widget-heading\" data-id=\"5fe5ba4\" data-element_type=\"widget\" data-e-type=\"widget\" data-widget_type=\"heading.default\">\n\t\t\t\t<div class=\"elementor-widget-container\">\n\t\t\t\t\t<h2 class=\"elementor-heading-title elementor-size-default\">Canje y reembolso<\/h2>\t\t\t\t<\/div>\n\t\t\t\t<\/div>\n\t\t\t\t<\/div>\n\t\t<div class=\"elementor-element elementor-element-8939d23 e-con-full e-flex e-con e-child\" data-id=\"8939d23\" data-element_type=\"container\" data-e-type=\"container\">\n\t\t\t\t<div class=\"elementor-element elementor-element-b88ec5f elementor-widget elementor-widget-text-editor\" data-id=\"b88ec5f\" data-element_type=\"widget\" data-e-type=\"widget\" data-widget_type=\"text-editor.default\">\n\t\t\t\t<div class=\"elementor-widget-container\">\n\t\t\t\t\t\t\t\t\t<p>Tiene usted derecho a desistir del presente contrato en un plazo de catorce d\u00edas sin necesidad de justificaci\u00f3n. El plazo de desistimiento es de catorce d\u00edas a partir del d\u00eda en que usted o un tercero nombrado por usted, que no sea el transportista, haya tomado posesi\u00f3n de los bienes.<\/p><p>Para ejercer su derecho de cancelaci\u00f3n, debe ponerse en contacto con nosotros,<\/p><p>Dr. Klaus Jeschke, Modelcars24, Ant Flintenkamp 8, D-26632 Ihlow,<\/p><p>mediante una declaraci\u00f3n clara (por ejemplo, una carta enviada por correo postal, fax o correo electr\u00f3nico) de su decisi\u00f3n de rescindir este contrato. Para cumplir el plazo de cancelaci\u00f3n, basta con que env\u00ede su notificaci\u00f3n de ejercicio del derecho de cancelaci\u00f3n antes de que expire el plazo de cancelaci\u00f3n.<\/p>\t\t\t\t\t\t\t\t<\/div>\n\t\t\t\t<\/div>\n\t\t\t\t<\/div>\n\t\t\t\t\t<\/div>\n\t\t\t\t<\/div>\n\t\t<div class=\"elementor-element elementor-element-84bc9f0 e-flex e-con-boxed e-con e-parent\" data-id=\"84bc9f0\" data-element_type=\"container\" data-e-type=\"container\">\n\t\t\t\t\t<div class=\"e-con-inner\">\n\t\t<div class=\"elementor-element elementor-element-55ae58e e-con-full e-flex e-con e-child\" data-id=\"55ae58e\" data-element_type=\"container\" data-e-type=\"container\">\n\t\t\t\t<div class=\"elementor-element elementor-element-182b7e6 elementor-widget elementor-widget-heading\" data-id=\"182b7e6\" data-element_type=\"widget\" data-e-type=\"widget\" data-widget_type=\"heading.default\">\n\t\t\t\t<div class=\"elementor-widget-container\">\n\t\t\t\t\t<h2 class=\"elementor-heading-title elementor-size-default\">Consecuencias de la anulaci\u00f3n:<\/h2>\t\t\t\t<\/div>\n\t\t\t\t<\/div>\n\t\t\t\t<\/div>\n\t\t<div class=\"elementor-element elementor-element-5077af0 e-con-full e-flex e-con e-child\" data-id=\"5077af0\" data-element_type=\"container\" data-e-type=\"container\">\n\t\t\t\t<div class=\"elementor-element elementor-element-60c948a elementor-widget elementor-widget-text-editor\" data-id=\"60c948a\" data-element_type=\"widget\" data-e-type=\"widget\" data-widget_type=\"text-editor.default\">\n\t\t\t\t<div class=\"elementor-widget-container\">\n\t\t\t\t\t\t\t\t\t<p>Si desiste del presente contrato, le reembolsaremos todos los pagos que hayamos recibido de usted, incluidos los gastos de entrega (a excepci\u00f3n de los gastos suplementarios resultantes de la elecci\u00f3n por su parte de un tipo de entrega distinto del tipo menos costoso de entrega est\u00e1ndar que ofrezcamos), sin ninguna demora indebida y, en cualquier caso, a m\u00e1s tardar 14 d\u00edas a partir del d\u00eda en que se nos informe de su decisi\u00f3n de desistir del presente contrato.<\/p><p>Para este reembolso, utilizaremos el mismo medio de pago que usted utiliz\u00f3 para la transacci\u00f3n original, salvo que se haya acordado expresamente otra cosa con usted; en ning\u00fan caso se le cobrar\u00e1n comisiones por este reembolso. Podremos retener el reembolso hasta que hayamos recibido los bienes o hasta que usted haya presentado una prueba de haberlos devuelto, seg\u00fan qu\u00e9 condici\u00f3n se cumpla primero. Deber\u00e1 devolvernos o entregarnos los bienes inmediatamente y, en cualquier caso, a m\u00e1s tardar catorce d\u00edas a partir del d\u00eda en que nos informe de la rescisi\u00f3n del presente contrato.<\/p><p>El plazo se cumple si usted env\u00eda la mercanc\u00eda antes de que haya transcurrido el plazo de catorce d\u00edas. Usted correr\u00e1 con los gastos directos de devoluci\u00f3n de la mercanc\u00eda. Solo deber\u00e1 abonar la p\u00e9rdida de valor de la mercanc\u00eda si dicha p\u00e9rdida de valor se debe a una manipulaci\u00f3n de la mercanc\u00eda que no sea necesaria para comprobar su estado, propiedades y funcionalidad.<\/p>\t\t\t\t\t\t\t\t<\/div>\n\t\t\t\t<\/div>\n\t\t\t\t<\/div>\n\t\t\t\t\t<\/div>\n\t\t\t\t<\/div>\n\t\t\t\t<\/div>","protected":false},"excerpt":{"rendered":"<p>Wie sehen die R\u00fcckgabebedingungen aus? Sie k\u00f6nnen Ihr Modell innerhalb von vierzehn Tagen ohne Angabe von Gr\u00fcnden zur\u00fcckgeben. Um unseren Service zu verbessern, bitten wir um Angaben, warum Sie vom Kauf zur\u00fccktreten m\u00f6chten. Die Kosten f\u00fcr die R\u00fccksendung des Modells m\u00fcssen Sie tragen. Wir empfehlen einen versicherten Versand. Sobald das Modell und die Verpackung bei [&hellip;]<\/p>\n","protected":false},"author":1,"featured_media":61004,"parent":0,"menu_order":0,"comment_status":"closed","ping_status":"closed","template":"","meta":{"_acf_changed":false,"footnotes":""},"class_list":["post-61230","page","type-page","status-publish","has-post-thumbnail","hentry"],"acf":[],"jetpack_sharing_enabled":true,"_links":{"self":[{"href":"https:\/\/www.modelcars24.de\/es\/wp-json\/wp\/v2\/pages\/61230","targetHints":{"allow":["GET"]}}],"collection":[{"href":"https:\/\/www.modelcars24.de\/es\/wp-json\/wp\/v2\/pages"}],"about":[{"href":"https:\/\/www.modelcars24.de\/es\/wp-json\/wp\/v2\/types\/page"}],"author":[{"embeddable":true,"href":"https:\/\/www.modelcars24.de\/es\/wp-json\/wp\/v2\/users\/1"}],"replies":[{"embeddable":true,"href":"https:\/\/www.modelcars24.de\/es\/wp-json\/wp\/v2\/comments?post=61230"}],"version-history":[{"count":4,"href":"https:\/\/www.modelcars24.de\/es\/wp-json\/wp\/v2\/pages\/61230\/revisions"}],"predecessor-version":[{"id":61234,"href":"https:\/\/www.modelcars24.de\/es\/wp-json\/wp\/v2\/pages\/61230\/revisions\/61234"}],"wp:featuredmedia":[{"embeddable":true,"href":"https:\/\/www.modelcars24.de\/es\/wp-json\/wp\/v2\/media\/61004"}],"wp:attachment":[{"href":"https:\/\/www.modelcars24.de\/es\/wp-json\/wp\/v2\/media?parent=61230"}],"curies":[{"name":"wp","href":"https:\/\/api.w.org\/{rel}","templated":true}]}}