{"id":126,"date":"2023-09-08T11:54:02","date_gmt":"2023-09-08T09:54:02","guid":{"rendered":"https:\/\/www.modelcars24.de\/?post_type=product&#038;p=126"},"modified":"2026-04-09T09:19:49","modified_gmt":"2026-04-09T07:19:49","slug":"cmc-mercedes-benz-w25-1934-2","status":"publish","type":"product","link":"https:\/\/www.modelcars24.de\/es\/cmc-mercedes-benz-w25-1934-2\/","title":{"rendered":"CMC Mercedes-Benz W25, 1934 - 1\/18"},"content":{"rendered":"<h3>CMC Mercedes-Benz W25, 1934<\/h3>\n<div>\n<ul>\n<li>Modelo de precisi\u00f3n totalmente met\u00e1lico ensamblado a mano con m\u00e1s de 610 piezas<\/li>\n<li>Cada una de las ruedas de radios de nuevo desarrollo consta de 75 piezas<\/li>\n<li>Rejilla de radiador artesanal de acero inoxidable con rejilla de radiador met\u00e1lica con respaldo, travesa\u00f1os planos moldeados y barras verticales soldadas<\/li>\n<li>Asiento de ba\u00f1era con funda textil aut\u00e9ntica<\/li>\n<li>La tapa del dep\u00f3sito se puede abrir<\/li>\n<li>Salpicadero de acero inoxidable con superficie jaspeada e instrumentos insertados a mano<\/li>\n<li>Colector de escape met\u00e1lico con cromado de alto brillo<\/li>\n<li>Llanta y buje como pieza torneada de aluminio<\/li>\n<li>140 orificios en el buje y la llanta para fijar los radios<\/li>\n<li>70 radios de alambre de acero inoxidable estirados a mano individualmente en cada rueda<\/li>\n<li>Las ruedas se pueden montar y desmontar con un cierre central de doble hoja con rosca fina<\/li>\n<li>Cap\u00f3 desmontable con ganchos de bloqueo accionados por resorte<\/li>\n<li>Fiel reproducci\u00f3n del motor de 8 cilindros en l\u00ednea con numerosos detalles<\/li>\n<\/ul>\n<\/div>\n<div>Descripci\u00f3n del veh\u00edculo original:<\/div>\n<div>3 de junio de 1934: en v\u00edsperas de la carrera de Eifel en N\u00fcrburgring, los Mercedes-Benz W 25, que compiten por primera vez en la nueva f\u00f3rmula de 750 kg, se someten a las verificaciones. El pesaje de los monopostos, pintados de blanco reluciente, revel\u00f3 un peso de 751 kg. Un aut\u00e9ntico desastre, porque eso significa la prohibici\u00f3n de participar en la parrilla de salida. Pero el equipo Mercedes no se rindi\u00f3 tan f\u00e1cilmente. Ese kilo de m\u00e1s tiene que desaparecer, pero \u00bfc\u00f3mo? Al final, se encuentra una ingeniosa soluci\u00f3n: \u00a1lo \u00fanico que no se necesita es la pintura! As\u00ed que los b\u00f3lidos se lijan por completo en un largo y sudoroso turno de noche.<br \/>\nPor la ma\u00f1ana, un coche de carreras con una brillante carrocer\u00eda de aluminio plateado se presenta en la salida, pesa exactamente 750 kg... y gana. Todo un \u00e9xito para Mercedes-Benz y para el ganador, Manfred von Brauchitsch. La prensa, entusiasmada, bautiza al b\u00f3lido como \u201eFlecha de Plata\u201c. Y con raz\u00f3n: de los ocho Grandes Premios organizados en la primera temporada de carreras, los veloces b\u00f3lidos plateados obtuvieron cuatro primeros puestos y tres segundos. Hab\u00eda nacido una leyenda que no ha perdido ni un \u00e1pice de su magia.<\/div>\n<p>N\u00famero de art\u00edculo: M-065<\/p>\n<p>1-nuevo<\/p>","protected":false},"excerpt":{"rendered":"<p>1:18 \u2013 M-065 \u2013 1-brandneu \u2013 anstatt 295,00 \u20ac jetzt 255,00 \u20ac inkl. 19% Vat<\/p>","protected":false},"featured_media":40224,"comment_status":"open","ping_status":"closed","template":"","meta":{"_acf_changed":false},"product_brand":[537],"product_cat":[18,19,45,21],"product_tag":[573,563],"class_list":{"0":"post-126","1":"product","2":"type-product","3":"status-publish","4":"has-post-thumbnail","6":"product_brand-cmc","7":"product_cat-cmc","8":"product_cat-mercedes-benz","9":"product_cat-neuzugang","10":"product_cat-verfuegbar","11":"product_tag-573","12":"product_tag-cmc-mercedes-benz-w25","13":"pa_automarke-mercedes","14":"pa_decade-1930s","15":"pa_fahrzeugtyp-formel-1","16":"pa_farbe-weiss","17":"pa_limitiert-ja","18":"pa_massstab-1-18","19":"pa_modelmarke-cmc","20":"pa_modeltyp-alles-zum-oeffnen","21":"pa_modeltyp-fertigmodell","22":"pa_status-beim-hersteller-ausverkauft","23":"pa_verfuegbarkeit-sofort-verfuegbar","24":"pa_zustand_modell-2-neuwertig","25":"pa_zustand_verpackung-2-neuwertig","27":"first","28":"instock","29":"sale","30":"taxable","31":"shipping-taxable","32":"purchasable","33":"product-type-simple"},"acf":[],"jetpack_sharing_enabled":true,"_links":{"self":[{"href":"https:\/\/www.modelcars24.de\/es\/wp-json\/wp\/v2\/product\/126","targetHints":{"allow":["GET"]}}],"collection":[{"href":"https:\/\/www.modelcars24.de\/es\/wp-json\/wp\/v2\/product"}],"about":[{"href":"https:\/\/www.modelcars24.de\/es\/wp-json\/wp\/v2\/types\/product"}],"replies":[{"embeddable":true,"href":"https:\/\/www.modelcars24.de\/es\/wp-json\/wp\/v2\/comments?post=126"}],"version-history":[{"count":8,"href":"https:\/\/www.modelcars24.de\/es\/wp-json\/wp\/v2\/product\/126\/revisions"}],"predecessor-version":[{"id":62929,"href":"https:\/\/www.modelcars24.de\/es\/wp-json\/wp\/v2\/product\/126\/revisions\/62929"}],"wp:featuredmedia":[{"embeddable":true,"href":"https:\/\/www.modelcars24.de\/es\/wp-json\/wp\/v2\/media\/40224"}],"wp:attachment":[{"href":"https:\/\/www.modelcars24.de\/es\/wp-json\/wp\/v2\/media?parent=126"}],"wp:term":[{"taxonomy":"product_brand","embeddable":true,"href":"https:\/\/www.modelcars24.de\/es\/wp-json\/wp\/v2\/product_brand?post=126"},{"taxonomy":"product_cat","embeddable":true,"href":"https:\/\/www.modelcars24.de\/es\/wp-json\/wp\/v2\/product_cat?post=126"},{"taxonomy":"product_tag","embeddable":true,"href":"https:\/\/www.modelcars24.de\/es\/wp-json\/wp\/v2\/product_tag?post=126"}],"curies":[{"name":"wp","href":"https:\/\/api.w.org\/{rel}","templated":true}]}}