{"id":12904,"date":"2025-11-25T16:17:03","date_gmt":"2025-11-25T15:17:03","guid":{"rendered":"http:\/\/www.mondo-legno.com\/?post_type=product&#038;p=12904"},"modified":"2026-03-23T09:13:05","modified_gmt":"2026-03-23T08:13:05","slug":"martisan-ferrari-250-gto","status":"publish","type":"product","link":"https:\/\/www.modelcars24.de\/es\/martisan-ferrari-250-gto\/","title":{"rendered":"Martisan 250 GTO Chasis - 1\/18"},"content":{"rendered":"<h3 class=\"product_title entry-title\">Chasis Martisan 250 GTO<\/h3>\n<div class=\"woocommerce-product-details__short-description\">\n<p>El chasis del Martisan 250 GTO establece nuevos est\u00e1ndares en el modelismo de alta gama. Mucho m\u00e1s que una mera r\u00e9plica est\u00e1tica, este modelo impresiona por su incomparable complejidad mec\u00e1nica y su fidelidad funcional.<\/p>\n<p>Obra maestra de la mec\u00e1nica<br \/>\nMartisan concede gran importancia a la reproducci\u00f3n aut\u00e9ntica de los procesos t\u00e9cnicos. La pieza central del modelo es el detallad\u00edsimo motor V12:<\/p>\n<ul>\n<li>Mec\u00e1nica completa: El motor tiene un cig\u00fce\u00f1al realista que incluye biela y pistones.<\/li>\n<li>Conexi\u00f3n por fricci\u00f3n: todo el sistema est\u00e1 bloqueado por fricci\u00f3n, desde el motor hasta la transmisi\u00f3n y las ruedas traseras.<\/li>\n<li>Cinem\u00e1tica interactiva: cuando se mueve el modelo, los pistones se ponen en movimiento realista hacia arriba y hacia abajo a trav\u00e9s del tren motriz (diferencial y caja de cambios).<\/li>\n<\/ul>\n<p>Detalle y materialidad<br \/>\nEl modelo est\u00e1 formado principalmente por componentes met\u00e1licos de alta calidad y prescinde en gran medida del pl\u00e1stico, lo que le confiere un tacto y una calidad excepcionales:<\/p>\n<ul>\n<li>Tren de rodaje: suspensi\u00f3n de funcionamiento protot\u00edpico con amortiguadores realistas y escape oscilante.<\/li>\n<li>Interior y perif\u00e9ricos: El pedal, la palanca de cambios, el volante y el tap\u00f3n del dep\u00f3sito de combustible est\u00e1n totalmente articulados.<\/li>\n<li>Ruedas: ruedas de radios hechas a mano (radios de 0,3 mm) con neum\u00e1ticos de caucho que simulan el aspecto y la estructura de los neum\u00e1ticos de aire.<\/li>\n<\/ul>\n<p>Caracter\u00edsticas especiales de este esp\u00e9cimen<\/p>\n<ul>\n<li>Dise\u00f1o de motor semiabierto: permite una visi\u00f3n directa de la mec\u00e1nica de funcionamiento.<\/li>\n<li>Componentes adicionales: Las piezas del motor \u201eque faltan\u201c en la zona visible se incluyen como un kit preciso para que el coleccionista pueda elegir entre la transparencia t\u00e9cnica y un aspecto completo.<\/li>\n<li>Precisi\u00f3n en los detalles: las poleas funcionales y las correas del alternador, as\u00ed como los discos de freno fieles al original, completan el conjunto.<\/li>\n<\/ul>\n<p>Martisan utiliza materiales de alta calidad para el modelo. La mayor\u00eda de las piezas son de metal. En nuestro blog encontrar\u00e1 un v\u00eddeo y m\u00e1s informaci\u00f3n sobre el modelo. Puede acceder al blog haciendo clic en <a href=\"https:\/\/www.modelcars24.de\/es\/martisan-ferrari-250-chassis\/\">pulse aqu\u00ed<\/a>.<\/p>\n<p>N\u00famero de art\u00edculo: Martisan 1<\/p>\n<\/div>","protected":false},"excerpt":{"rendered":"<p>1-brandneu &#8211; 1475,00 \u20ac inkl. 19 % Vat<\/p>","protected":false},"featured_media":12905,"comment_status":"open","ping_status":"closed","template":"","meta":[],"product_brand":[877],"product_cat":[63,385,20,21],"product_tag":[],"class_list":{"0":"post-12904","1":"product","2":"type-product","3":"status-publish","4":"has-post-thumbnail","6":"product_brand-martisan","7":"product_cat-ferrari","8":"product_cat-martisan","9":"product_cat-titel","10":"product_cat-verfuegbar","11":"pa_automarke-ferrari","12":"pa_decade-1960s","13":"pa_fahrzeugtyp-coupe","14":"pa_farbe-silber","15":"pa_limitiert-ja","16":"pa_massstab-1-18","17":"pa_modelmarke-martisan","18":"pa_modeltyp-alles-zum-oeffnen","19":"pa_modeltyp-fertigmodell","20":"pa_status-beim-hersteller-verfuegbar","21":"pa_verfuegbarkeit-sofort-verfuegbar","22":"pa_zustand_modell-1-brandneu","23":"pa_zustand_verpackung-1-brandneu","25":"first","26":"instock","27":"taxable","28":"shipping-taxable","29":"purchasable","30":"product-type-simple"},"jetpack_sharing_enabled":true,"_links":{"self":[{"href":"https:\/\/www.modelcars24.de\/es\/wp-json\/wp\/v2\/product\/12904","targetHints":{"allow":["GET"]}}],"collection":[{"href":"https:\/\/www.modelcars24.de\/es\/wp-json\/wp\/v2\/product"}],"about":[{"href":"https:\/\/www.modelcars24.de\/es\/wp-json\/wp\/v2\/types\/product"}],"replies":[{"embeddable":true,"href":"https:\/\/www.modelcars24.de\/es\/wp-json\/wp\/v2\/comments?post=12904"}],"version-history":[{"count":4,"href":"https:\/\/www.modelcars24.de\/es\/wp-json\/wp\/v2\/product\/12904\/revisions"}],"predecessor-version":[{"id":62471,"href":"https:\/\/www.modelcars24.de\/es\/wp-json\/wp\/v2\/product\/12904\/revisions\/62471"}],"wp:featuredmedia":[{"embeddable":true,"href":"https:\/\/www.modelcars24.de\/es\/wp-json\/wp\/v2\/media\/12905"}],"wp:attachment":[{"href":"https:\/\/www.modelcars24.de\/es\/wp-json\/wp\/v2\/media?parent=12904"}],"wp:term":[{"taxonomy":"product_brand","embeddable":true,"href":"https:\/\/www.modelcars24.de\/es\/wp-json\/wp\/v2\/product_brand?post=12904"},{"taxonomy":"product_cat","embeddable":true,"href":"https:\/\/www.modelcars24.de\/es\/wp-json\/wp\/v2\/product_cat?post=12904"},{"taxonomy":"product_tag","embeddable":true,"href":"https:\/\/www.modelcars24.de\/es\/wp-json\/wp\/v2\/product_tag?post=12904"}],"curies":[{"name":"wp","href":"https:\/\/api.w.org\/{rel}","templated":true}]}}