{"id":13231,"date":"2023-10-04T16:43:00","date_gmt":"2023-10-04T14:43:00","guid":{"rendered":"http:\/\/www.mondo-legno.com\/?post_type=product&#038;p=13231"},"modified":"2025-12-10T13:29:05","modified_gmt":"2025-12-10T12:29:05","slug":"bbr-pagani-imola-2020-carbono-mate-2","status":"publish","type":"product","link":"https:\/\/www.modelcars24.de\/es\/bbr-pagani-imola-2020-matt-carbon\/","title":{"rendered":"BBR Pagani Imola 2020 Fibra de Carbono Mate Negro - 1\/18"},"content":{"rendered":"<h3>BBR Pagani Imola 2020 <span class=\"BBR_SchedaProdotto_SubTitle\">Fibra de carbono mate Negro<\/span><\/h3>\n<p>El nuevo Pagani Imola, que toma su nombre de la pista de carreras en la que fue moldeado y desarrollado, es un hipercoche de carretera con absoluto car\u00e1cter de competici\u00f3n, que encarna la m\u00e1s alta tecnolog\u00eda en el circuito dise\u00f1ado por Pagani Automobili.<br \/>\nLa producci\u00f3n se limit\u00f3 a s\u00f3lo 5 coches, todos ellos ya vendidos. El Pagani Imola fue protagonista del ciclo de validaci\u00f3n m\u00e1s riguroso en una pista que nunca se hab\u00eda utilizado para un coche Pagani. Adem\u00e1s de la regular y ya escrupulosa validaci\u00f3n, el IMOLA recorri\u00f3 m\u00e1s de 16.000 KM en la pista a velocidad de competici\u00f3n, lo que equivale a unas tres veces las 24 Horas de Le Mans.<\/p>\n<p>La empresa BBR ofrece este maravilloso modelo a escala 1:18.<br \/>\nCubrir todo el veh\u00edculo con pegatinas de r\u00e9plica de fibra de carbono lleva unas 6 horas de trabajo por cada modelo de coche. A continuaci\u00f3n, todo se pinta con barniz mate transparente para reproducir a la perfecci\u00f3n Imola.<\/p>\n<p><span style=\"font-size: 16px;\">.<\/span><br \/>N\u00famero de art\u00edculo: P18192F<\/p>","protected":false},"excerpt":{"rendered":"<p>BBR Pagani Imola 2020 Matt Carbon Fibre Black, de BBR, ya disponible en www.modelcars24.de<\/p>","protected":false},"featured_media":13232,"comment_status":"open","ping_status":"closed","template":"","meta":[],"product_brand":[851],"product_cat":[169,249,262],"product_tag":[172,173,175,284,285,181,182],"class_list":{"0":"post-13231","1":"product","2":"type-product","3":"status-publish","4":"has-post-thumbnail","6":"product_brand-bbr","7":"product_cat-bbr","8":"product_cat-pagani","9":"product_cat-vorbestellbar","10":"product_tag-atelier","11":"product_tag-bbr","12":"product_tag-competizione","13":"product_tag-laferrari-aperta","14":"product_tag-laferrari-price-2020","15":"product_tag-mrcollection","16":"product_tag-perfectly-embodies-ferraris","17":"pa_automarke-pagani","18":"pa_decade-2020s","19":"pa_fahrzeugtyp-coupe","20":"pa_farbe-schwarz","21":"pa_limitiert-nein","22":"pa_massstab-1-18","23":"pa_modelmarke-bbr","24":"pa_modeltyp-fertigmodell","25":"pa_modeltyp-geschlossen","26":"pa_status-beim-hersteller-verfuegbar","27":"pa_zustand_modell-1-brandneu","28":"pa_zustand_verpackung-1-brandneu","30":"first","31":"instock","32":"taxable","33":"shipping-taxable","34":"purchasable","35":"product-type-simple"},"jetpack_sharing_enabled":true,"_links":{"self":[{"href":"https:\/\/www.modelcars24.de\/es\/wp-json\/wp\/v2\/product\/13231","targetHints":{"allow":["GET"]}}],"collection":[{"href":"https:\/\/www.modelcars24.de\/es\/wp-json\/wp\/v2\/product"}],"about":[{"href":"https:\/\/www.modelcars24.de\/es\/wp-json\/wp\/v2\/types\/product"}],"replies":[{"embeddable":true,"href":"https:\/\/www.modelcars24.de\/es\/wp-json\/wp\/v2\/comments?post=13231"}],"version-history":[{"count":2,"href":"https:\/\/www.modelcars24.de\/es\/wp-json\/wp\/v2\/product\/13231\/revisions"}],"predecessor-version":[{"id":57908,"href":"https:\/\/www.modelcars24.de\/es\/wp-json\/wp\/v2\/product\/13231\/revisions\/57908"}],"wp:featuredmedia":[{"embeddable":true,"href":"https:\/\/www.modelcars24.de\/es\/wp-json\/wp\/v2\/media\/13232"}],"wp:attachment":[{"href":"https:\/\/www.modelcars24.de\/es\/wp-json\/wp\/v2\/media?parent=13231"}],"wp:term":[{"taxonomy":"product_brand","embeddable":true,"href":"https:\/\/www.modelcars24.de\/es\/wp-json\/wp\/v2\/product_brand?post=13231"},{"taxonomy":"product_cat","embeddable":true,"href":"https:\/\/www.modelcars24.de\/es\/wp-json\/wp\/v2\/product_cat?post=13231"},{"taxonomy":"product_tag","embeddable":true,"href":"https:\/\/www.modelcars24.de\/es\/wp-json\/wp\/v2\/product_tag?post=13231"}],"curies":[{"name":"wp","href":"https:\/\/api.w.org\/{rel}","templated":true}]}}