{"id":133,"date":"2025-06-03T11:54:02","date_gmt":"2025-06-03T09:54:02","guid":{"rendered":"https:\/\/www.modelcars24.de\/?post_type=product&#038;p=133"},"modified":"2026-04-22T09:11:59","modified_gmt":"2026-04-22T07:11:59","slug":"cmc-porsche-901-coupe-1964-5","status":"publish","type":"product","link":"https:\/\/www.modelcars24.de\/es\/cmc-porsche-901-coupe-1964-5\/","title":{"rendered":"CMC Porsche 901 Coup\u00e9, 1964 - 1\/18"},"content":{"rendered":"<h3>CMC Porsche 901 Coup\u00e9, 1964, azul esmalte, interior de cuero gris<\/h3>\n<p>Mientras tanto, el 901 o 911 ocupa un lugar firme en el Olimpo. CMC ofrece ahora a todos aquellos que a\u00fan hoy sue\u00f1an con \u00e9l -y, por supuesto, a todos los aficionados al modelismo- el 901 como una miniatura fant\u00e1sticamente bella, fabricada artesanalmente a partir de 971 piezas -y, por tanto, por fin un modelo de autom\u00f3vil que hace justicia al original.<\/p>\n<p>Detalles del CMC Porsche 901<\/p>\n<ul>\n<li>Modelo met\u00e1lico de precisi\u00f3n ensamblado a mano con 971 piezas<\/li>\n<li>Aut\u00e9ntica carrocer\u00eda moldeada a escala real con pintura brillante<\/li>\n<li>Paragolpes delantero y trasero de metal macizo; bocinas cromadas de alto brillo<\/li>\n<li>Cap\u00f3 y maletero abatibles<\/li>\n<li>Motor b\u00f3xer de seis cilindros muy detallado con tuber\u00edas y cableado completos<\/li>\n<li>Dise\u00f1o interior fiel al original<\/li>\n<li>Respaldo regulable<\/li>\n<li>Asientos con tapicer\u00eda combinada de cuero y tela de cuadros<\/li>\n<li>radio detallada<\/li>\n<li>Parasol plegable con espejo de cortes\u00eda<\/li>\n<li>Tapa del dep\u00f3sito de combustible m\u00f3vil con solapa de cuero como protecci\u00f3n contra ara\u00f1azos (como el original)<\/li>\n<li>Antena retr\u00e1ctil<\/li>\n<li>Rueda de repuesto desmontable<\/li>\n<li>Funda de moqueta extra\u00edble<\/li>\n<li>Neum\u00e1ticos con dibujo aut\u00e9ntico y letras Continental<\/li>\n<li>La caja de herramientas y piezas de acero inoxidable suministrada<\/li>\n<\/ul>\n<p>N\u00famero de art\u00edculo: M-067D<\/p>\n<p>2-nuevo con todos los accesorios<\/p>","protected":false},"excerpt":{"rendered":"<p>M-067D &#8211; 2-neuwertig &#8211; 585,00 \u20ac<\/p>","protected":false},"featured_media":40289,"comment_status":"open","ping_status":"closed","template":"","meta":{"_acf_changed":false},"product_brand":[537],"product_cat":[18,45,56,21],"product_tag":[57,58,584,585],"class_list":{"0":"post-133","1":"product","2":"type-product","3":"status-publish","4":"has-post-thumbnail","6":"product_brand-cmc","7":"product_cat-cmc","8":"product_cat-neuzugang","9":"product_cat-porsche","10":"product_cat-verfuegbar","11":"product_tag-57","12":"product_tag-cmc-porsche-901-coupe","13":"product_tag-emailblau","14":"product_tag-innen-leder-grau","15":"pa_automarke-porsche","16":"pa_decade-1960s","17":"pa_fahrzeugtyp-coupe","18":"pa_farbe-emailblau","19":"pa_limitiert-ja","20":"pa_massstab-1-18","21":"pa_modelmarke-cmc","22":"pa_modeltyp-alles-zum-oeffnen","23":"pa_modeltyp-fertigmodell","24":"pa_status-beim-hersteller-ausverkauft","25":"pa_verfuegbarkeit-sofort-verfuegbar","26":"pa_zustand_modell-2-neuwertig","27":"pa_zustand_verpackung-2-neuwertig","29":"first","30":"outofstock","31":"purchasable","32":"product-type-simple"},"acf":[],"jetpack_sharing_enabled":true,"_links":{"self":[{"href":"https:\/\/www.modelcars24.de\/es\/wp-json\/wp\/v2\/product\/133","targetHints":{"allow":["GET"]}}],"collection":[{"href":"https:\/\/www.modelcars24.de\/es\/wp-json\/wp\/v2\/product"}],"about":[{"href":"https:\/\/www.modelcars24.de\/es\/wp-json\/wp\/v2\/types\/product"}],"replies":[{"embeddable":true,"href":"https:\/\/www.modelcars24.de\/es\/wp-json\/wp\/v2\/comments?post=133"}],"version-history":[{"count":6,"href":"https:\/\/www.modelcars24.de\/es\/wp-json\/wp\/v2\/product\/133\/revisions"}],"predecessor-version":[{"id":63396,"href":"https:\/\/www.modelcars24.de\/es\/wp-json\/wp\/v2\/product\/133\/revisions\/63396"}],"wp:featuredmedia":[{"embeddable":true,"href":"https:\/\/www.modelcars24.de\/es\/wp-json\/wp\/v2\/media\/40289"}],"wp:attachment":[{"href":"https:\/\/www.modelcars24.de\/es\/wp-json\/wp\/v2\/media?parent=133"}],"wp:term":[{"taxonomy":"product_brand","embeddable":true,"href":"https:\/\/www.modelcars24.de\/es\/wp-json\/wp\/v2\/product_brand?post=133"},{"taxonomy":"product_cat","embeddable":true,"href":"https:\/\/www.modelcars24.de\/es\/wp-json\/wp\/v2\/product_cat?post=133"},{"taxonomy":"product_tag","embeddable":true,"href":"https:\/\/www.modelcars24.de\/es\/wp-json\/wp\/v2\/product_tag?post=133"}],"curies":[{"name":"wp","href":"https:\/\/api.w.org\/{rel}","templated":true}]}}