{"id":134,"date":"2025-10-05T11:54:02","date_gmt":"2025-10-05T09:54:02","guid":{"rendered":"http:\/\/www.mondo-legno.com\/?post_type=product&#038;p=134"},"modified":"2025-12-10T13:25:02","modified_gmt":"2025-12-10T12:25:02","slug":"cmc-ferrari-156f1-1961-colina-monza-salida-numero-2","status":"publish","type":"product","link":"https:\/\/www.modelcars24.de\/es\/cmc-ferrari-156f1-1961-hill-monza-startnummer-2\/","title":{"rendered":"CMC Ferrari 156F1, 1961, Hill \/ Monza, n\u00famero de salida 2 - 1\/18"},"content":{"rendered":"<h3>CMC Ferrari 156F1, 1961, Hill \/ Monza, n\u00famero de salida 2<\/h3>\n<div>\n<ul>\n<li>Modelo met\u00e1lico de precisi\u00f3n ensamblado a mano a partir de 1.640 piezas<\/li>\n<li>Aut\u00e9ntica carrocer\u00eda moldeada a escala real con pintura brillante<\/li>\n<li>Dise\u00f1o protot\u00edpico de la cabina del piloto<\/li>\n<li>Carcasa de asiento con revestimiento textil y ribete de cuero<\/li>\n<li>Salpicadero totalmente instrumentado<\/li>\n<li>Suspensi\u00f3n de ruedas independiente sobre trapecios met\u00e1licos con muelles helicoidales<\/li>\n<li>Amortiguadores telesc\u00f3picos internos<\/li>\n<li>Sistema de escape con codos de tubo met\u00e1licos<\/li>\n<li>Colectores de admisi\u00f3n del carburador de malla met\u00e1lica fina (con cap\u00f3s de pl\u00e1stico cerrados en el modelo con n\u00famero de arranque 3) y embudos del carburador de acero inoxidable.<\/li>\n<li>Aut\u00e9ntico parabrisas de tres partes de cristal de pl\u00e1stico de alta calidad (en el modelo con n\u00famero de partida 4 con deflector de viento acoplado)<\/li>\n<li>Una caracter\u00edstica llamativa de este coche de carreras plano y alargado es su morro c\u00f3nico con dos grandes aberturas de ventilaci\u00f3n en forma de fosas nasales. De ah\u00ed el apodo de \u201eSharknose\u201c (nariz de tibur\u00f3n).<\/li>\n<li>Puro dinamismo. La inclinaci\u00f3n negativa de las ruedas traseras es una caracter\u00edstica de dise\u00f1o deliberada. La unidad de embrague externa puede verse detr\u00e1s de la parrilla trasera.<\/li>\n<li>Reproducci\u00f3n muy detallada del motor de seis cilindros en V con caja de cambios y embrague externo.<\/li>\n<li>Discos de freno traseros internos con ejes de transmisi\u00f3n<\/li>\n<li>Tendido completo de cables y cableado<\/li>\n<li>La secci\u00f3n de proa puede desmontarse aflojando dos tornillos<\/li>\n<li>Dep\u00f3sito de aceite y dep\u00f3sito de combustible auxiliar, as\u00ed como dep\u00f3sitos laterales de combustible de acero inoxidable pintado<\/li>\n<li>Aletas m\u00f3viles de la secci\u00f3n de proa como acceso a la boca de llenado de aceite m\u00f3vil y a la entrada de aire para el sistema de refrigeraci\u00f3n del espacio para los pies de la ba\u00f1era.<\/li>\n<li>Bastidor de celos\u00eda tubular como construcci\u00f3n met\u00e1lica de filigrana<\/li>\n<li>Barra antivuelco de metal cromado<\/li>\n<li>L\u00edneas de freno, combustible y ventilaci\u00f3n<\/li>\n<li>Tuber\u00edas para agua y aceite (lubricaci\u00f3n por c\u00e1rter seco)<\/li>\n<li>Trazado aut\u00e9ntico de la bater\u00eda<\/li>\n<li>Ruedas desmontables con llantas de aluminio y radios de alambre de acero inoxidable montados a mano con cabecillas<\/li>\n<li>Cierres centrales de rueda Borrani de tres hojas<\/li>\n<li>Dep\u00f3sito de aceite y dep\u00f3sito auxiliar de combustible de acero inoxidable con disposici\u00f3n protot\u00edpica de remaches<\/li>\n<li>Embrague externo con corona dentada de arranque<\/li>\n<\/ul>\n<\/div>\n<h4>Descripci\u00f3n del veh\u00edculo original:<\/h4>\n<div>La temporada de carreras de 1961 est\u00e1 dominada por dos pilotos de Ferrari: el estadounidense Phil Hill y el alem\u00e1n Wolfgang Graf Berghe von Trips, que conquista los corazones de sus compatriotas con su modestia. Los dos compa\u00f1eros llevan a la Scuderia de victoria en victoria.<br \/>\nAdem\u00e1s de sus habilidades al volante, este \u00e9xito se debi\u00f3 sin duda al nuevo coche de carreras, desarrollado para la f\u00f3rmula de competici\u00f3n de 1,5 litros en vigor desde 1961. Su llamativo rasgo distintivo: un hocico puntiagudo con salidas de aire de refrigeraci\u00f3n de forma inusual, que pronto le vali\u00f3 al coche de carreras el apodo de \u201eSharknose\u201c (nariz de tibur\u00f3n).<br \/>\nLa lucha por el t\u00edtulo entre Graf Berghe von Trips y Phil Hill tiene lugar el 10 de septiembre de 1961 en Monza. El alem\u00e1n ten\u00eda 33 puntos, el americano 29. Von Trips sale por primera vez desde la pole position, pero comete un error y corre el riesgo de perder el contacto. Pero no se rinde, primero adelanta a Brabham, luego a Clark, tira a la izquierda antes de la curva pronunciada - y pasa por alto el hecho de que Clark ha lanzado un contraataque y ya est\u00e1 a la altura del eje trasero del Ferrari con su Lotus. Los coches chocan. El Ferrari vuelca dos veces y es lanzado contra una valla, detr\u00e1s de la cual se agolpan los espectadores. Von Trips sale despedido de la cabina y muere en el acto. Con \u00e9l mueren 15 espectadores. Es uno de los d\u00edas m\u00e1s negros de la historia del automovilismo.<br \/>\nPhil Hill gana la carrera y se convierte en el primer estadounidense en proclamarse campe\u00f3n del mundo de F\u00f3rmula 1. Ferrari tambi\u00e9n gana el t\u00edtulo de constructores.<\/div>\n<p>N\u00famero de art\u00edculo: M-068<\/p>","protected":false},"excerpt":{"rendered":"<p>M-068 &#8211; 2-neuwertig &#8211; 290,00 \u20ac<\/p>","protected":false},"featured_media":43805,"comment_status":"open","ping_status":"closed","template":"","meta":{"_acf_changed":false},"product_brand":[537],"product_cat":[18,63,21],"product_tag":[64,65,66,67],"class_list":{"0":"post-134","1":"product","2":"type-product","3":"status-publish","4":"has-post-thumbnail","6":"product_brand-cmc","7":"product_cat-cmc","8":"product_cat-ferrari","9":"product_cat-verfuegbar","10":"product_tag-64","11":"product_tag-cmc-ferrari-156f1","12":"product_tag-hill-monza","13":"product_tag-startnummer-2","14":"pa_automarke-ferrari","15":"pa_decade-1960s","16":"pa_fahrzeugtyp-formel-1","17":"pa_farbe-rot","18":"pa_limitiert-ja","19":"pa_massstab-1-18","20":"pa_modelmarke-cmc","21":"pa_modeltyp-alles-zum-oeffnen","22":"pa_modeltyp-fertigmodell","23":"pa_status-beim-hersteller-ausverkauft","24":"pa_verfuegbarkeit-nicht-verfuegbar","25":"pa_zustand_modell-2-neuwertig","26":"pa_zustand_verpackung-2-neuwertig","28":"first","29":"outofstock","30":"purchasable","31":"product-type-simple"},"acf":[],"jetpack_sharing_enabled":true,"_links":{"self":[{"href":"https:\/\/www.modelcars24.de\/es\/wp-json\/wp\/v2\/product\/134","targetHints":{"allow":["GET"]}}],"collection":[{"href":"https:\/\/www.modelcars24.de\/es\/wp-json\/wp\/v2\/product"}],"about":[{"href":"https:\/\/www.modelcars24.de\/es\/wp-json\/wp\/v2\/types\/product"}],"replies":[{"embeddable":true,"href":"https:\/\/www.modelcars24.de\/es\/wp-json\/wp\/v2\/comments?post=134"}],"version-history":[{"count":4,"href":"https:\/\/www.modelcars24.de\/es\/wp-json\/wp\/v2\/product\/134\/revisions"}],"predecessor-version":[{"id":57434,"href":"https:\/\/www.modelcars24.de\/es\/wp-json\/wp\/v2\/product\/134\/revisions\/57434"}],"wp:featuredmedia":[{"embeddable":true,"href":"https:\/\/www.modelcars24.de\/es\/wp-json\/wp\/v2\/media\/43805"}],"wp:attachment":[{"href":"https:\/\/www.modelcars24.de\/es\/wp-json\/wp\/v2\/media?parent=134"}],"wp:term":[{"taxonomy":"product_brand","embeddable":true,"href":"https:\/\/www.modelcars24.de\/es\/wp-json\/wp\/v2\/product_brand?post=134"},{"taxonomy":"product_cat","embeddable":true,"href":"https:\/\/www.modelcars24.de\/es\/wp-json\/wp\/v2\/product_cat?post=134"},{"taxonomy":"product_tag","embeddable":true,"href":"https:\/\/www.modelcars24.de\/es\/wp-json\/wp\/v2\/product_tag?post=134"}],"curies":[{"name":"wp","href":"https:\/\/api.w.org\/{rel}","templated":true}]}}