{"id":14188,"date":"2024-03-12T21:02:47","date_gmt":"2024-03-12T20:02:47","guid":{"rendered":"http:\/\/www.mondo-legno.com\/?post_type=product&#038;p=14188"},"modified":"2025-12-10T13:29:19","modified_gmt":"2025-12-10T12:29:19","slug":"lote-cmc-ferrari-250-gto-brandon-wang-m-255-18-con-vitrina","status":"publish","type":"product","link":"https:\/\/www.modelcars24.de\/es\/bundle-cmc-ferrari-250-gto-brandon-wang-m-255-18-mit-vitrine\/","title":{"rendered":"CMC Bundle CMC Ferrari 250 GTO Brandon Wang M-255 con vitrina gris, negra o roja - 1\/18"},"content":{"rendered":"<div id=\"description\">\n<div class=\"long_desc\">\n<h3>CMC Ferrari 250 GTO Brandon Wang M-255 #18, 2004 Monterey Historical Races #18 Chasis 4219GT, Edici\u00f3n Limitada 2200 con vitrina BBR en negro, gris o rojo-.<\/h3>\n<div>\n<ul>\n<li>Modelo met\u00e1lico de precisi\u00f3n ensamblado a mano como volante a la izquierda compuesto por 1.863 piezas, de las cuales 1.223 son s\u00f3lo piezas met\u00e1licas<\/li>\n<li>Cap\u00f3 abatible con barra de apoyo y cierres r\u00e1pidos funcionales con protecci\u00f3n de correa de cuero<\/li>\n<li>Puertas funcionales con ventanas correderas m\u00f3viles<\/li>\n<li>Tapa del maletero con barra de apoyo y rueda de repuesto<\/li>\n<li>Boca de llenado del dep\u00f3sito trasero con tap\u00f3n de apertura<\/li>\n<li>Ruedas de radios perfectamente dise\u00f1adas y cierres centrales Borrani atornillables con rosca derecha\/izquierda<\/li>\n<li>Motor V-12 muy detallado con unidades complementarias y tendido de cables \/ cableado<\/li>\n<li>Interior de veh\u00edculo prototipo con jaula antivuelco y cinturones de seguridad. Asientos con ribete de cuero y revestimiento textil<\/li>\n<li>Cuadro de mandos coherente<\/li>\n<li>R\u00e9plica exacta del conjunto del suelo. Perfecta suspensi\u00f3n de las ruedas delanteras y traseras. Dep\u00f3sito de aceite y gasolina de chapa de acero inoxidable. Sistema de escape de competici\u00f3n.<\/li>\n<li>Placa base de acero inoxidable desenroscable<\/li>\n<\/ul>\n<\/div>\n<div><\/div>\n<div>El chasis 4219GT se vendi\u00f3 por primera vez a la estadounidense Mamie Spears Reynolds, hija del senador Robert Reynolds y heredera de la fortuna del tabaco Reynolds. Condujo el coche para Pedro Rodr\u00edguez en la carrera Daytona Continental de 1963, que el joven mexicano gan\u00f3 r\u00e1pidamente con el n\u00famero de salida #18. En mayo de 1963, el coche fue vendido a Beverly Spencer, que lo pilot\u00f3 brevemente con algunos \u00e9xitos en Laguna Seca, Monterey, Pacific Raceway y Candlestick Raceway. Tras retirarse de las carreras contempor\u00e1neas en 1964<br \/>\nChasis 4219GT comprado por George C. Dyer Sr. que lo hizo pintar de azul oscuro. Condujo el coche a diario. Aunque el coche volvi\u00f3 a cambiar de manos en 1993, conserv\u00f3 su hermosa librea azul y sigue siendo uno de los 250 GTO m\u00e1s originales de la historia. CMC presenta el coche tal y como compiti\u00f3 en las Carreras Hist\u00f3ricas de Monterey, Laguna Seca, con el n\u00famero de salida #18 en 2004.<\/div>\n<\/div>\n<\/div>\n<div><\/div>\n<div><\/div>\n<div class=\"clearfix\"><\/div>\n<p>N\u00famero de art\u00edculo: M-255-1<\/p>","protected":false},"excerpt":{"rendered":"<p>1-a estrenar \u2013 en lugar de 697,00 \u20ac ahora 624,00 \u20ac incl. 19% IVA<\/p>","protected":false},"featured_media":45918,"comment_status":"open","ping_status":"closed","template":"","meta":{"_acf_changed":false},"product_brand":[537],"product_cat":[18,63,20,21],"product_tag":[78,152,309],"class_list":{"0":"post-14188","1":"product","2":"type-product","3":"status-publish","4":"has-post-thumbnail","6":"product_brand-cmc","7":"product_cat-cmc","8":"product_cat-ferrari","9":"product_cat-titel","10":"product_cat-verfuegbar","11":"product_tag-angebot","12":"product_tag-cmc-ferrari-250-gto","13":"product_tag-cmc-ferrari-250-gto-brandon-wang-m-255-18","14":"pa_automarke-bundle","15":"pa_decade-1960s","16":"pa_fahrzeugtyp-gt-rennen","17":"pa_farbe-blau","18":"pa_limitiert-ja","19":"pa_massstab-1-18","20":"pa_modelmarke-cmc","21":"pa_modeltyp-alles-zum-oeffnen","22":"pa_modeltyp-fertigmodell","23":"pa_status-beim-hersteller-verfuegbar","24":"pa_verfuegbarkeit-sofort-verfuegbar","25":"pa_zustand_modell-1-brandneu","26":"pa_zustand_verpackung-1-brandneu","28":"first","29":"instock","30":"sale","31":"taxable","32":"shipping-taxable","33":"purchasable","34":"product-type-simple"},"acf":[],"jetpack_sharing_enabled":true,"_links":{"self":[{"href":"https:\/\/www.modelcars24.de\/es\/wp-json\/wp\/v2\/product\/14188","targetHints":{"allow":["GET"]}}],"collection":[{"href":"https:\/\/www.modelcars24.de\/es\/wp-json\/wp\/v2\/product"}],"about":[{"href":"https:\/\/www.modelcars24.de\/es\/wp-json\/wp\/v2\/types\/product"}],"replies":[{"embeddable":true,"href":"https:\/\/www.modelcars24.de\/es\/wp-json\/wp\/v2\/comments?post=14188"}],"version-history":[{"count":3,"href":"https:\/\/www.modelcars24.de\/es\/wp-json\/wp\/v2\/product\/14188\/revisions"}],"predecessor-version":[{"id":57951,"href":"https:\/\/www.modelcars24.de\/es\/wp-json\/wp\/v2\/product\/14188\/revisions\/57951"}],"wp:featuredmedia":[{"embeddable":true,"href":"https:\/\/www.modelcars24.de\/es\/wp-json\/wp\/v2\/media\/45918"}],"wp:attachment":[{"href":"https:\/\/www.modelcars24.de\/es\/wp-json\/wp\/v2\/media?parent=14188"}],"wp:term":[{"taxonomy":"product_brand","embeddable":true,"href":"https:\/\/www.modelcars24.de\/es\/wp-json\/wp\/v2\/product_brand?post=14188"},{"taxonomy":"product_cat","embeddable":true,"href":"https:\/\/www.modelcars24.de\/es\/wp-json\/wp\/v2\/product_cat?post=14188"},{"taxonomy":"product_tag","embeddable":true,"href":"https:\/\/www.modelcars24.de\/es\/wp-json\/wp\/v2\/product_tag?post=14188"}],"curies":[{"name":"wp","href":"https:\/\/api.w.org\/{rel}","templated":true}]}}