{"id":14216,"date":"2024-04-07T13:22:53","date_gmt":"2024-04-07T11:22:53","guid":{"rendered":"http:\/\/www.mondo-legno.com\/?post_type=product&#038;p=14216"},"modified":"2026-05-15T13:31:14","modified_gmt":"2026-05-15T11:31:14","slug":"talbot-lago-coupe-tipo-150","status":"publish","type":"product","link":"https:\/\/www.modelcars24.de\/es\/talbot-lago-coupe-typ-150\/","title":{"rendered":"CMC Talbot Lago Coup\u00e9 Tipo 150 SS Figoni &amp; Falaschi, \u201cTeardrop\u201d, 1937-39 - 1\/18"},"content":{"rendered":"<h3>CMC Talbot-Lago Coup\u00e9 T150 C-SS Figoni &amp; Falaschi \u201cTeardrop\u201d, 1937-39<\/h3>\n<p>El Talbot Lago Coup\u00e9 cumple un sue\u00f1o largamente acariciado por la direcci\u00f3n de CMC. En los primeros a\u00f1os de CMC, este sofisticado tipo de coche era \u201etodav\u00eda un tama\u00f1o demasiado grande\u201c para cumplir los elevados requisitos de modelado de este coche cl\u00e1sico del siglo. Desde la perspectiva actual, tras m\u00e1s de 20 a\u00f1os de experiencia en el modelado de coches cl\u00e1sicos, ahora est\u00e1bamos preparados para recrear este coche de ensue\u00f1o con una carrocer\u00eda en forma de \u201el\u00e1grima\u201c realizada por los virtuosos franceses de la chapa Figoni &amp; Falaschi que es insuperable en elegancia y est\u00e9tica como modelo de alta gama.<\/p>\n<ul>\n<li>Modelo met\u00e1lico de precisi\u00f3n ensamblado a mano a partir de 1.488 piezas individuales<\/li>\n<li>Aut\u00e9ntica carrocer\u00eda de \u201el\u00e1grima\u201c moldeada a escala real por los carroceros franceses Figoni &amp; Falaschi.<\/li>\n<li>Bastidor del veh\u00edculo dise\u00f1ado con precisi\u00f3n como construcci\u00f3n met\u00e1lica<\/li>\n<li>Cap\u00f3 de apertura con branquias de ventilaci\u00f3n perforadas. La barra de soporte mantiene el cap\u00f3 en posici\u00f3n abierta<\/li>\n<li>Representaci\u00f3n protot\u00edpica del llamativo frontal del veh\u00edculo con faros encastrados en la carrocer\u00eda y cubierta de la parrilla de acero inoxidable. Parrilla del radiador met\u00e1lica de dise\u00f1o perfecto<\/li>\n<li>Techo solar met\u00e1lico funcional de f\u00e1cil manejo<\/li>\n<li>Elaborados paneles laterales de la carrocer\u00eda fabricados en metal<\/li>\n<li>Cubierta moldeada para las ruedas traseras con almohadillas met\u00e1licas en forma de media luna<\/li>\n<li>Puertas de conductor y pasajero m\u00f3viles<\/li>\n<li>Motor de 6 cilindros en l\u00ednea altamente detallado con todas las unidades adicionales y tuber\u00edas\/cableado<\/li>\n<li>Ruedas de radios perfectas y cierres centrales de doble hoja atornillados<\/li>\n<li>Apertura de la tapa del maletero. Las varillas de soporte de dos lados mantienen el cap\u00f3 en posici\u00f3n abierta. Rueda de repuesto desmontable<\/li>\n<li>Asiento corrido tapizado en cuero con respaldo abatible y tambi\u00e9n tapizado en cuero<\/li>\n<li>Salpicadero finamente elaborado con todos los instrumentos de visualizaci\u00f3n e interruptores de control<\/li>\n<li>Elaborado ensamblaje del suelo con perfecta representaci\u00f3n de la cadena cinem\u00e1tica<\/li>\n<li>Brillante pintura exterior en un color azul gris\u00e1ceo fiel al original<\/li>\n<\/ul>\n<p>HISTORIA (VEH\u00cdCULO ORIGINAL) Cuando CMC decidi\u00f3 recrear el Talbot Lago Coup\u00e9 con carrocer\u00eda \u201eTeardrop\u201c de Figoni &amp; Falaschi como modelo, el pulso de nuestros modelistas se aceler\u00f3 y la alegr\u00eda de poder recrear semejante obra de arte fue inmensa. Al mismo tiempo, sin embargo, tambi\u00e9n exist\u00eda el reto y la obligaci\u00f3n de cumplir este exigente proyecto. Muchos expertos de todo el mundo coinciden en que este veh\u00edculo ya no puede juzgarse con los criterios que se aplican normalmente a los autom\u00f3viles. El Talbot Lago, con su carrocer\u00eda realizada por los famosos chapistas franceses Figoni &amp; Falaschi, parece de otro planeta. El coche es sencillamente lo que hoy se llamar\u00eda \u201eel estado del arte\u201c.<br \/>\nN\u00famero de art\u00edculo: M-145-1<\/p>","protected":false},"excerpt":{"rendered":"<p>M-145 &#8211; 1-brandneu &#8211; anstatt 567,00 \u20ac jetzt 419,00 \u20ac inkl. 19% Vat<\/p>","protected":false},"featured_media":45921,"comment_status":"open","ping_status":"closed","template":"","meta":[],"product_brand":[537],"product_cat":[17,18,396,397,20,21],"product_tag":[78],"class_list":{"0":"post-14216","1":"product","2":"type-product","3":"status-publish","4":"has-post-thumbnail","6":"product_brand-cmc","7":"product_cat-angebot","8":"product_cat-cmc","9":"product_cat-reduziert","10":"product_cat-talbot","11":"product_cat-titel","12":"product_cat-verfuegbar","13":"product_tag-angebot","14":"pa_automarke-talbot","15":"pa_decade-1930s","16":"pa_fahrzeugtyp-coupe","17":"pa_farbe-blau","18":"pa_limitiert-nein","19":"pa_massstab-1-18","20":"pa_modelmarke-cmc","21":"pa_modeltyp-alles-zum-oeffnen","22":"pa_modeltyp-fertigmodell","23":"pa_verfuegbarkeit-sofort-verfuegbar","24":"pa_zustand_modell-1-brandneu","25":"pa_zustand_verpackung-1-brandneu","27":"first","28":"instock","29":"sale","30":"purchasable","31":"product-type-simple"},"jetpack_sharing_enabled":true,"_links":{"self":[{"href":"https:\/\/www.modelcars24.de\/es\/wp-json\/wp\/v2\/product\/14216","targetHints":{"allow":["GET"]}}],"collection":[{"href":"https:\/\/www.modelcars24.de\/es\/wp-json\/wp\/v2\/product"}],"about":[{"href":"https:\/\/www.modelcars24.de\/es\/wp-json\/wp\/v2\/types\/product"}],"replies":[{"embeddable":true,"href":"https:\/\/www.modelcars24.de\/es\/wp-json\/wp\/v2\/comments?post=14216"}],"version-history":[{"count":0,"href":"https:\/\/www.modelcars24.de\/es\/wp-json\/wp\/v2\/product\/14216\/revisions"}],"wp:featuredmedia":[{"embeddable":true,"href":"https:\/\/www.modelcars24.de\/es\/wp-json\/wp\/v2\/media\/45921"}],"wp:attachment":[{"href":"https:\/\/www.modelcars24.de\/es\/wp-json\/wp\/v2\/media?parent=14216"}],"wp:term":[{"taxonomy":"product_brand","embeddable":true,"href":"https:\/\/www.modelcars24.de\/es\/wp-json\/wp\/v2\/product_brand?post=14216"},{"taxonomy":"product_cat","embeddable":true,"href":"https:\/\/www.modelcars24.de\/es\/wp-json\/wp\/v2\/product_cat?post=14216"},{"taxonomy":"product_tag","embeddable":true,"href":"https:\/\/www.modelcars24.de\/es\/wp-json\/wp\/v2\/product_tag?post=14216"}],"curies":[{"name":"wp","href":"https:\/\/api.w.org\/{rel}","templated":true}]}}