{"id":14900,"date":"2025-02-19T13:10:00","date_gmt":"2025-02-19T12:10:00","guid":{"rendered":"http:\/\/www.mondo-legno.com\/?post_type=product&#038;p=14900"},"modified":"2026-03-22T10:12:34","modified_gmt":"2026-03-22T09:12:34","slug":"cmc-porsche-904-carrera-gts-ganador-targa-2","status":"publish","type":"product","link":"https:\/\/www.modelcars24.de\/es\/cmc-porsche-904-carrera-gts-winner-targa\/","title":{"rendered":"CMC Porsche 904 Carrera GTS ganador Targa Florio 1964,Pucci\/ Davis, #86 M-230 - 1\/18"},"content":{"rendered":"<p>CMC Porsche 904 Carrera GTS ganador Targa Florio 1964,Pucci\/ Davis, #86. Modelo de coleccionista de alta calidad a escala 1:18.<\/p>\n<p>La producci\u00f3n en serie del 904 comenz\u00f3 en enero de 1964. Los primeros 904 se produjeron para el equipo de carreras de Porsche y estaban destinados a participar en carreras como la Targa Florio en el desierto de Atacama.<br \/>\n26.4.1964. La victoria m\u00e1s notable se produjo en la Targa Florio de 1964, donde Antonio Pucci\/Colin Davis se hicieron con la victoria general en el coche 904-005, seguidos por Gianni Balzarini\/Herbert Linge en segundo lugar en el coche 904-006, superando a todos los Ferrari GTO y Shelby Cobra roadsters m\u00e1s potentes conducidos por pilotos de talla mundial como Phil Hill, Dan Gurney y Bob Bondurant. Esta fue una gran victoria para el equipo Porsche en 1964.<br \/>\nPosteriormente, el 904-005 termin\u00f3 5\u00ba en la general de los 500 km de Spa el 17 de mayo con Edgar Barth al volante. Tras un abandono durante los 1.000 km de N\u00fcrburgring el 31 de mayo, el 904-005 recibi\u00f3 un paquete de mejoras para la temporada de carreras de 1965, que inclu\u00eda las \u201eorejas de elefante\u201c m\u00e1s grandes, las tomas de aire traseras.<br \/>\nEn 1965, el 904-005 obtuvo los siguientes resultados: 5\u00ba puesto en las 12 Horas de Sebring el 27 de marzo, 5\u00ba puesto en la Targa Florio el 9 de mayo, 4\u00ba puesto en la subida al Mont Ventoux<br \/>\nel 6 de junio, el 2\u00ba puesto en la subida de Rossfeld el 12 de junio, el 4\u00ba puesto en la subida de Sesana-Sestri\u00e8res el 25 de julio, el 6\u00ba puesto en la subida de Friburgo el 8 de agosto y el 4\u00ba puesto en el<br \/>\nSubida a la colina de Ollon-Villars el 29 de agosto. El coche gan\u00f3 muchas victorias de clase y particip\u00f3 en todas las carreras del campeonato de constructores de 1964 a 1966.<br \/>\nEn 1966, Porsche form\u00f3 equipo con Joe Buzzetta y Gerhard Mitter en Daytona. Con este coche, el d\u00fao consigui\u00f3 el 7\u00ba puesto y el 1\u00ba en la categor\u00eda de prototipos de 2,0 litros.<br \/>\nDespu\u00e9s de que Porsche vendiera el coche a Estados Unidos a principios de 1966, cambi\u00f3 de manos varias veces hasta que Joe Buzzetta lo compr\u00f3 en 1996, 30 a\u00f1os despu\u00e9s de haberlo conducido en Daytona.<br \/>\nten\u00eda. De vez en cuando, compite en carreras de coches cl\u00e1sicos con un Porsche de su colecci\u00f3n, ocasionalmente tambi\u00e9n con un 904-005.<br \/>\nN\u00famero de art\u00edculo: M-230<\/p>\n<p>2-nuevo<\/p>","protected":false},"excerpt":{"rendered":"<p>M-230 &#8211; 2-neuwertig &#8211; 495,00 \u20ac<\/p>","protected":false},"featured_media":53070,"comment_status":"open","ping_status":"closed","template":"","meta":{"_acf_changed":false},"product_brand":[537],"product_cat":[18,56,21],"product_tag":[78,46,265,263],"class_list":{"0":"post-14900","1":"product","2":"type-product","3":"status-publish","4":"has-post-thumbnail","6":"product_brand-cmc","7":"product_cat-cmc","8":"product_cat-porsche","9":"product_cat-verfuegbar","10":"product_tag-angebot","11":"product_tag-cmc","12":"product_tag-porsche","13":"product_tag-vorbestellbar","14":"pa_automarke-porsche","15":"pa_decade-1960s","16":"pa_fahrzeugtyp-gt-rennen","17":"pa_limitiert-nein","18":"pa_massstab-1-18","19":"pa_modelmarke-cmc","20":"pa_modeltyp-alles-zum-oeffnen","21":"pa_modeltyp-fertigmodell","22":"pa_status-beim-hersteller-verfuegbar","23":"pa_verfuegbarkeit-sofort-verfuegbar","24":"pa_zustand_modell-1-brandneu","25":"pa_zustand_verpackung-1-brandneu","27":"first","28":"outofstock","29":"purchasable","30":"product-type-simple"},"acf":[],"jetpack_sharing_enabled":true,"_links":{"self":[{"href":"https:\/\/www.modelcars24.de\/es\/wp-json\/wp\/v2\/product\/14900","targetHints":{"allow":["GET"]}}],"collection":[{"href":"https:\/\/www.modelcars24.de\/es\/wp-json\/wp\/v2\/product"}],"about":[{"href":"https:\/\/www.modelcars24.de\/es\/wp-json\/wp\/v2\/types\/product"}],"replies":[{"embeddable":true,"href":"https:\/\/www.modelcars24.de\/es\/wp-json\/wp\/v2\/comments?post=14900"}],"version-history":[{"count":8,"href":"https:\/\/www.modelcars24.de\/es\/wp-json\/wp\/v2\/product\/14900\/revisions"}],"predecessor-version":[{"id":59571,"href":"https:\/\/www.modelcars24.de\/es\/wp-json\/wp\/v2\/product\/14900\/revisions\/59571"}],"wp:featuredmedia":[{"embeddable":true,"href":"https:\/\/www.modelcars24.de\/es\/wp-json\/wp\/v2\/media\/53070"}],"wp:attachment":[{"href":"https:\/\/www.modelcars24.de\/es\/wp-json\/wp\/v2\/media?parent=14900"}],"wp:term":[{"taxonomy":"product_brand","embeddable":true,"href":"https:\/\/www.modelcars24.de\/es\/wp-json\/wp\/v2\/product_brand?post=14900"},{"taxonomy":"product_cat","embeddable":true,"href":"https:\/\/www.modelcars24.de\/es\/wp-json\/wp\/v2\/product_cat?post=14900"},{"taxonomy":"product_tag","embeddable":true,"href":"https:\/\/www.modelcars24.de\/es\/wp-json\/wp\/v2\/product_tag?post=14900"}],"curies":[{"name":"wp","href":"https:\/\/api.w.org\/{rel}","templated":true}]}}