{"id":15068,"date":"2023-11-29T12:04:56","date_gmt":"2023-11-29T11:04:56","guid":{"rendered":"http:\/\/www.mondo-legno.com\/?post_type=product&#038;p=15068"},"modified":"2025-12-10T13:29:27","modified_gmt":"2025-12-10T12:29:27","slug":"martisan-ferrari-250-gto-motor-metalizado","status":"publish","type":"product","link":"https:\/\/www.modelcars24.de\/es\/martisan-ferrari-250-gto-motor-metallisiert\/","title":{"rendered":"Martisan 250 GTO motor metalizado - 1\/18"},"content":{"rendered":"<h3 class=\"product_title entry-title\">Motor Martisan 250 GTO metalizado<\/h3>\n<div class=\"woocommerce-product-details__short-description\">\n<p>El Martisan 250 GTO CMotor es un modelo a escala 1:18 muy detallado. Martisan concede gran importancia a las funciones. El motor tiene un cig\u00fce\u00f1al con biela y pist\u00f3n. \u00c9ste est\u00e1 unido por fricci\u00f3n a la caja de cambios. Si se gira el \u00e1rbol card\u00e1n, se mueven los pistones. El motor se suministra con una vitrina.<\/p>\n<p>Martisan utiliza materiales de alta calidad para el modelo. La mayor\u00eda de las piezas son de metal. En nuestro blog encontrar\u00e1 un v\u00eddeo y m\u00e1s informaci\u00f3n sobre el modelo. Puede acceder al blog haciendo clic en <a href=\"https:\/\/www.modelcars24.de\/es\/martisan-ferrari-250-chassis\/\">pulse aqu\u00ed<\/a>.<\/p>\n<ul>\n<li>Dise\u00f1o de motor semiabierto con cig\u00fce\u00f1al y pistones en funcionamiento<\/li>\n<li>las piezas que faltan del motor se adjuntan como \u201ekit\u201c)<\/li>\n<li>La polea y la correa del generador se reproducen<\/li>\n<li>con vitrina<\/li>\n<\/ul>\n<p>&nbsp;<\/p>\n<p>&nbsp;<\/p>\n<\/div>\n<p>&nbsp;<br \/>N\u00famero de art\u00edculo: Martisan 4<\/p>","protected":false},"excerpt":{"rendered":"<p>El motor Martisan 250 GTO ya est\u00e1 disponible en www.modelcars24.de<\/p>","protected":false},"featured_media":15069,"comment_status":"open","ping_status":"closed","template":"","meta":[],"product_brand":[877],"product_cat":[63,385,20,21],"product_tag":[],"class_list":{"0":"post-15068","1":"product","2":"type-product","3":"status-publish","4":"has-post-thumbnail","6":"product_brand-martisan","7":"product_cat-ferrari","8":"product_cat-martisan","9":"product_cat-titel","10":"product_cat-verfuegbar","11":"pa_automarke-ferrari","12":"pa_decade-1960s","13":"pa_fahrzeugtyp-coupe","14":"pa_farbe-silber","15":"pa_limitiert-nein","16":"pa_massstab-1-18","17":"pa_modelmarke-martisan","18":"pa_modeltyp-fertigmodell","19":"pa_status-beim-hersteller-verfuegbar","20":"pa_verfuegbarkeit-vorbestellbar","21":"pa_zustand_modell-1-brandneu","22":"pa_zustand_verpackung-1-brandneu","24":"first","25":"instock","26":"taxable","27":"shipping-taxable","28":"purchasable","29":"product-type-simple"},"jetpack_sharing_enabled":true,"_links":{"self":[{"href":"https:\/\/www.modelcars24.de\/es\/wp-json\/wp\/v2\/product\/15068","targetHints":{"allow":["GET"]}}],"collection":[{"href":"https:\/\/www.modelcars24.de\/es\/wp-json\/wp\/v2\/product"}],"about":[{"href":"https:\/\/www.modelcars24.de\/es\/wp-json\/wp\/v2\/types\/product"}],"replies":[{"embeddable":true,"href":"https:\/\/www.modelcars24.de\/es\/wp-json\/wp\/v2\/comments?post=15068"}],"version-history":[{"count":2,"href":"https:\/\/www.modelcars24.de\/es\/wp-json\/wp\/v2\/product\/15068\/revisions"}],"predecessor-version":[{"id":57965,"href":"https:\/\/www.modelcars24.de\/es\/wp-json\/wp\/v2\/product\/15068\/revisions\/57965"}],"wp:featuredmedia":[{"embeddable":true,"href":"https:\/\/www.modelcars24.de\/es\/wp-json\/wp\/v2\/media\/15069"}],"wp:attachment":[{"href":"https:\/\/www.modelcars24.de\/es\/wp-json\/wp\/v2\/media?parent=15068"}],"wp:term":[{"taxonomy":"product_brand","embeddable":true,"href":"https:\/\/www.modelcars24.de\/es\/wp-json\/wp\/v2\/product_brand?post=15068"},{"taxonomy":"product_cat","embeddable":true,"href":"https:\/\/www.modelcars24.de\/es\/wp-json\/wp\/v2\/product_cat?post=15068"},{"taxonomy":"product_tag","embeddable":true,"href":"https:\/\/www.modelcars24.de\/es\/wp-json\/wp\/v2\/product_tag?post=15068"}],"curies":[{"name":"wp","href":"https:\/\/api.w.org\/{rel}","templated":true}]}}