{"id":15436,"date":"2024-12-15T18:51:45","date_gmt":"2024-12-15T17:51:45","guid":{"rendered":"http:\/\/www.mondo-legno.com\/?post_type=product&#038;p=15436"},"modified":"2025-12-10T13:29:30","modified_gmt":"2025-12-10T12:29:30","slug":"bbr-alfa-romeo-giulia-gta-verde-montreal-2","status":"publish","type":"product","link":"https:\/\/www.modelcars24.de\/es\/bbr-alfa-romeo-giulia-gta-green-montreal\/","title":{"rendered":"BBR Alfa Romeo Giulia GTA Verde Montreal con expositor uno de cinco - 1\/18"},"content":{"rendered":"<h1>BBR Alfa Romeo Giulia GTA Verde Montreal con pantalla<\/h1>\n<p>EL RENACIMIENTO DE UNA LEYENDA<br \/>\nGTA es el legendario acr\u00f3nimo nacido en 1965 para Giulia Gran Turismo Alleggerita, una versi\u00f3n especial del Giulia GT construida por Autodelta con motivo del 110 aniversario de Alfa Romeo. Podemos afirmar que se trata de la r\u00e9plica m\u00e1s bella y fiel del Giulia a escala 1:18.<br \/>\nModelo decorado con el logotipo ALFA ROMEO en el taller de Saronno en Italia por personal especializado.<br \/>\nModelo con pinzas de freno doradas y cinturones de seguridad rojos.<br \/>\nEstos modelos de coche son la reproducci\u00f3n perfecta del GTA, con el carbono modelado hasta el \u00faltimo detalle y luego pintado con un acabado brillante. S\u00f3lo BBR fue capaz de hacerlo, un producto de calidad, no de cantidad.<br \/>N\u00famero de art\u00edculo: BBRC1851C1IF-21<\/p>","protected":false},"excerpt":{"rendered":"<p>1-brandneu &#8211; 335,00 \u20ac inkl. 19% Vat<\/p>","protected":false},"featured_media":15437,"comment_status":"open","ping_status":"closed","template":"","meta":[],"product_brand":[851],"product_cat":[100,169,20,21],"product_tag":[210,173,202],"class_list":{"0":"post-15436","1":"product","2":"type-product","3":"status-publish","4":"has-post-thumbnail","6":"product_brand-bbr","7":"product_cat-alfa-romeo","8":"product_cat-bbr","9":"product_cat-titel","10":"product_cat-verfuegbar","11":"product_tag-alfa-romeo","12":"product_tag-bbr","13":"product_tag-verfuegbar","14":"pa_automarke-alfa-romeo","15":"pa_decade-2010s","16":"pa_fahrzeugtyp-limousine","17":"pa_farbe-rot","18":"pa_limitiert-ja","19":"pa_massstab-1-18","20":"pa_modelmarke-bbr","21":"pa_modeltyp-fertigmodell","22":"pa_modeltyp-geschlossen","23":"pa_status-beim-hersteller-ausverkauft","24":"pa_verfuegbarkeit-5-tage-lieferzeit","25":"pa_zustand_modell-1-brandneu","26":"pa_zustand_verpackung-1-brandneu","28":"first","29":"instock","30":"taxable","31":"shipping-taxable","32":"purchasable","33":"product-type-simple"},"jetpack_sharing_enabled":true,"_links":{"self":[{"href":"https:\/\/www.modelcars24.de\/es\/wp-json\/wp\/v2\/product\/15436","targetHints":{"allow":["GET"]}}],"collection":[{"href":"https:\/\/www.modelcars24.de\/es\/wp-json\/wp\/v2\/product"}],"about":[{"href":"https:\/\/www.modelcars24.de\/es\/wp-json\/wp\/v2\/types\/product"}],"replies":[{"embeddable":true,"href":"https:\/\/www.modelcars24.de\/es\/wp-json\/wp\/v2\/comments?post=15436"}],"version-history":[{"count":3,"href":"https:\/\/www.modelcars24.de\/es\/wp-json\/wp\/v2\/product\/15436\/revisions"}],"predecessor-version":[{"id":57971,"href":"https:\/\/www.modelcars24.de\/es\/wp-json\/wp\/v2\/product\/15436\/revisions\/57971"}],"wp:featuredmedia":[{"embeddable":true,"href":"https:\/\/www.modelcars24.de\/es\/wp-json\/wp\/v2\/media\/15437"}],"wp:attachment":[{"href":"https:\/\/www.modelcars24.de\/es\/wp-json\/wp\/v2\/media?parent=15436"}],"wp:term":[{"taxonomy":"product_brand","embeddable":true,"href":"https:\/\/www.modelcars24.de\/es\/wp-json\/wp\/v2\/product_brand?post=15436"},{"taxonomy":"product_cat","embeddable":true,"href":"https:\/\/www.modelcars24.de\/es\/wp-json\/wp\/v2\/product_cat?post=15436"},{"taxonomy":"product_tag","embeddable":true,"href":"https:\/\/www.modelcars24.de\/es\/wp-json\/wp\/v2\/product_tag?post=15436"}],"curies":[{"name":"wp","href":"https:\/\/api.w.org\/{rel}","templated":true}]}}