{"id":16112,"date":"2025-01-24T12:43:09","date_gmt":"2025-01-24T11:43:09","guid":{"rendered":"http:\/\/www.mondo-legno.com\/?post_type=product&#038;p=16112"},"modified":"2026-01-27T19:04:48","modified_gmt":"2026-01-27T18:04:48","slug":"modelcars24-altavoz-ferrari-250-california","status":"publish","type":"product","link":"https:\/\/www.modelcars24.de\/es\/modelcars24-ferrari-250-california-lautenschlaeger\/","title":{"rendered":"Modelcars24 Ferrari 250 California Lautenschl\u00e4ger Edici\u00f3n Limitada uno de 30 - 1\/18"},"content":{"rendered":"<div id=\"description\">\n<div class=\"long_desc\">\n<h3>Modelcars24 Ferrari 250 California Edici\u00f3n Limitada uno de 30<\/h3>\n<div>\n<p>&nbsp;<\/p>\n<p>Modelo de precisi\u00f3n de Resine montado a mano como direcci\u00f3n de enlace a escala 1:18 con placa base, fabricado en exclusiva para Modelcars24.<\/p>\n<\/div>\n<div>\n<p>Chasis 2383 GT Ferrari 250 California \u201eLautenschl\u00e4ger<br \/>\nEste Ferrari fue entregado a Ernst Lautenschl\u00e4ger a trav\u00e9s de Auto Becker D\u00fcsseldorf en abril de 1964. La carrocer\u00eda estaba pintada de color plata y ten\u00eda un interior de cuero beige. En comparaci\u00f3n con los dem\u00e1s Californias, este modelo tiene algunas caracter\u00edsticas especiales. La carrocer\u00eda es de aluminio y, en lugar del dep\u00f3sito de combustible est\u00e1ndar, se instal\u00f3 un dep\u00f3sito de competici\u00f3n de mayor capacidad. Esto se reconoce f\u00e1cilmente por el tap\u00f3n del dep\u00f3sito, que se integr\u00f3 en la tapa del maletero. Adem\u00e1s, Ernst Lautenschl\u00e4ger equip\u00f3 su Ferrari con un motor deportivo de 280 CV.<\/p>\n<p>Ernst Lautenschl\u00e4ger tuvo mucho \u00e9xito en varias carreras y consigui\u00f3 el primer puesto varias veces con el Ferrari.<\/p>\n<\/div>\n<div><\/div>\n<\/div>\n<\/div>\n<p>N\u00famero de art\u00edculo: Mcars-2<\/p>","protected":false},"excerpt":{"rendered":"<p>1-brandneu &#8211;\u00a0 239,00 \u20ac inkl. 19% Vat.<\/p>","protected":false},"featured_media":16113,"comment_status":"open","ping_status":"closed","template":"","meta":[],"product_brand":[841],"product_cat":[63,229,230,20,21],"product_tag":[78,152,231],"class_list":{"0":"post-16112","1":"product","2":"type-product","3":"status-publish","4":"has-post-thumbnail","6":"product_brand-modelcars24","7":"product_cat-ferrari","8":"product_cat-modelcars24","9":"product_cat-tecnomodel","10":"product_cat-titel","11":"product_cat-verfuegbar","12":"product_tag-angebot","13":"product_tag-cmc-ferrari-250-gto","14":"product_tag-cmc-ferrari-250-gto-ron-fly-m-256","15":"pa_automarke-ferrari","16":"pa_decade-1960s","17":"pa_fahrzeugtyp-coupe","18":"pa_fahrzeugtyp-gt-rennen","19":"pa_farbe-grau-leder-rot","20":"pa_limitiert-ja","21":"pa_massstab-1-18","22":"pa_modelmarke-modelcars24","23":"pa_modeltyp-fertigmodell","24":"pa_modeltyp-geschlossen","25":"pa_status-beim-hersteller-verfuegbar","26":"pa_verfuegbarkeit-sofort-verfuegbar","27":"pa_zustand_modell-1-brandneu","28":"pa_zustand_verpackung-1-brandneu","30":"first","31":"instock","32":"featured","33":"taxable","34":"shipping-taxable","35":"purchasable","36":"product-type-simple"},"jetpack_sharing_enabled":true,"_links":{"self":[{"href":"https:\/\/www.modelcars24.de\/es\/wp-json\/wp\/v2\/product\/16112","targetHints":{"allow":["GET"]}}],"collection":[{"href":"https:\/\/www.modelcars24.de\/es\/wp-json\/wp\/v2\/product"}],"about":[{"href":"https:\/\/www.modelcars24.de\/es\/wp-json\/wp\/v2\/types\/product"}],"replies":[{"embeddable":true,"href":"https:\/\/www.modelcars24.de\/es\/wp-json\/wp\/v2\/comments?post=16112"}],"version-history":[{"count":0,"href":"https:\/\/www.modelcars24.de\/es\/wp-json\/wp\/v2\/product\/16112\/revisions"}],"wp:featuredmedia":[{"embeddable":true,"href":"https:\/\/www.modelcars24.de\/es\/wp-json\/wp\/v2\/media\/16113"}],"wp:attachment":[{"href":"https:\/\/www.modelcars24.de\/es\/wp-json\/wp\/v2\/media?parent=16112"}],"wp:term":[{"taxonomy":"product_brand","embeddable":true,"href":"https:\/\/www.modelcars24.de\/es\/wp-json\/wp\/v2\/product_brand?post=16112"},{"taxonomy":"product_cat","embeddable":true,"href":"https:\/\/www.modelcars24.de\/es\/wp-json\/wp\/v2\/product_cat?post=16112"},{"taxonomy":"product_tag","embeddable":true,"href":"https:\/\/www.modelcars24.de\/es\/wp-json\/wp\/v2\/product_tag?post=16112"}],"curies":[{"name":"wp","href":"https:\/\/api.w.org\/{rel}","templated":true}]}}