{"id":16448,"date":"2024-12-24T16:19:42","date_gmt":"2024-12-24T15:19:42","guid":{"rendered":"http:\/\/www.mondo-legno.com\/?post_type=product&#038;p=16448"},"modified":"2026-01-14T16:17:23","modified_gmt":"2026-01-14T15:17:23","slug":"legrand-mercedes-benz-300-slr-uhlenhaut-coupe-1-8-modelo-acabado","status":"publish","type":"product","link":"https:\/\/www.modelcars24.de\/es\/legrand-mercedes-benz-300-slr-uhlenhaut-coupe-1-8-fertigmodell\/","title":{"rendered":"Legrand Mercedes-Benz 300 SLR Uhlenhaut Coup\u00e9 maqueta 1\/8 - 1\/8"},"content":{"rendered":"<p>Mercedes-Benz 300 SLR Uhlenhaut Coup\u00e9 a escala 1\/8. Modelo de coleccionista de alta calidad a escala 1\/8, fundido a presi\u00f3n, todo abierto. Tambi\u00e9n disponible en otros colores, o como modelo a medida, igual que el veh\u00edculo deseado.<\/p>\n<p>Construimos modelos de Mercedes 300 SLR a escala 1:8 seg\u00fan el veh\u00edculo que desee. Se puede realizar una amplia gama de equipamientos. Adem\u00e1s de la pintura, el dise\u00f1o de las llantas, los paquetes de equipamiento o los faros. El interior contin\u00faa con el color del equipamiento interior y los accesorios. Por supuesto, tambi\u00e9n se puede personalizar la matr\u00edcula. El plazo de entrega de un modelo personalizado es de unos 2 meses. P\u00f3ngase en contacto conmigo en klaus.jeschke@modelcars24.de para configurar su Mercedes.<\/p>\n<p>- m\u00e1s de 900 piezas<br \/>\n- Dimensiones LxAnxAl mm: 540 x 200 x 150<br \/>\n- Peso: aprox. 7 kg<br \/>\n- Carrocer\u00eda met\u00e1lica<br \/>\n- Aviso de licencia: Mercedes-Benz y el dise\u00f1o del producto adjunto son propiedad intelectual de Daimler AG. LEMKE Collection GmbH los utiliza bajo licencia.<\/p>\n<p>N\u00famero de art\u00edculo: LE102-1<\/p>","protected":false},"excerpt":{"rendered":"<p>LEGRAND Mercedes-Benz 300 SLR Uhlenhaut Coup\u00e9 escala 1:08 disponible en www.modelcars24.de<\/p>","protected":false},"featured_media":16449,"comment_status":"open","ping_status":"closed","template":"","meta":[],"product_brand":[537],"product_cat":[426,392,19,20,21],"product_tag":[393,265,394],"class_list":{"0":"post-16448","1":"product","2":"type-product","3":"status-publish","4":"has-post-thumbnail","6":"product_brand-cmc","7":"product_cat-funding","8":"product_cat-legrand","9":"product_cat-mercedes-benz","10":"product_cat-titel","11":"product_cat-verfuegbar","12":"product_tag-gt-spirit","13":"product_tag-porsche","14":"product_tag-sofort-verfuegbar","15":"product_shipping_class-sperrgut","16":"pa_automarke-mercedes","17":"pa_decade-1950s","18":"pa_fahrzeugtyp-coupe","19":"pa_farbe-silber","20":"pa_limitiert-ja","21":"pa_massstab-1-8","22":"pa_modelmarke-legrand","23":"pa_modeltyp-alles-zum-oeffnen","24":"pa_modeltyp-fertigmodell","25":"pa_status-beim-hersteller-verfuegbar","26":"pa_verfuegbarkeit-vorbestellbar","27":"pa_zustand_modell-1-brandneu","28":"pa_zustand_verpackung-1-brandneu","30":"first","31":"instock","32":"taxable","33":"shipping-taxable","34":"purchasable","35":"product-type-simple"},"jetpack_sharing_enabled":true,"_links":{"self":[{"href":"https:\/\/www.modelcars24.de\/es\/wp-json\/wp\/v2\/product\/16448","targetHints":{"allow":["GET"]}}],"collection":[{"href":"https:\/\/www.modelcars24.de\/es\/wp-json\/wp\/v2\/product"}],"about":[{"href":"https:\/\/www.modelcars24.de\/es\/wp-json\/wp\/v2\/types\/product"}],"replies":[{"embeddable":true,"href":"https:\/\/www.modelcars24.de\/es\/wp-json\/wp\/v2\/comments?post=16448"}],"version-history":[{"count":3,"href":"https:\/\/www.modelcars24.de\/es\/wp-json\/wp\/v2\/product\/16448\/revisions"}],"predecessor-version":[{"id":58001,"href":"https:\/\/www.modelcars24.de\/es\/wp-json\/wp\/v2\/product\/16448\/revisions\/58001"}],"wp:featuredmedia":[{"embeddable":true,"href":"https:\/\/www.modelcars24.de\/es\/wp-json\/wp\/v2\/media\/16449"}],"wp:attachment":[{"href":"https:\/\/www.modelcars24.de\/es\/wp-json\/wp\/v2\/media?parent=16448"}],"wp:term":[{"taxonomy":"product_brand","embeddable":true,"href":"https:\/\/www.modelcars24.de\/es\/wp-json\/wp\/v2\/product_brand?post=16448"},{"taxonomy":"product_cat","embeddable":true,"href":"https:\/\/www.modelcars24.de\/es\/wp-json\/wp\/v2\/product_cat?post=16448"},{"taxonomy":"product_tag","embeddable":true,"href":"https:\/\/www.modelcars24.de\/es\/wp-json\/wp\/v2\/product_tag?post=16448"}],"curies":[{"name":"wp","href":"https:\/\/api.w.org\/{rel}","templated":true}]}}