{"id":16512,"date":"2025-08-01T00:00:00","date_gmt":"2025-07-31T22:00:00","guid":{"rendered":"http:\/\/www.mondo-legno.com\/?post_type=product&#038;p=16512"},"modified":"2026-01-04T15:41:17","modified_gmt":"2026-01-04T14:41:17","slug":"cmc-cmc-ferrari-250-lm-6o-puesto-24h-francia","status":"publish","type":"product","link":"https:\/\/www.modelcars24.de\/es\/cmc-cmc-ferrari-250-lm-6-platz-24h-frankreich\/","title":{"rendered":"CMC Ferrari 250 LM, 6\u00ba puesto 24H Francia 1965, #27,Chasis 6119, Spoerry\/Boller, RHD Limited - 1\/18"},"content":{"rendered":"<p>CMC Ferrari 250 LM, 6\u00ba puesto 24H Francia 1965, #27, chasis 6119, Spoerry\/Boller, RHD Limited. Modelo de coleccionista de alta calidad a escala 1:18.<\/p>\n<p>Este 250 LM se vendi\u00f3 junto con varios otros al privado suizo y su Scuderia Filipinetti. El coche tuvo su primera salida en la carrera de 1.000 km de Monthl\u00e9ry en 1964. En 1965, termin\u00f3 sexto en la general de Le Mans y gan\u00f3 su clase en el Campeonato Suizo de Monza. Posteriormente, el coche se vendi\u00f3 a Pierre de Siebenthal y acab\u00f3 en el Reino Unido, donde form\u00f3 parte de las colecciones de Anthony Bamford, Don Nelson y Martin Hilton. El antiguo 250 LM de la Scuderia Filipinetti pas\u00f3 a formar parte de una colecci\u00f3n de Oriente Medio en 2010 y fue restaurado por completo por Ferrari.<\/p>\n<p>Dieter Spoerry fue uno de los pilotos de carreras suizos de m\u00e1s \u00e9xito en la d\u00e9cada de 1960. \u00c9l y su copiloto Armand Boller compitieron en las 24 Horas de Le Mans en junio de 1965 con el chasis 6119 para la Scuderia Filipinetti. En la parrilla de salida hab\u00eda otros cuatro Ferrari 250 LM. Spoerry\/Boller lograron el 25\u00ba puesto en la clasificaci\u00f3n y acabaron sextos en la carrera con el n\u00famero de salida 27.<\/p>\n<p>N\u00famero de art\u00edculo: M-265<\/p>","protected":false},"excerpt":{"rendered":"<p>M-265 &#8211; preorder &#8211; anstatt 703,00 \u20ac jetzt 668,00 \u20ac inkl. 19% Vat<\/p>","protected":false},"featured_media":53329,"comment_status":"open","ping_status":"closed","template":"","meta":[],"product_brand":[537],"product_cat":[18,63,21],"product_tag":[46,209,263],"class_list":{"0":"post-16512","1":"product","2":"type-product","3":"status-publish","4":"has-post-thumbnail","6":"product_brand-cmc","7":"product_cat-cmc","8":"product_cat-ferrari","9":"product_cat-verfuegbar","10":"product_tag-cmc","11":"product_tag-ferrari","12":"product_tag-vorbestellbar","13":"pa_automarke-ferrari","14":"pa_decade-1960s","15":"pa_fahrzeugtyp-gt-rennen","16":"pa_massstab-1-18","17":"pa_modelmarke-cmc","18":"pa_modeltyp-alles-zum-oeffnen","19":"pa_modeltyp-fertigmodell","20":"pa_status-beim-hersteller-verfuegbar","21":"pa_verfuegbarkeit-vorbestellbar","22":"pa_zustand_modell-1-brandneu","23":"pa_zustand_verpackung-1-brandneu","25":"first","26":"instock","27":"sale","28":"taxable","29":"shipping-taxable","30":"purchasable","31":"product-type-simple"},"jetpack_sharing_enabled":true,"_links":{"self":[{"href":"https:\/\/www.modelcars24.de\/es\/wp-json\/wp\/v2\/product\/16512","targetHints":{"allow":["GET"]}}],"collection":[{"href":"https:\/\/www.modelcars24.de\/es\/wp-json\/wp\/v2\/product"}],"about":[{"href":"https:\/\/www.modelcars24.de\/es\/wp-json\/wp\/v2\/types\/product"}],"replies":[{"embeddable":true,"href":"https:\/\/www.modelcars24.de\/es\/wp-json\/wp\/v2\/comments?post=16512"}],"version-history":[{"count":5,"href":"https:\/\/www.modelcars24.de\/es\/wp-json\/wp\/v2\/product\/16512\/revisions"}],"predecessor-version":[{"id":58009,"href":"https:\/\/www.modelcars24.de\/es\/wp-json\/wp\/v2\/product\/16512\/revisions\/58009"}],"wp:featuredmedia":[{"embeddable":true,"href":"https:\/\/www.modelcars24.de\/es\/wp-json\/wp\/v2\/media\/53329"}],"wp:attachment":[{"href":"https:\/\/www.modelcars24.de\/es\/wp-json\/wp\/v2\/media?parent=16512"}],"wp:term":[{"taxonomy":"product_brand","embeddable":true,"href":"https:\/\/www.modelcars24.de\/es\/wp-json\/wp\/v2\/product_brand?post=16512"},{"taxonomy":"product_cat","embeddable":true,"href":"https:\/\/www.modelcars24.de\/es\/wp-json\/wp\/v2\/product_cat?post=16512"},{"taxonomy":"product_tag","embeddable":true,"href":"https:\/\/www.modelcars24.de\/es\/wp-json\/wp\/v2\/product_tag?post=16512"}],"curies":[{"name":"wp","href":"https:\/\/api.w.org\/{rel}","templated":true}]}}