{"id":16514,"date":"2025-10-13T12:00:00","date_gmt":"2025-10-13T10:00:00","guid":{"rendered":"http:\/\/www.mondo-legno.com\/?post_type=product&#038;p=16514"},"modified":"2025-12-10T13:29:46","modified_gmt":"2025-12-10T12:29:46","slug":"cmc-cmc-ferrari-250-lm-ron-frychassis","status":"publish","type":"product","link":"https:\/\/www.modelcars24.de\/es\/cmc-cmc-ferrari-250-lm-ron-frychassis\/","title":{"rendered":"CMC Ferrari 250 LM, Ron Fry Chasis 6105, RHD - 1\/18"},"content":{"rendered":"<p>CMC Ferrari 250 LM, Ron Fry Chasis 6105, RHD. Modelo de coleccionista de alta calidad a escala 1:18.<\/p>\n<p>Este 250 LM hizo su primera aparici\u00f3n p\u00fablica en el Sal\u00f3n del Autom\u00f3vil de Earls Court, Londres, en 1964. Inmediatamente despu\u00e9s, el coche fue adquirido por el gentleman driver Ron Fry, que lo utiliz\u00f3 en numerosas carreras locales de subida de pendientes y carreras de velocidad hasta que volvi\u00f3 a mostrarse en Earls Court en oto\u00f1o de 1966. Los siguientes propietarios continuaron utilizando el chasis 6105 en eventos locales e internacionales hasta septiembre de 1970. Tras muchos a\u00f1os en una colecci\u00f3n en Jap\u00f3n, el coche regres\u00f3 a Europa y particip\u00f3 en importantes eventos hist\u00f3ricos como el Goodwood Revival y el Le Mans Classic. CMC presenta el modelo en su estado actual, casi perfecto, de 2023\/2024.<\/p>\n<p>N\u00famero de art\u00edculo: M-266<\/p>","protected":false},"excerpt":{"rendered":"<p>M-266 &#8211; 1-brandneu &#8211; anstatt 681,00 \u20ac jetzt 610,00 \u20ac inkl. 19% Vat<\/p>","protected":false},"featured_media":53307,"comment_status":"open","ping_status":"closed","template":"","meta":{"_acf_changed":false},"product_brand":[537],"product_cat":[18,63,21],"product_tag":[46,209,263],"class_list":{"0":"post-16514","1":"product","2":"type-product","3":"status-publish","4":"has-post-thumbnail","6":"product_brand-cmc","7":"product_cat-cmc","8":"product_cat-ferrari","9":"product_cat-verfuegbar","10":"product_tag-cmc","11":"product_tag-ferrari","12":"product_tag-vorbestellbar","13":"pa_automarke-ferrari","14":"pa_decade-1960s","15":"pa_fahrzeugtyp-gt-rennen","16":"pa_massstab-1-18","17":"pa_modelmarke-cmc","18":"pa_modeltyp-alles-zum-oeffnen","19":"pa_modeltyp-fertigmodell","20":"pa_status-beim-hersteller-verfuegbar","21":"pa_verfuegbarkeit-vorbestellbar","22":"pa_zustand_modell-1-brandneu","23":"pa_zustand_verpackung-1-brandneu","25":"first","26":"instock","27":"sale","28":"taxable","29":"shipping-taxable","30":"purchasable","31":"product-type-simple"},"acf":[],"jetpack_sharing_enabled":true,"_links":{"self":[{"href":"https:\/\/www.modelcars24.de\/es\/wp-json\/wp\/v2\/product\/16514","targetHints":{"allow":["GET"]}}],"collection":[{"href":"https:\/\/www.modelcars24.de\/es\/wp-json\/wp\/v2\/product"}],"about":[{"href":"https:\/\/www.modelcars24.de\/es\/wp-json\/wp\/v2\/types\/product"}],"replies":[{"embeddable":true,"href":"https:\/\/www.modelcars24.de\/es\/wp-json\/wp\/v2\/comments?post=16514"}],"version-history":[{"count":7,"href":"https:\/\/www.modelcars24.de\/es\/wp-json\/wp\/v2\/product\/16514\/revisions"}],"predecessor-version":[{"id":58010,"href":"https:\/\/www.modelcars24.de\/es\/wp-json\/wp\/v2\/product\/16514\/revisions\/58010"}],"wp:featuredmedia":[{"embeddable":true,"href":"https:\/\/www.modelcars24.de\/es\/wp-json\/wp\/v2\/media\/53307"}],"wp:attachment":[{"href":"https:\/\/www.modelcars24.de\/es\/wp-json\/wp\/v2\/media?parent=16514"}],"wp:term":[{"taxonomy":"product_brand","embeddable":true,"href":"https:\/\/www.modelcars24.de\/es\/wp-json\/wp\/v2\/product_brand?post=16514"},{"taxonomy":"product_cat","embeddable":true,"href":"https:\/\/www.modelcars24.de\/es\/wp-json\/wp\/v2\/product_cat?post=16514"},{"taxonomy":"product_tag","embeddable":true,"href":"https:\/\/www.modelcars24.de\/es\/wp-json\/wp\/v2\/product_tag?post=16514"}],"curies":[{"name":"wp","href":"https:\/\/api.w.org\/{rel}","templated":true}]}}