{"id":171,"date":"2026-05-13T11:54:20","date_gmt":"2026-05-13T09:54:20","guid":{"rendered":"https:\/\/www.modelcars24.de\/?post_type=product&#038;p=171"},"modified":"2026-05-13T13:21:43","modified_gmt":"2026-05-13T11:21:43","slug":"cmc-bugatti-type-35-grand-prixnation-colour-project-inglaterra","status":"publish","type":"product","link":"https:\/\/www.modelcars24.de\/es\/cmc-bugatti-type-35-grand-prixnation-color-project-england\/","title":{"rendered":"CMC Bugatti Type 35 Grand Prix,Nation Colour Project - Inglaterra - 1\/18"},"content":{"rendered":"<p>CMC Bugatti Type 35 Grand Prix, Proyecto Nation Colour - Inglaterra,<\/p>\n<ul>\n<li>Modelo met\u00e1lico de precisi\u00f3n ensamblado a mano con m\u00e1s de 930 piezas<\/li>\n<li>Carrocer\u00eda moldeada aut\u00e9ntica y fiel a la realidad<\/li>\n<li>Librea roja del Gran Premio de Italia (n\u00famero de salida 11 y etiquetado de la carrocer\u00eda ficticios)<\/li>\n<li>Rueda de repuesto lateral con cierre de correa de cuero<\/li>\n<li>Eje delantero de metal macizo pintado en reflejo met\u00e1lico mate plateado<\/li>\n<li>Suspensi\u00f3n delantera en el \u00e1ngulo de inclinaci\u00f3n t\u00edpico de Bugatti, es decir, ruedas con ca\u00edda positiva<\/li>\n<li>Cap\u00f3 de doble ala con ranuras de refrigeraci\u00f3n perforadas, abisagrado y asegurado con correas dobles de cuero.<\/li>\n<li>Travesa\u00f1o longitudinal del bastidor en dise\u00f1o met\u00e1lico.<\/li>\n<li>Parte inferior larga de la carrocer\u00eda con ranuras de ventilaci\u00f3n perforadas Rejilla del radiador y rejilla protectora de piedras en dise\u00f1o met\u00e1lico<\/li>\n<li>Ballestas met\u00e1licas en el eje delantero y trasero con funci\u00f3n de suspensi\u00f3n<\/li>\n<li>Tapa del dep\u00f3sito de doble ala de acero inoxidable y desenroscable<\/li>\n<li>Motor de 8 cilindros en l\u00ednea altamente detallado con todas las unidades complementarias y tuber\u00edas y cableado completos.<\/li>\n<li>Palanca de cambios externa m\u00f3vil y palanca del freno de mano<\/li>\n<li>Rejilla de protecci\u00f3n m\u00f3vil en el lado del conductor<\/li>\n<li>Caja de direcci\u00f3n prototipo con engranaje helicoidal Doble tubo de escape met\u00e1lico<\/li>\n<li>Manivela met\u00e1lica giratoria de arranque del motor<\/li>\n<li>Ruedas met\u00e1licas prototipo en dise\u00f1o de aluminio fundido con tambor de freno acanalado montado en brida (construcci\u00f3n de la rueda de 35 piezas).<\/li>\n<li>Ruedas desmontables con anillas roscadas originales r\u00e9plica de cuatro orejas<\/li>\n<li>Diferentes perfiles de neum\u00e1ticos delante \/ detr\u00e1s Asientos y respaldo tapizados en cuero marr\u00f3n aut\u00e9ntico Volante con radios met\u00e1licos y aro de volante con envoltura de cord\u00f3n<\/li>\n<li>Salpicadero de dise\u00f1o original en acabado sunburst cepillado met\u00e1lico con todos los instrumentos redondos y magneto de encendido insertado.<\/li>\n<li>Palanca de la bomba de aceite manual de ba\u00f1era m\u00f3vil<\/li>\n<li>Term\u00f3metro remoto en el tap\u00f3n del radiador<\/li>\n<\/ul>\n<p>Particularidad: Tornillos de carrocer\u00eda met\u00e1licos especialmente fabricados con molduras espec\u00edficas de Bugatti. Todos los tornillos elaboradamente asegurados con alambre fino de acero inoxidable, fiel al original.<br \/>\nN\u00famero de art\u00edculo: M-100 B-002<\/p>","protected":false},"excerpt":{"rendered":"<p>M-100 B-002 \u2013 1-brandneu \u2013 429,00 \u20ac inkl. 19% Vat<\/p>","protected":false},"featured_media":40693,"comment_status":"open","ping_status":"closed","template":"","meta":[],"product_brand":[537],"product_cat":[279,77,18,34],"product_tag":[],"class_list":{"0":"post-171","1":"product","2":"type-product","3":"status-publish","4":"has-post-thumbnail","6":"product_brand-cmc","7":"product_cat-1-m","8":"product_cat-bugatti","9":"product_cat-cmc","10":"product_cat-nicht-verfuegbar","11":"pa_automarke-bugatti","12":"pa_decade-1930s","13":"pa_fahrzeugtyp-formel-1","14":"pa_farbe-gruen","15":"pa_limitiert-ja","16":"pa_massstab-1-18","17":"pa_modelmarke-cmc","18":"pa_modeltyp-alles-zum-oeffnen","19":"pa_modeltyp-fertigmodell","20":"pa_status-beim-hersteller-ausverkauft","21":"pa_verfuegbarkeit-nicht-verfuegbar","22":"pa_zustand_modell-1-brandneu","23":"pa_zustand_verpackung-1-brandneu","25":"first","26":"instock","27":"taxable","28":"shipping-taxable","29":"purchasable","30":"product-type-simple"},"jetpack_sharing_enabled":true,"_links":{"self":[{"href":"https:\/\/www.modelcars24.de\/es\/wp-json\/wp\/v2\/product\/171","targetHints":{"allow":["GET"]}}],"collection":[{"href":"https:\/\/www.modelcars24.de\/es\/wp-json\/wp\/v2\/product"}],"about":[{"href":"https:\/\/www.modelcars24.de\/es\/wp-json\/wp\/v2\/types\/product"}],"replies":[{"embeddable":true,"href":"https:\/\/www.modelcars24.de\/es\/wp-json\/wp\/v2\/comments?post=171"}],"version-history":[{"count":5,"href":"https:\/\/www.modelcars24.de\/es\/wp-json\/wp\/v2\/product\/171\/revisions"}],"predecessor-version":[{"id":57451,"href":"https:\/\/www.modelcars24.de\/es\/wp-json\/wp\/v2\/product\/171\/revisions\/57451"}],"wp:featuredmedia":[{"embeddable":true,"href":"https:\/\/www.modelcars24.de\/es\/wp-json\/wp\/v2\/media\/40693"}],"wp:attachment":[{"href":"https:\/\/www.modelcars24.de\/es\/wp-json\/wp\/v2\/media?parent=171"}],"wp:term":[{"taxonomy":"product_brand","embeddable":true,"href":"https:\/\/www.modelcars24.de\/es\/wp-json\/wp\/v2\/product_brand?post=171"},{"taxonomy":"product_cat","embeddable":true,"href":"https:\/\/www.modelcars24.de\/es\/wp-json\/wp\/v2\/product_cat?post=171"},{"taxonomy":"product_tag","embeddable":true,"href":"https:\/\/www.modelcars24.de\/es\/wp-json\/wp\/v2\/product_tag?post=171"}],"curies":[{"name":"wp","href":"https:\/\/api.w.org\/{rel}","templated":true}]}}