{"id":18738,"date":"2024-03-19T13:14:51","date_gmt":"2024-03-19T12:14:51","guid":{"rendered":"http:\/\/www.mondo-legno.com\/?post_type=product&#038;p=18738"},"modified":"2026-02-27T05:29:00","modified_gmt":"2026-02-27T04:29:00","slug":"pocher-lamborghini-aventador-lp700-4-roadster-nero-nemesis","status":"publish","type":"product","link":"https:\/\/www.modelcars24.de\/es\/pocher-lamborghini-aventador-lp700-4-roadster-nero-nemesis\/","title":{"rendered":"Pocher Lamborghini Aventador LP700-4 Roadster Nero Nemesis - Kit 1:8 - 1\/8"},"content":{"rendered":"<h1>POCHER LAMBORGHINI AVENTADOR LP700-4 ROADSTER NERO NEMESIS - Kit escala 1:8<\/h1>\n<p>Lamborghini Aventador LP 700-4 Roadster, doce cilindros, 700 CV, 0 a 100 en 2,9 segundos y una velocidad m\u00e1xima de 349 km\/h. El original es un aut\u00e9ntico avi\u00f3n de combate para la carretera. POCHER presenta ahora este coche de ensue\u00f1o a escala 1:8 como un kit de alta calidad con m\u00e1s de 600 piezas. Siguiendo la tradici\u00f3n de POCHER, la carrocer\u00eda del modelo, que pesa unos 7 kg, es totalmente de metal y ya est\u00e1 pintada. Varias piezas se pueden mover y las puertas y cap\u00f3s se pueden abrir. Incluso se incluye el volante a la derecha o a la izquierda. El kit de ajuste preciso tiene muchos componentes atornillados y es f\u00e1cil de montar con un poco de habilidad.<\/p>\n<p>Dimensiones (mm): 595 x 287 x 144<\/p>\n<p>Color: Nero Nemesis (negro mate)<\/p>\n<p><span style=\"font-size: 16px\">.<\/span><strong>Si lo desea, podemos construir el modelo para usted.<\/strong><\/p>\n<p>&nbsp;<br \/>N\u00famero de art\u00edculo: HK121<\/p>","protected":false},"excerpt":{"rendered":"<p>1-brandneu &#8211; 829,00, \u20ac jetzt 635,00 \u20ac inkl. 19% Vat<\/p>","protected":false},"featured_media":18739,"comment_status":"open","ping_status":"closed","template":"","meta":{"_acf_changed":false},"product_brand":[895],"product_cat":[300,451,21],"product_tag":[78,393,265,394],"class_list":{"0":"post-18738","1":"product","2":"type-product","3":"status-publish","4":"has-post-thumbnail","6":"product_brand-pocher","7":"product_cat-lamborghini","8":"product_cat-pocher","9":"product_cat-verfuegbar","10":"product_tag-angebot","11":"product_tag-gt-spirit","12":"product_tag-porsche","13":"product_tag-sofort-verfuegbar","14":"pa_automarke-lamborghini","15":"pa_decade-2010s","16":"pa_fahrzeugtyp-coupe","17":"pa_farbe-gelb","18":"pa_limitiert-ja","19":"pa_massstab-1-8","20":"pa_modelmarke-pocher","21":"pa_modeltyp-alles-zum-oeffnen","22":"pa_modeltyp-bausatz","23":"pa_status-beim-hersteller-verfuegbar","24":"pa_verfuegbarkeit-sofort-verfuegbar","25":"pa_zustand_modell-1-brandneu","26":"pa_zustand_verpackung-1-brandneu","28":"first","29":"outofstock","30":"sale","31":"taxable","32":"shipping-taxable","33":"purchasable","34":"product-type-simple"},"acf":[],"jetpack_sharing_enabled":true,"_links":{"self":[{"href":"https:\/\/www.modelcars24.de\/es\/wp-json\/wp\/v2\/product\/18738","targetHints":{"allow":["GET"]}}],"collection":[{"href":"https:\/\/www.modelcars24.de\/es\/wp-json\/wp\/v2\/product"}],"about":[{"href":"https:\/\/www.modelcars24.de\/es\/wp-json\/wp\/v2\/types\/product"}],"replies":[{"embeddable":true,"href":"https:\/\/www.modelcars24.de\/es\/wp-json\/wp\/v2\/comments?post=18738"}],"version-history":[{"count":3,"href":"https:\/\/www.modelcars24.de\/es\/wp-json\/wp\/v2\/product\/18738\/revisions"}],"predecessor-version":[{"id":61174,"href":"https:\/\/www.modelcars24.de\/es\/wp-json\/wp\/v2\/product\/18738\/revisions\/61174"}],"wp:featuredmedia":[{"embeddable":true,"href":"https:\/\/www.modelcars24.de\/es\/wp-json\/wp\/v2\/media\/18739"}],"wp:attachment":[{"href":"https:\/\/www.modelcars24.de\/es\/wp-json\/wp\/v2\/media?parent=18738"}],"wp:term":[{"taxonomy":"product_brand","embeddable":true,"href":"https:\/\/www.modelcars24.de\/es\/wp-json\/wp\/v2\/product_brand?post=18738"},{"taxonomy":"product_cat","embeddable":true,"href":"https:\/\/www.modelcars24.de\/es\/wp-json\/wp\/v2\/product_cat?post=18738"},{"taxonomy":"product_tag","embeddable":true,"href":"https:\/\/www.modelcars24.de\/es\/wp-json\/wp\/v2\/product_tag?post=18738"}],"curies":[{"name":"wp","href":"https:\/\/api.w.org\/{rel}","templated":true}]}}