{"id":19877,"date":"2024-06-15T14:29:21","date_gmt":"2024-06-15T12:29:21","guid":{"rendered":"http:\/\/www.mondo-legno.com\/?post_type=product&#038;p=19877"},"modified":"2025-12-10T13:30:55","modified_gmt":"2025-12-10T12:30:55","slug":"ferrari-499p-hypercar-2022-launch-edition","status":"publish","type":"product","link":"https:\/\/www.modelcars24.de\/es\/ferrari-499p-hypercar-2022-launch-edition\/","title":{"rendered":"Ferrari 499P Hypercar 2022 Edici\u00f3n Lanzamiento - 1\/18"},"content":{"rendered":"<p>BBR Ferrari 499P Modified Launch Version 28 Oct 2023 Modelo de coleccionista de alta calidad a escala 1:18.<\/p>\n<p>FERRARI 499P MODIFICA Y DESVELA EL PROTOTIPO DEPORTIVO DE EDICI\u00d3N LIMITADA PARA USO FUERA DE COMPETICI\u00d3N<br \/>\nEl nuevo 499P Modified es un coche de carreras estrictamente limitado reservado para uso no competitivo. El veh\u00edculo deriva del 499P que triunf\u00f3 en Le Mans en junio de 2023 y est\u00e1 dirigido a conductores gentleman.<br \/>\nEl 499P Modified inaugura el nuevo programa Customer Sports Prototypes, que se desarrolla en paralelo con F1 Clienti.<br \/>\nLa presentaci\u00f3n tuvo lugar en el Circuito Internacional de Mugello durante la Final Mundial Ferrari 2023. El 499P Modified es una versi\u00f3n significativamente modificada del 499P que gan\u00f3 las 24 Horas de Le Mans 100\u00ba Aniversario el pasado mes de junio, con el objetivo de establecer un nuevo punto de referencia en cuanto a sensaciones de conducci\u00f3n en pista.<br \/>\nDise\u00f1ado para una clientela selecta, el 499P Modificado representa un nuevo tipo de proyecto para Ferrari: un producto desarrollado a partir de un coche de competici\u00f3n, no un modelo de producci\u00f3n, y no sujeto a los l\u00edmites impuestos por los reglamentos t\u00e9cnicos.<\/p>\n<p>Este modelo estar\u00e1 disponible en el segundo trimestre de 2024.<br \/>N\u00famero de art\u00edculo: P18226<\/p>","protected":false},"excerpt":{"rendered":"<p>18226 &#8211; 1-brandneu &#8211; anstatt 425,00 \u20ac jetzt 395,00 inkl. 19% Vat<\/p>","protected":false},"featured_media":19878,"comment_status":"open","ping_status":"closed","template":"","meta":{"_acf_changed":false},"product_brand":[851],"product_cat":[169,63,21],"product_tag":[173,209,263],"class_list":{"0":"post-19877","1":"product","2":"type-product","3":"status-publish","4":"has-post-thumbnail","6":"product_brand-bbr","7":"product_cat-bbr","8":"product_cat-ferrari","9":"product_cat-verfuegbar","10":"product_tag-bbr","11":"product_tag-ferrari","12":"product_tag-vorbestellbar","13":"pa_automarke-ferrari","14":"pa_decade-2020s","15":"pa_fahrzeugtyp-gt-rennen","16":"pa_limitiert-nein","17":"pa_massstab-1-18","18":"pa_modelmarke-bbr","19":"pa_modeltyp-fertigmodell","20":"pa_modeltyp-geschlossen","21":"pa_status-beim-hersteller-verfuegbar","22":"pa_verfuegbarkeit-sofort-verfuegbar","23":"pa_zustand_modell-1-brandneu","24":"pa_zustand_verpackung-1-brandneu","26":"first","27":"instock","28":"sale","29":"taxable","30":"shipping-taxable","31":"purchasable","32":"product-type-simple"},"acf":[],"jetpack_sharing_enabled":true,"_links":{"self":[{"href":"https:\/\/www.modelcars24.de\/es\/wp-json\/wp\/v2\/product\/19877","targetHints":{"allow":["GET"]}}],"collection":[{"href":"https:\/\/www.modelcars24.de\/es\/wp-json\/wp\/v2\/product"}],"about":[{"href":"https:\/\/www.modelcars24.de\/es\/wp-json\/wp\/v2\/types\/product"}],"replies":[{"embeddable":true,"href":"https:\/\/www.modelcars24.de\/es\/wp-json\/wp\/v2\/comments?post=19877"}],"version-history":[{"count":2,"href":"https:\/\/www.modelcars24.de\/es\/wp-json\/wp\/v2\/product\/19877\/revisions"}],"predecessor-version":[{"id":58151,"href":"https:\/\/www.modelcars24.de\/es\/wp-json\/wp\/v2\/product\/19877\/revisions\/58151"}],"wp:featuredmedia":[{"embeddable":true,"href":"https:\/\/www.modelcars24.de\/es\/wp-json\/wp\/v2\/media\/19878"}],"wp:attachment":[{"href":"https:\/\/www.modelcars24.de\/es\/wp-json\/wp\/v2\/media?parent=19877"}],"wp:term":[{"taxonomy":"product_brand","embeddable":true,"href":"https:\/\/www.modelcars24.de\/es\/wp-json\/wp\/v2\/product_brand?post=19877"},{"taxonomy":"product_cat","embeddable":true,"href":"https:\/\/www.modelcars24.de\/es\/wp-json\/wp\/v2\/product_cat?post=19877"},{"taxonomy":"product_tag","embeddable":true,"href":"https:\/\/www.modelcars24.de\/es\/wp-json\/wp\/v2\/product_tag?post=19877"}],"curies":[{"name":"wp","href":"https:\/\/api.w.org\/{rel}","templated":true}]}}