{"id":20139,"date":"2025-11-02T10:26:43","date_gmt":"2025-11-02T09:26:43","guid":{"rendered":"http:\/\/www.mondo-legno.com\/?post_type=product&#038;p=20139"},"modified":"2025-12-10T13:30:58","modified_gmt":"2025-12-10T12:30:58","slug":"amalgama-lamborghini-miura-p400-sv-giallo-miura","status":"publish","type":"product","link":"https:\/\/www.modelcars24.de\/es\/amalgam-lamborghini-miura-p400-sv-giallo-miura\/","title":{"rendered":"Amalgama Lamborghini Miura P400 SV Giallo Miura 1:18 - 1\/18"},"content":{"rendered":"<p>Amalgam Lamborghini Miura P400 SV Giallo Miura 1:18 Modelo de coleccionista de alta calidad a escala 1:18.<\/p>\n<ul>\n<li>Modelo a escala 1:18, m\u00e1s de 24 cm\/9 pulgadas de largo<\/li>\n<li>Disponible en los acabados de pintura exterior Giallo Miura, Arancia Miura o Verde Miura.<\/li>\n<li>Cada modelo est\u00e1 hecho a mano y montado por un peque\u00f1o equipo de artesanos<\/li>\n<li>Fabricado con materiales de la m\u00e1xima calidad<\/li>\n<li>M\u00e1s de 800 horas dedicadas al desarrollo del modelo<\/li>\n<li>Piezas fabricadas con precisi\u00f3n: Piezas de fundici\u00f3n, fotograbados y componentes met\u00e1licos mecanizados por CNC.<\/li>\n<\/ul>\n<p>El Miura fue el primer superdeportivo del fabricante italiano Bull y posiblemente el primer superdeportivo que el mundo hab\u00eda visto jam\u00e1s. Cuando se lanz\u00f3, caus\u00f3 gran sorpresa y asombro entre los espectadores y no se parec\u00eda a ning\u00fan otro coche en la historia del autom\u00f3vil. Sus l\u00edneas ic\u00f3nicas se deb\u00edan en parte a la ubicaci\u00f3n del motor, montado transversalmente detr\u00e1s del habit\u00e1culo. Su motor V12 de 3.929 cc con carburadores Weber de doble estrangulador ten\u00eda una potencia de frenado de 385 caballos y estaba accionado por una caja de cambios manual de cinco velocidades. El coche tambi\u00e9n ten\u00eda suspensiones delantera y trasera independientes. Lo m\u00e1s incre\u00edble del Lamborghini Miura -y hay muchas cosas incre\u00edbles sobre el Miura- es que nunca debi\u00f3 existir. El coche, bautizado con el nombre de la raza de toro de lidia m\u00e1s feroz y temida de Espa\u00f1a, empez\u00f3 como un proyecto a deshoras del joven director t\u00e9cnico de Ferruccio Lamborghini y sus ayudantes Giampaolo Dallara y Giampaolo Stanzini.<\/p>\n<p>Lamborghini ya hab\u00eda pasado de ser un exitoso fabricante de tractores a convertirse en un fabricante de autom\u00f3viles deportivos conocido por su brillante mente mec\u00e1nica y su obsesi\u00f3n por la excelencia. Este hombre le dijo una vez a Enzo Ferrari que su 250 GTO -s\u00ed, ese- no era lo bastante bueno. Enzo le dijo que se dedicara a los tractores. En su lugar, Lamborghini construy\u00f3 el 350 GTV, un biplaza con motor delantero y tracci\u00f3n trasera que alcanz\u00f3 r\u00e1pidamente la fama en Italia, para disgusto de Enzo Ferrari. El \u00e9xito del GTV hizo so\u00f1ar a Dallara y Stanzini, que se inspiraron en iconos de la competici\u00f3n como el Ford GT y el Ferrari 250 Le Mans para imaginar su propia m\u00e1quina con motor central. El problema era que al jefe le interesaba perfeccionar los coches GT y no las desventuras de carreras. No se atrev\u00edan a ir m\u00e1s all\u00e1 de dibujos y planos. Una tarde de principios de 1965, por fin se armaron de valor y le mostraron a su jefe su idea. Para su sorpresa, Ferruccio qued\u00f3 impresionado y dio luz verde a su sue\u00f1o. El chasis prototipo resultante se llam\u00f3 P400 e incorporaba un motor V12 de 4 litros montado transversalmente. El motor, la caja de cambios y el diferencial se construyeron como una sola unidad, con la misma lubricaci\u00f3n para las tres piezas principales. Este dise\u00f1o era incre\u00edblemente complejo, pero era la \u00fanica forma de que el conjunto funcionara y siguiera siendo discreto.<\/p>\n<p>El P400 se present\u00f3 en el Sal\u00f3n del Autom\u00f3vil de Tur\u00edn de 1963 como un chasis puro. El siguiente paso fue la carrocer\u00eda. Ferruccio encarg\u00f3 al legendario carrocero Nuccio Bertone y a su joven cerebro, Marcello Gandini, de 25 a\u00f1os, que le dieran al P400 un aspecto precioso. Gandini trabaj\u00f3 febrilmente durante todo el invierno de 1965\/1966 para conseguir las l\u00edneas perfectas. El tiempo apremiaba: s\u00f3lo un d\u00eda antes del Sal\u00f3n, el primer Miura estaba terminado y cargado en un transportador con destino a Ginebra. Casi de la noche a la ma\u00f1ana, el coche se convirti\u00f3 en un elemento esencial en el garaje de toda persona adinerada. Inicialmente previsto como una edici\u00f3n limitada, el enorme volumen de pedidos recibidos en Sant\u2018 Agata oblig\u00f3 a Lamborghini a fabricar 108 Miura s\u00f3lo durante el primer a\u00f1o. En total, s\u00f3lo se construyeron 474 Miura originales (algunos dicen que el n\u00famero total fue de 475). Presentado en 1968, el Miura S ten\u00eda m\u00e1s potencia (370 CV frente a 350), frenos mejorados y una velocidad m\u00e1xima ligeramente superior de 280 km\/h (174 mph). S\u00f3lo se vendieron 140 ejemplares entre su lanzamiento en 1968 y 1971.<\/p>\n<p>El \u00faltimo Miura de producci\u00f3n, conocido como Miura SV, se present\u00f3 en 1971. El cambio m\u00e1s notable del SV era que el motor y la caja de cambios estaban ahora separados. Los cambios en la suspensi\u00f3n solucionaron los famosos problemas de sobreviraje y la potencia aument\u00f3 a 385 CV a 7.850 rpm. Debut\u00f3 junto al prototipo Countach, que se convertir\u00eda en el sucesor del Miura un a\u00f1o m\u00e1s tarde. Aunque el Miura no fue el primer coche de Lamborghini, s\u00ed fue el primero en lo que m\u00e1s tarde se convertir\u00eda en la forma Lamborghini: motores grandes y ruidosos detr\u00e1s del conductor, impulsando coup\u00e9s de dise\u00f1o impresionante. Ferruccio quiz\u00e1s lo expres\u00f3 mejor: \u201eEl Miura fue para m\u00ed como un gran amante. Inc\u00f3modo, muy caro, pero inolvidable\u201c.\u201c<\/p>\n<p>Estos perfectos modelos a escala 1:18 del Lamborghini Miura P400 SV, disponibles en los acabados de pintura exterior Giallo Miura, Arancia Miura o Verde Miura, han sido producidos y acabados en nuestros talleres con la colaboraci\u00f3n y el apoyo de acabados, materiales, im\u00e1genes de archivo y dibujos originales de Lamborghini. El uso de escaneados digitales extremadamente precisos del coche original nos ha permitido reproducir perfectamente cada detalle a escala. Adem\u00e1s, ha sido sometido a un minucioso escrutinio por parte de los equipos de ingenier\u00eda y dise\u00f1o para garantizar la total exactitud de la representaci\u00f3n. Cada modelo Amalgam a escala 1:18 se suministra en una lujosa caja negra con un estuche exterior protector. Cada modelo est\u00e1 montado sobre una base de acr\u00edlico negro pulido protegida por un guardapolvo de acr\u00edlico transparente. Dentro de la base hay un folleto que contiene el certificado de autenticidad, as\u00ed como informaci\u00f3n y material complementario sobre el veh\u00edculo. El t\u00edtulo del modelo y la marca original figuran en una placa de acero inoxidable pulido fijada a la parte delantera de la base.<\/p>\n<p>Nota: Este es un modelo de \u201ebordillo\u201c y no tiene partes m\u00f3viles.<br \/>N\u00famero de art\u00edculo: M6010-SC1<\/p>","protected":false},"excerpt":{"rendered":"<p>1-brandneu &#8211; anstatt 1215 \u20ac jetzt 1155,00 inkl. 19% Vat<\/p>","protected":false},"featured_media":20140,"comment_status":"open","ping_status":"closed","template":"","meta":[],"product_brand":[864],"product_cat":[286,359,21],"product_tag":[288,360,202],"class_list":{"0":"post-20139","1":"product","2":"type-product","3":"status-publish","4":"has-post-thumbnail","6":"product_brand-amalgam","7":"product_cat-amalgam","8":"product_cat-ford","9":"product_cat-verfuegbar","10":"product_tag-amalgam","11":"product_tag-ford","12":"product_tag-verfuegbar","13":"pa_automarke-lamborghini","14":"pa_decade-1960s","15":"pa_fahrzeugtyp-coupe","16":"pa_farbe-blau","17":"pa_limitiert-ja","18":"pa_massstab-1-18","19":"pa_modelmarke-amalgam","20":"pa_modeltyp-alles-zum-oeffnen","21":"pa_modeltyp-fertigmodell","22":"pa_status-beim-hersteller-verfuegbar","23":"pa_verfuegbarkeit-5-tage-lieferzeit","24":"pa_zustand_modell-1-brandneu","25":"pa_zustand_verpackung-1-brandneu","27":"first","28":"instock","29":"sale","30":"taxable","31":"shipping-taxable","32":"purchasable","33":"product-type-simple"},"jetpack_sharing_enabled":true,"_links":{"self":[{"href":"https:\/\/www.modelcars24.de\/es\/wp-json\/wp\/v2\/product\/20139","targetHints":{"allow":["GET"]}}],"collection":[{"href":"https:\/\/www.modelcars24.de\/es\/wp-json\/wp\/v2\/product"}],"about":[{"href":"https:\/\/www.modelcars24.de\/es\/wp-json\/wp\/v2\/types\/product"}],"replies":[{"embeddable":true,"href":"https:\/\/www.modelcars24.de\/es\/wp-json\/wp\/v2\/comments?post=20139"}],"version-history":[{"count":2,"href":"https:\/\/www.modelcars24.de\/es\/wp-json\/wp\/v2\/product\/20139\/revisions"}],"predecessor-version":[{"id":58156,"href":"https:\/\/www.modelcars24.de\/es\/wp-json\/wp\/v2\/product\/20139\/revisions\/58156"}],"wp:featuredmedia":[{"embeddable":true,"href":"https:\/\/www.modelcars24.de\/es\/wp-json\/wp\/v2\/media\/20140"}],"wp:attachment":[{"href":"https:\/\/www.modelcars24.de\/es\/wp-json\/wp\/v2\/media?parent=20139"}],"wp:term":[{"taxonomy":"product_brand","embeddable":true,"href":"https:\/\/www.modelcars24.de\/es\/wp-json\/wp\/v2\/product_brand?post=20139"},{"taxonomy":"product_cat","embeddable":true,"href":"https:\/\/www.modelcars24.de\/es\/wp-json\/wp\/v2\/product_cat?post=20139"},{"taxonomy":"product_tag","embeddable":true,"href":"https:\/\/www.modelcars24.de\/es\/wp-json\/wp\/v2\/product_tag?post=20139"}],"curies":[{"name":"wp","href":"https:\/\/api.w.org\/{rel}","templated":true}]}}