{"id":207,"date":"2023-03-13T00:00:00","date_gmt":"2023-03-12T23:00:00","guid":{"rendered":"http:\/\/www.mondo-legno.com\/?post_type=product&#038;p=207"},"modified":"2026-02-26T15:28:43","modified_gmt":"2026-02-26T14:28:43","slug":"cmc-motor-mercedes-benz-300-slr-con-vitrina","status":"publish","type":"product","link":"https:\/\/www.modelcars24.de\/es\/cmc-mercedes-benz-300-slr-motor-mit-vitrine\/","title":{"rendered":"CMC Mercedes-Benz 300 SLR motor con vitrina - 1\/18"},"content":{"rendered":"<p>CMC Mercedes-Benz 300 SLR, 1955, motor con vitrina El motor SLR fue el primero en utilizar un bloque de cilindros fabricado con una aleaci\u00f3n de aluminio. Las camisas de los cilindros eran de aluminio cromado. Una transmisi\u00f3n central accionada por engranajes, dispuesta entre los dos bloques de cuatro cilindros, serv\u00eda de toma de fuerza. El elaborado cig\u00fce\u00f1al Hirth ten\u00eda bielas con cojinetes de rodillos. Como todas las miniaturas de motores CMC, el modelo es fiel a su modelo en todos los detalles y es otro punto culminante de esta serie. Una elegante cubierta de cristal acr\u00edlico protege el modelo de la suciedad y el polvo.<br \/>\nN\u00famero de art\u00edculo: M-120<\/p>","protected":false},"excerpt":{"rendered":"<p>M-120 &#8211; 1-brandneu &#8211; 133,00 \u20ac inkl. 19% Vat<\/p>","protected":false},"featured_media":51770,"comment_status":"open","ping_status":"closed","template":"","meta":{"_acf_changed":false},"product_brand":[537],"product_cat":[18,19,45,21],"product_tag":[],"class_list":{"0":"post-207","1":"product","2":"type-product","3":"status-publish","4":"has-post-thumbnail","6":"product_brand-cmc","7":"product_cat-cmc","8":"product_cat-mercedes-benz","9":"product_cat-neuzugang","10":"product_cat-verfuegbar","11":"pa_automarke-mercedes","12":"pa_decade-1950s","13":"pa_fahrzeugtyp-motor","14":"pa_limitiert-nein","15":"pa_massstab-1-18","16":"pa_modelmarke-cmc","17":"pa_modeltyp-alles-zum-oeffnen","18":"pa_modeltyp-fertigmodell","19":"pa_status-beim-hersteller-ausverkauft","20":"pa_verfuegbarkeit-sofort-verfuegbar","21":"pa_zustand_modell-1-brandneu","22":"pa_zustand_verpackung-1-brandneu","24":"first","25":"outofstock","26":"taxable","27":"shipping-taxable","28":"purchasable","29":"product-type-simple"},"acf":[],"jetpack_sharing_enabled":true,"_links":{"self":[{"href":"https:\/\/www.modelcars24.de\/es\/wp-json\/wp\/v2\/product\/207","targetHints":{"allow":["GET"]}}],"collection":[{"href":"https:\/\/www.modelcars24.de\/es\/wp-json\/wp\/v2\/product"}],"about":[{"href":"https:\/\/www.modelcars24.de\/es\/wp-json\/wp\/v2\/types\/product"}],"replies":[{"embeddable":true,"href":"https:\/\/www.modelcars24.de\/es\/wp-json\/wp\/v2\/comments?post=207"}],"version-history":[{"count":4,"href":"https:\/\/www.modelcars24.de\/es\/wp-json\/wp\/v2\/product\/207\/revisions"}],"predecessor-version":[{"id":57459,"href":"https:\/\/www.modelcars24.de\/es\/wp-json\/wp\/v2\/product\/207\/revisions\/57459"}],"wp:featuredmedia":[{"embeddable":true,"href":"https:\/\/www.modelcars24.de\/es\/wp-json\/wp\/v2\/media\/51770"}],"wp:attachment":[{"href":"https:\/\/www.modelcars24.de\/es\/wp-json\/wp\/v2\/media?parent=207"}],"wp:term":[{"taxonomy":"product_brand","embeddable":true,"href":"https:\/\/www.modelcars24.de\/es\/wp-json\/wp\/v2\/product_brand?post=207"},{"taxonomy":"product_cat","embeddable":true,"href":"https:\/\/www.modelcars24.de\/es\/wp-json\/wp\/v2\/product_cat?post=207"},{"taxonomy":"product_tag","embeddable":true,"href":"https:\/\/www.modelcars24.de\/es\/wp-json\/wp\/v2\/product_tag?post=207"}],"curies":[{"name":"wp","href":"https:\/\/api.w.org\/{rel}","templated":true}]}}