{"id":211,"date":"2024-08-18T11:54:22","date_gmt":"2024-08-18T09:54:22","guid":{"rendered":"http:\/\/www.mondo-legno.com\/?post_type=product&#038;p=211"},"modified":"2025-12-10T13:25:14","modified_gmt":"2025-12-10T12:25:14","slug":"cmc-mercedes-benz-300-slr-herrmann-signature-edition-2","status":"publish","type":"product","link":"https:\/\/www.modelcars24.de\/es\/cmc-mercedes-benz-300-slr-herrmann-signatur-edition\/","title":{"rendered":"CMC Mercedes-Benz 300 SLR, Edici\u00f3n Herrmann Signature - 1\/18"},"content":{"rendered":"<p>CMC Mercedes-Benz 300 SLR, Edici\u00f3n Herrmann Signature<\/p>\n<p>Por desgracia, Hans Herrmann, que marchaba en una posici\u00f3n prometedora en el grupo de cabeza, tuvo que retirarse m\u00e1s de la mitad de la carrera debido a un tap\u00f3n de combustible que se derram\u00f3 sobre el piloto y el copiloto. Hans Herrmann dej\u00f3 constancia de su agradecimiento y de la extraordinaria calidad del modelo de edici\u00f3n especial con su firma en cada cap\u00f3 de la edici\u00f3n especial.<\/p>\n<div>\n<ul>\n<li>Volante de tres radios. El interior est\u00e1 forrado en cuero y los asientos tapizados en tela. La puerta del conductor abatible facilitaba el acceso. El acompa\u00f1ante tuvo que conformarse con no tener puerta.<\/li>\n<li>Ruedas de repuesto desmontables adaptadas al tama\u00f1o de las ruedas delanteras y traseras<\/li>\n<li>Ruedas de radios con llantas de aluminio y cabecillas insertadas individualmente para los radios de alambre de acero inoxidable<\/li>\n<li>Cada una de las ruedas puede desmontarse mediante un bloqueo central de tres hojas, cuya geometr\u00eda se adapta al lateral del veh\u00edculo.<\/li>\n<li>Ventilaci\u00f3n de la cabina, parabrisas y retrovisor reproducidos con autenticidad<\/li>\n<li>Salpicadero de dise\u00f1o original con todos los instrumentos de visualizaci\u00f3n y controles<\/li>\n<li>Las c\u00fapulas de soporte del cuello est\u00e1n firmemente unidas al port\u00f3n trasero y pueden plegarse como una unidad para acceder a las ruedas de repuesto. El cap\u00f3 abierto est\u00e1 asegurado con una barra de soporte<\/li>\n<li>La tapa del dep\u00f3sito est\u00e1 integrada en la c\u00fapula del reposacabezas del lado del conductor. La boca de llenado del dep\u00f3sito situada debajo tiene un tap\u00f3n de dep\u00f3sito de acero inoxidable extra\u00edble<\/li>\n<li>Secci\u00f3n delantera con rejillas de filigrana en el radiador y el conducto de admisi\u00f3n de aire del motor<\/li>\n<li>Motor de ocho cilindros en l\u00ednea altamente detallado en posici\u00f3n de instalaci\u00f3n inclinada con todas las unidades complementarias, incluido el tendido completo de cables y el cableado.<\/li>\n<li>Los tubos laterales de escape son de acero inoxidable<\/li>\n<li>Suspensi\u00f3n delantera con frenos de tambor internos<\/li>\n<li>Bastidor de tubos de celos\u00eda con dep\u00f3sito, suspensi\u00f3n de ruedas, soportes para las ruedas de repuesto y surtidores el\u00e9ctricos de gasolina.<\/li>\n<\/ul>\n<\/div>\n<h4>Descripci\u00f3n del veh\u00edculo original:<\/h4>\n<div>La gran cita anual de la Mille Miglia cont\u00f3 con un grupo de participantes especialmente atractivo en 1955. Mercedes-Benz ten\u00eda grandes planes y envi\u00f3 una armada de cuatro coches de carreras 300 SLR, que se utilizaron por primera vez. Pilotos de renombre iban a disputar la victoria a los competidores m\u00e1s feroces, como Ferrari, Maserati y Aston Martin. Media Italia estaba en pie, esperando con impaciencia el acontecimiento nacional de carreras.<br \/>\nEl 1 de mayo de 1955, a las 7:04 de la ma\u00f1ana, el 300 SLR con el n\u00famero de salida 704 (n\u00famero de salida = hora de salida) y su piloto Hans Herrmann y su copiloto Hermann Eger abandonan la rampa de salida en Brescia para emprender el recorrido de aproximadamente 1600 km de la 22\u00aa Mille Miglia.<br \/>\nDesgraciadamente, el equipo tuvo que abandonar la carrera despu\u00e9s de m\u00e1s de la mitad de la distancia debido a que un tap\u00f3n de combustible se derram\u00f3 sobre el piloto y el copiloto.<br \/>\nEl resultado de la carrera es ahora mundialmente famoso y ha pasado a la historia del automovilismo. Stirling Moss celebr\u00f3 una victoria triunfal.<\/div>\n<p>N\u00famero de art\u00edculo: M-124<\/p>","protected":false},"excerpt":{"rendered":"<p>Mercedes-Benz 300 SLR, Herrmann Signatur Edition modelcar, M-124, de CMC, ya disponible en www.modelcars24.de<\/p>","protected":false},"featured_media":44062,"comment_status":"open","ping_status":"closed","template":"","meta":{"_acf_changed":false},"product_brand":[537],"product_cat":[18,19,45,21],"product_tag":[],"class_list":{"0":"post-211","1":"product","2":"type-product","3":"status-publish","4":"has-post-thumbnail","6":"product_brand-cmc","7":"product_cat-cmc","8":"product_cat-mercedes-benz","9":"product_cat-neuzugang","10":"product_cat-verfuegbar","11":"pa_automarke-mercedes","12":"pa_decade-1950s","13":"pa_fahrzeugtyp-gt-rennen","14":"pa_farbe-silber","15":"pa_limitiert-ja","16":"pa_massstab-1-18","17":"pa_modelmarke-cmc","18":"pa_modeltyp-alles-zum-oeffnen","19":"pa_modeltyp-fertigmodell","20":"pa_status-beim-hersteller-ausverkauft","21":"pa_verfuegbarkeit-sofort-verfuegbar","22":"pa_zustand_modell-2-neuwertig","23":"pa_zustand_verpackung-2-neuwertig","25":"first","26":"outofstock","27":"purchasable","28":"product-type-simple"},"acf":[],"jetpack_sharing_enabled":true,"_links":{"self":[{"href":"https:\/\/www.modelcars24.de\/es\/wp-json\/wp\/v2\/product\/211","targetHints":{"allow":["GET"]}}],"collection":[{"href":"https:\/\/www.modelcars24.de\/es\/wp-json\/wp\/v2\/product"}],"about":[{"href":"https:\/\/www.modelcars24.de\/es\/wp-json\/wp\/v2\/types\/product"}],"replies":[{"embeddable":true,"href":"https:\/\/www.modelcars24.de\/es\/wp-json\/wp\/v2\/comments?post=211"}],"version-history":[{"count":3,"href":"https:\/\/www.modelcars24.de\/es\/wp-json\/wp\/v2\/product\/211\/revisions"}],"predecessor-version":[{"id":57461,"href":"https:\/\/www.modelcars24.de\/es\/wp-json\/wp\/v2\/product\/211\/revisions\/57461"}],"wp:featuredmedia":[{"embeddable":true,"href":"https:\/\/www.modelcars24.de\/es\/wp-json\/wp\/v2\/media\/44062"}],"wp:attachment":[{"href":"https:\/\/www.modelcars24.de\/es\/wp-json\/wp\/v2\/media?parent=211"}],"wp:term":[{"taxonomy":"product_brand","embeddable":true,"href":"https:\/\/www.modelcars24.de\/es\/wp-json\/wp\/v2\/product_brand?post=211"},{"taxonomy":"product_cat","embeddable":true,"href":"https:\/\/www.modelcars24.de\/es\/wp-json\/wp\/v2\/product_cat?post=211"},{"taxonomy":"product_tag","embeddable":true,"href":"https:\/\/www.modelcars24.de\/es\/wp-json\/wp\/v2\/product_tag?post=211"}],"curies":[{"name":"wp","href":"https:\/\/api.w.org\/{rel}","templated":true}]}}