{"id":213,"date":"2024-01-28T00:00:00","date_gmt":"2024-01-27T23:00:00","guid":{"rendered":"http:\/\/www.mondo-legno.com\/?post_type=product&#038;p=213"},"modified":"2026-01-23T14:14:24","modified_gmt":"2026-01-23T13:14:24","slug":"cmc-maserati-tipo-61-motor-birdcage-con-vitrina","status":"publish","type":"product","link":"https:\/\/www.modelcars24.de\/es\/cmc-maserati-tipo-61-birdcage-motor-mit-vitrine\/","title":{"rendered":"CMC Maserati Tipo 61 Birdcage, motor con vitrina - 1\/18"},"content":{"rendered":"<h3>CMC Maserati Tipo 61 Birdcage, motor con vitrina, M-126<\/h3>\n<p>Para poder abastecer el mercado potencial de coches deportivos de competici\u00f3n, que a finales de los a\u00f1os 50 se encontraba claramente en EE.UU., y tambi\u00e9n para llegar a fin de mes econ\u00f3micamente, el propietario de Maserati, Orsi, y su dise\u00f1ador jefe, Gulio Alfieri, se vieron obligados a tomar cartas en el asunto y desarrollar un motor de tres litros para su Birdcage. Alfieri logr\u00f3 un golpe maestro que ha pasado a la historia de las carreras con la combinaci\u00f3n de chasis y motor que bautiz\u00f3 como Tipo 61.<br \/>\nEn el transcurso del desarrollo del Tipo 61, el motor, que estaba estrechamente relacionado con el del Tipo 200 SI, se modific\u00f3 en muchos aspectos. El dise\u00f1ador jefe Giulio Alfieri era consciente de que hab\u00eda que llevar el rendimiento al l\u00edmite para poder competir con rivales tan potentes como Ferrari o Aston Martin.<br \/>\nLos componentes clave de la revisi\u00f3n del motor atmosf\u00e9rico de cuatro cilindros en l\u00ednea inclu\u00edan la fabricaci\u00f3n del bloque de cilindros y las culatas en aleaci\u00f3n ligera. El di\u00e1metro y la carrera se aumentaron a 95,5 x 92 mm, lo que dio como resultado una cilindrada total de 2.890 cc. Las v\u00e1lvulas est\u00e1n controladas por dos \u00e1rboles de levas en cabeza accionados por un engranaje. Dos carburadores dobles Weber alimentan los cuatro cilindros del motor ahorrando combustible.<br \/>\nEl concepto de instalaci\u00f3n del motor se dise\u00f1\u00f3 de forma que la unidad se situara muy por detr\u00e1s del eje delantero, creando esencialmente un motor delantero-medio. El propio motor se instal\u00f3 en un \u00e1ngulo de 45\u00b0 a la derecha para mantener plana la parte delantera del coche. Esta disposici\u00f3n tambi\u00e9n manten\u00eda el bajo centro de gravedad deseado. Sin embargo, el c\u00e1rter de aceite del motor tuvo que modificarse y adaptarse a la posici\u00f3n de instalaci\u00f3n inclinada.<br \/>\nEn conjunto, el resultado fue un motor de alto rendimiento con una potencia de 250 CV que, con lubricaci\u00f3n por c\u00e1rter seco y un refrigerador de aceite independiente, tambi\u00e9n deb\u00eda proporcionar la estabilidad necesaria. Esta caracter\u00edstica qued\u00f3 impresionantemente demostrada con la sensacional victoria en la carrera de resistencia de 1.000 km en N\u00fcrburgring en 1960 y otra victoria un a\u00f1o despu\u00e9s en la misma carrera.<br \/>\nN\u00famero de art\u00edculo: M-126<\/p>","protected":false},"excerpt":{"rendered":"<p>M-126 \u2013 1-brandnew \u2013\u00a0 133,00 \u20ac inkl. 19% vat<\/p>","protected":false},"featured_media":48830,"comment_status":"open","ping_status":"closed","template":"","meta":{"_acf_changed":false},"product_brand":[537],"product_cat":[17,18,90,20,21],"product_tag":[91,92],"class_list":{"0":"post-213","1":"product","2":"type-product","3":"status-publish","4":"has-post-thumbnail","6":"product_brand-cmc","7":"product_cat-angebot","8":"product_cat-cmc","9":"product_cat-maserati","10":"product_cat-titel","11":"product_cat-verfuegbar","12":"product_tag-cmc-maserati-tipo-61-birdcage","13":"product_tag-motor-mit-vitrine","14":"pa_automarke-maserati","15":"pa_decade-1960s","16":"pa_fahrzeugtyp-gt-rennen","17":"pa_limitiert-nein","18":"pa_massstab-1-18","19":"pa_modelmarke-cmc","20":"pa_modeltyp-alles-zum-oeffnen","21":"pa_modeltyp-fertigmodell","22":"pa_status-beim-hersteller-ausverkauft","23":"pa_verfuegbarkeit-sofort-verfuegbar","24":"pa_zustand_modell-2-neuwertig","25":"pa_zustand_verpackung-2-neuwertig","27":"first","28":"instock","29":"taxable","30":"shipping-taxable","31":"purchasable","32":"product-type-simple"},"acf":[],"jetpack_sharing_enabled":true,"_links":{"self":[{"href":"https:\/\/www.modelcars24.de\/es\/wp-json\/wp\/v2\/product\/213","targetHints":{"allow":["GET"]}}],"collection":[{"href":"https:\/\/www.modelcars24.de\/es\/wp-json\/wp\/v2\/product"}],"about":[{"href":"https:\/\/www.modelcars24.de\/es\/wp-json\/wp\/v2\/types\/product"}],"replies":[{"embeddable":true,"href":"https:\/\/www.modelcars24.de\/es\/wp-json\/wp\/v2\/comments?post=213"}],"version-history":[{"count":4,"href":"https:\/\/www.modelcars24.de\/es\/wp-json\/wp\/v2\/product\/213\/revisions"}],"predecessor-version":[{"id":57462,"href":"https:\/\/www.modelcars24.de\/es\/wp-json\/wp\/v2\/product\/213\/revisions\/57462"}],"wp:featuredmedia":[{"embeddable":true,"href":"https:\/\/www.modelcars24.de\/es\/wp-json\/wp\/v2\/media\/48830"}],"wp:attachment":[{"href":"https:\/\/www.modelcars24.de\/es\/wp-json\/wp\/v2\/media?parent=213"}],"wp:term":[{"taxonomy":"product_brand","embeddable":true,"href":"https:\/\/www.modelcars24.de\/es\/wp-json\/wp\/v2\/product_brand?post=213"},{"taxonomy":"product_cat","embeddable":true,"href":"https:\/\/www.modelcars24.de\/es\/wp-json\/wp\/v2\/product_cat?post=213"},{"taxonomy":"product_tag","embeddable":true,"href":"https:\/\/www.modelcars24.de\/es\/wp-json\/wp\/v2\/product_tag?post=213"}],"curies":[{"name":"wp","href":"https:\/\/api.w.org\/{rel}","templated":true}]}}