{"id":22855,"date":"2024-12-08T11:39:30","date_gmt":"2024-12-08T10:39:30","guid":{"rendered":"http:\/\/www.mondo-legno.com\/?post_type=product&#038;p=22855"},"modified":"2025-12-10T13:31:19","modified_gmt":"2025-12-10T12:31:19","slug":"ixo-mercedes-300-sl-rojo-modelo-terminado-18","status":"publish","type":"product","link":"https:\/\/www.modelcars24.de\/es\/ixo-mercedes-300-sl-rot-fertigmodell18\/","title":{"rendered":"Mercedes 300 SL modelo acabado rojo 1:8 - 1\/8"},"content":{"rendered":"<p>Mercedes 300 SL rojo Modelo terminado 1:8. Modelo de coleccionista de alta calidad a escala 1:8. Fundici\u00f3n a presi\u00f3n, todo se abre. Tambi\u00e9n disponible en otros colores, o como modelo hecho a medida, como su veh\u00edculo original.<\/p>\n<p>Construimos modelos a escala 1:8 de Mercedes 300 SL que corresponden a su veh\u00edculo original. Se pueden realizar una variedad de equipamientos. Adem\u00e1s de la pintura, la ejecuci\u00f3n de las llantas, paquetes de equipamiento o faros. Por dentro, continuamos con el color del interior, los tableros. Por supuesto, tambi\u00e9n hay una matr\u00edcula individual. El tiempo de entrega de un modelo individual es de aproximadamente 2 meses. Cont\u00e1cteme en klaus.jeschke@modelcars24.de para configurar su Mercedes.<\/p>\n<p>Datos t\u00e9cnicos:<\/p>\n<ul>\n<li>Escala: 1:8<\/li>\n<li>Longitud: 56,5 cm<\/li>\n<li>Anchura: 23 cm<\/li>\n<li>Altura: 16 cm<\/li>\n<li>Peso: 7,3 kg<\/li>\n<li>M\u00e1s de 602 piezas, 113 de ellas met\u00e1licas<\/li>\n<li>Funci\u00f3n de luz delantera y trasera<\/li>\n<li>Direcci\u00f3n funcional<\/li>\n<li>Motor detallado<\/li>\n<li>Con licencia oficial de Mercedes-Benz<\/li>\n<\/ul>\n<p>N\u00famero de art\u00edculo: 10107X-1<\/p>","protected":false},"excerpt":{"rendered":"<p>10107X, 2955,00 \u20ac<\/p>","protected":false},"featured_media":46484,"comment_status":"open","ping_status":"closed","template":"","meta":[],"product_brand":[],"product_cat":[426,417,272,262],"product_tag":[460,316,263],"class_list":{"0":"post-22855","1":"product","2":"type-product","3":"status-publish","4":"has-post-thumbnail","6":"product_cat-funding","7":"product_cat-ixo","8":"product_cat-mercedes","9":"product_cat-vorbestellbar","10":"product_tag-ixo","11":"product_tag-mercedes","12":"product_tag-vorbestellbar","13":"pa_automarke-mercedes","14":"pa_decade-1960s","15":"pa_fahrzeugtyp-coupe","16":"pa_limitiert-nein","17":"pa_massstab-1-8","18":"pa_modelmarke-ixo","19":"pa_modeltyp-alles-zum-oeffnen","20":"pa_modeltyp-fertigmodell","21":"pa_status-beim-hersteller-verfuegbar","22":"pa_verfuegbarkeit-vorbestellbar","23":"pa_zustand_modell-1-brandneu","24":"pa_zustand_verpackung-1-brandneu","26":"first","27":"instock","28":"taxable","29":"shipping-taxable","30":"purchasable","31":"product-type-simple"},"jetpack_sharing_enabled":true,"_links":{"self":[{"href":"https:\/\/www.modelcars24.de\/es\/wp-json\/wp\/v2\/product\/22855","targetHints":{"allow":["GET"]}}],"collection":[{"href":"https:\/\/www.modelcars24.de\/es\/wp-json\/wp\/v2\/product"}],"about":[{"href":"https:\/\/www.modelcars24.de\/es\/wp-json\/wp\/v2\/types\/product"}],"replies":[{"embeddable":true,"href":"https:\/\/www.modelcars24.de\/es\/wp-json\/wp\/v2\/comments?post=22855"}],"version-history":[{"count":3,"href":"https:\/\/www.modelcars24.de\/es\/wp-json\/wp\/v2\/product\/22855\/revisions"}],"predecessor-version":[{"id":58197,"href":"https:\/\/www.modelcars24.de\/es\/wp-json\/wp\/v2\/product\/22855\/revisions\/58197"}],"wp:featuredmedia":[{"embeddable":true,"href":"https:\/\/www.modelcars24.de\/es\/wp-json\/wp\/v2\/media\/46484"}],"wp:attachment":[{"href":"https:\/\/www.modelcars24.de\/es\/wp-json\/wp\/v2\/media?parent=22855"}],"wp:term":[{"taxonomy":"product_brand","embeddable":true,"href":"https:\/\/www.modelcars24.de\/es\/wp-json\/wp\/v2\/product_brand?post=22855"},{"taxonomy":"product_cat","embeddable":true,"href":"https:\/\/www.modelcars24.de\/es\/wp-json\/wp\/v2\/product_cat?post=22855"},{"taxonomy":"product_tag","embeddable":true,"href":"https:\/\/www.modelcars24.de\/es\/wp-json\/wp\/v2\/product_tag?post=22855"}],"curies":[{"name":"wp","href":"https:\/\/api.w.org\/{rel}","templated":true}]}}