{"id":231,"date":"2022-12-30T11:54:23","date_gmt":"2022-12-30T10:54:23","guid":{"rendered":"http:\/\/www.mondo-legno.com\/?post_type=product&#038;p=231"},"modified":"2025-12-10T13:25:18","modified_gmt":"2025-12-10T12:25:18","slug":"cmc-alfa-romeo-6c-1750-gs-1930-2","status":"publish","type":"product","link":"https:\/\/www.modelcars24.de\/es\/cmc-alfa-romeo-6c-1750-gs-1930-2\/","title":{"rendered":"CMC Alfa Romeo 6C 1750 GS, 1930 - 1\/18"},"content":{"rendered":"<h3>CMC Alfa Romeo 6C 1750 GS, 1930, sin pintar<\/h3>\n<p>CMC le presenta una rareza con una apariencia excepcional que se destaca claramente de la norma habitual, el 6C 1750 Gran Sport en una versi\u00f3n sin lacar como una edici\u00f3n especial limitada de solo 1.000 unidades en todo el mundo.<br \/>\nPero precisamente por eso, al ver esta r\u00e9plica, uno se da cuenta de lo hermosa que puede ser una miniatura incluso sin lacar. Con su aura muy propia y su carisma expresivo, se distingue con confianza de los modelos habitualmente lacados y es capaz de convencer a los conocedores.<br \/>\nEl procesamiento artesanal de los materiales de alta calidad se destaca especialmente y subraya de forma duradera la posici\u00f3n especial de este objeto de colecci\u00f3n.<br \/>\nPara una protecci\u00f3n duradera contra la decoloraci\u00f3n natural del material o la formaci\u00f3n de p\u00e1tina, todas las superficies del modelo se sellan con una laca transparente.<\/p>\n<div>\n<ul>\n<li>Modelo de precisi\u00f3n de metal ensamblado a mano como volante a la derecha de 1.800 piezas, de las cuales 1.311 son de metal.<\/li>\n<li>Aut\u00e9ntica carrocer\u00eda Spyder moldeada a escala real del ingenioso carrocero Zagato.<\/li>\n<li>Bastidor del veh\u00edculo de construcci\u00f3n met\u00e1lica<\/li>\n<li>Motor de 6 cilindros en l\u00ednea de alto detalle con compresor Roots montado en la parte delantera, as\u00ed como todos los dem\u00e1s componentes perif\u00e9ricos y cableado\/tuber\u00edas completos.<\/li>\n<li>Atractivo dise\u00f1o frontal con la famosa unidad de iluminaci\u00f3n de triple faro<\/li>\n<li>Las mallas de protecci\u00f3n contra astillas protegen el cristal de los faros contra da\u00f1os. Tapas rojas extra\u00edbles<\/li>\n<li>Cap\u00f3 de doble ala abatible con posibilidad de almacenamiento en pasadores met\u00e1licos<\/li>\n<li>El protector met\u00e1lico de malla fina evita da\u00f1os en la rejilla del radiador<\/li>\n<li>Parabrisas con marco de montaje met\u00e1lico dimensionalmente estable<\/li>\n<li>Puertas m\u00f3viles con bisagras finamente modeladas<\/li>\n<li>Boca de llenado lateral del dep\u00f3sito de aceite alojado en la ba\u00f1era y boca de llenado trasera del dep\u00f3sito de combustible de chapa de acero inoxidable, cada una con tap\u00f3n met\u00e1lico m\u00f3vil.<\/li>\n<li>Maletero detr\u00e1s de la capota con solapa m\u00f3vil<\/li>\n<li>Cabina detalladamente elaborada con tapicer\u00eda de cuero genuino en los asientos y paneles de las puertas.<\/li>\n<li>Reproducci\u00f3n detallada del tablero de instrumentos con todos los indicadores y mandos de control.<\/li>\n<li>Dispositivo de sujeci\u00f3n funcional para ruedas de repuesto dobles. Ruedas extra\u00edbles tras aflojar un tornillo de mariposa<\/li>\n<li>Ruedas de radios perfectas con llantas de aluminio y radios de alambre de acero inoxidable con tetones. Los cierres centrales atornillables con rosca derecha\/izquierda permiten desmontar las ruedas<\/li>\n<li>Elaborada secci\u00f3n inferior con ejes delantero\/trasero de fundici\u00f3n met\u00e1lica, as\u00ed como representaci\u00f3n de las varillas de freno mec\u00e1nicas, ballestas y amortiguadores de fricci\u00f3n, todos de metal.<\/li>\n<li>Superficies met\u00e1licas selladas con barniz transparente<\/li>\n<\/ul>\n<\/div>\n<h4>Descripci\u00f3n del veh\u00edculo original:<\/h4>\n<div>Dise\u00f1ado principalmente como coche de competici\u00f3n, el 6C 1750 GS domin\u00f3 claramente a sus contempor\u00e1neos, sobre todo gracias a su excelente aceleraci\u00f3n combinada con un dise\u00f1o sencillo del chasis y la fiabilidad de sus componentes mec\u00e1nicos. Otro factor decisivo fue la respuesta inusualmente \u00e1gil del acelerador y la capacidad de aceleraci\u00f3n del motor. La suspensi\u00f3n bien afinada, r\u00edgida pero no demasiado dura, permit\u00eda un estilo de conducci\u00f3n que ahorraba energ\u00eda. Con un peso en vac\u00edo de 920 kg y 85 CV a 4.500 rpm, el Gran Sport alcanzaba 145 km\/h, una velocidad incre\u00edble para un coche de 1930 con una cilindrada muy inferior a los dos litros. En 1929 y 1930, Alfa Romeo envi\u00f3 a las carreras coches oficiales de f\u00e1brica especialmente exigentes, con culatas soldadas y cig\u00fce\u00f1al de ocho cojinetes, que pod\u00edan alcanzar una potencia de 102 CV a 5.000 rpm. Con una nueva reducci\u00f3n del peso en orden de marcha a 840 kg, el Gran Sport de 1930 alcanzaba una velocidad m\u00e1xima de hasta 170 km\/h.<br \/>\nTazio Nuvolari, junto a su copiloto Guidotti, aprovecha estas favorables condiciones del veh\u00edculo cuando ambos, en su 6C 1750 GS con el n\u00famero de salida 84, libran un re\u00f1ido duelo en la Mille Miglia de 1930 contra su archirrival Achille Varzi, tambi\u00e9n en un Alfa 6C 1750 GS. Ambos pilotos estrella no se dan tregua y recurren a toda clase de trucos. La leyenda cuenta que Nuvolari se acerc\u00f3 sigilosamente a Varzi durante la noche con los faros apagados y solo justo detr\u00e1s de su competidor encendi\u00f3 sus tres faros de un rojo incandescente, para luego adelantar a un Varzi desconcertado a toda velocidad y as\u00ed ganar la carrera por delante de Varzi.<br \/>\nDesde entonces, los tres faros delanteros, equipados con cubiertas de pl\u00e1stico rojas, se han convertido en una de las se\u00f1as de identidad m\u00e1s populares de los deportivos modelos de preguerra de Alfa Romeo.<br \/>\nPor cierto, en la Mille Miglia de 1930, cuatro coches de f\u00e1brica de Alfa ocuparon los cuatro primeros puestos en la clasificaci\u00f3n general, y el ganador, Tazio Nuvolari, logr\u00f3 una media de m\u00e1s de 100 km\/h.<\/div>\n<p>N\u00famero de art\u00edculo: M-142<\/p>","protected":false},"excerpt":{"rendered":"<p>CMC Alfa Romeo 6C 1750 GS, modelo 1930, M-142, de CMC, ahora disponible en www.modelcars24.de<\/p>","protected":false},"featured_media":44085,"comment_status":"open","ping_status":"closed","template":"","meta":{"_acf_changed":false},"product_brand":[537],"product_cat":[100,18,20,21],"product_tag":[101,102,96],"class_list":{"0":"post-231","1":"product","2":"type-product","3":"status-publish","4":"has-post-thumbnail","6":"product_brand-cmc","7":"product_cat-alfa-romeo","8":"product_cat-cmc","9":"product_cat-titel","10":"product_cat-verfuegbar","11":"product_tag-101","12":"product_tag-cmc-alfa-romeo-6c-1750-gs","13":"product_tag-unlackiert","14":"pa_automarke-alfa-romeo","15":"pa_decade-1930s","16":"pa_fahrzeugtyp-formel-1","17":"pa_farbe-unlackiert","18":"pa_limitiert-ja","19":"pa_massstab-1-18","20":"pa_modelmarke-cmc","21":"pa_modeltyp-alles-zum-oeffnen","22":"pa_modeltyp-fertigmodell","23":"pa_status-beim-hersteller-ausverkauft","24":"pa_verfuegbarkeit-sofort-verfuegbar","25":"pa_zustand_modell-2-neuwertig","26":"pa_zustand_verpackung-2-neuwertig","28":"first","29":"outofstock","30":"purchasable","31":"product-type-simple"},"acf":[],"jetpack_sharing_enabled":true,"_links":{"self":[{"href":"https:\/\/www.modelcars24.de\/es\/wp-json\/wp\/v2\/product\/231","targetHints":{"allow":["GET"]}}],"collection":[{"href":"https:\/\/www.modelcars24.de\/es\/wp-json\/wp\/v2\/product"}],"about":[{"href":"https:\/\/www.modelcars24.de\/es\/wp-json\/wp\/v2\/types\/product"}],"replies":[{"embeddable":true,"href":"https:\/\/www.modelcars24.de\/es\/wp-json\/wp\/v2\/comments?post=231"}],"version-history":[{"count":3,"href":"https:\/\/www.modelcars24.de\/es\/wp-json\/wp\/v2\/product\/231\/revisions"}],"predecessor-version":[{"id":57472,"href":"https:\/\/www.modelcars24.de\/es\/wp-json\/wp\/v2\/product\/231\/revisions\/57472"}],"wp:featuredmedia":[{"embeddable":true,"href":"https:\/\/www.modelcars24.de\/es\/wp-json\/wp\/v2\/media\/44085"}],"wp:attachment":[{"href":"https:\/\/www.modelcars24.de\/es\/wp-json\/wp\/v2\/media?parent=231"}],"wp:term":[{"taxonomy":"product_brand","embeddable":true,"href":"https:\/\/www.modelcars24.de\/es\/wp-json\/wp\/v2\/product_brand?post=231"},{"taxonomy":"product_cat","embeddable":true,"href":"https:\/\/www.modelcars24.de\/es\/wp-json\/wp\/v2\/product_cat?post=231"},{"taxonomy":"product_tag","embeddable":true,"href":"https:\/\/www.modelcars24.de\/es\/wp-json\/wp\/v2\/product_tag?post=231"}],"curies":[{"name":"wp","href":"https:\/\/api.w.org\/{rel}","templated":true}]}}