{"id":248,"date":"2026-01-28T00:00:00","date_gmt":"2026-01-27T23:00:00","guid":{"rendered":"http:\/\/www.mondo-legno.com\/?post_type=product&#038;p=248"},"modified":"2026-05-01T13:30:48","modified_gmt":"2026-05-01T11:30:48","slug":"cmc-mercedes-benz-300-sl-gran-premio-de-berna-1952-2","status":"publish","type":"product","link":"https:\/\/www.modelcars24.de\/es\/cmc-mercedes-benz-300-sl-grosser-preis-von-bern-1952-20\/","title":{"rendered":"CMC Mercedes-Benz 300 SL, Gran Premio de Berna, 1952 #20 - 1\/18"},"content":{"rendered":"<h3>CMC Mercedes-Benz 300 SL (W 194), Gran Premio de Berna 1952, #20 Largo Edici\u00f3n limitada de 1.500 unidades<\/h3>\n<p>Corr\u00eda el a\u00f1o 1952 y, tras la participaci\u00f3n de Mercedes-Benz en la Mille Miglia, la siguiente carrera del calendario era el Gran Premio de Suiza en Bremgarten, Berna. Como acontecimiento especial para el p\u00fablico, tambi\u00e9n se celebr\u00f3 al mismo tiempo el Gran Premio de Berna para coches deportivos de carreras con una cilindrada superior a 1,5 litros. CMC recre\u00f3 modelos aut\u00e9nticos de cada uno de los 300 SL coup\u00e9s de carreras participantes.<\/p>\n<ul>\n<li>Modelo met\u00e1lico de precisi\u00f3n montado a mano<\/li>\n<li>Carrocer\u00eda \u201eGullwing\u201c aut\u00e9ntica y moldeada a escala real<\/li>\n<li>Puertas abatibles con ventanas de apertura abatible<\/li>\n<li>Parrilla del radiador perfectamente dise\u00f1ada con la estrella Mercedes dominante. Todas las piezas son de metal<\/li>\n<li>Apertura del maletero<\/li>\n<li>Placas de matr\u00edcula delantera y trasera contempor\u00e1neas<\/li>\n<li>Boca de llenado de combustible en el maletero con tap\u00f3n de llenado m\u00f3vil<\/li>\n<li>Detallado motor de seis cilindros en l\u00ednea con unidades adicionales y tuber\u00edas. Motor instalado fiel al original con una inclinaci\u00f3n de 50\u00b0 a la izquierda.<\/li>\n<li>Asientos del conductor con tapicer\u00eda textil aut\u00e9ntica en un atractivo dise\u00f1o a cuadros<\/li>\n<li>Salpicadero finamente elaborado con todos los instrumentos de visualizaci\u00f3n e interruptores de control<\/li>\n<li>Interior con flocado de moqueta<\/li>\n<li>Brillante pintura exterior con combinaci\u00f3n de colores original y aplicaci\u00f3n de los n\u00fameros de salida mediante el proceso de tampograf\u00eda.<\/li>\n<\/ul>\n<h4>HISTORIAL (VEH\u00cdCULO ORIGINAL)<\/h4>\n<p>Tras un largo trabajo de desarrollo, el nuevo coup\u00e9 de carreras Mercedes-Benz 300SL (W194) -que era inusualmente elegante y muy bajo, con s\u00f3lo 1.270 mm de altura- se present\u00f3 a la prensa en la autopista A81 entre Stuttgart y Heilbronn el 12 de marzo de 1952.<br \/>\nN\u00famero de art\u00edculo: M-159<\/p>\n<p>1-nuevo<\/p>","protected":false},"excerpt":{"rendered":"<p>1-nuevo - en lugar de 385,00 \u20ac ahora 315,00 \u20ac incl. 19% IVA<\/p>","protected":false},"featured_media":49461,"comment_status":"open","ping_status":"closed","template":"","meta":{"_acf_changed":false},"product_brand":[537],"product_cat":[17,18,19,20,21],"product_tag":[105,106,107],"class_list":{"0":"post-248","1":"product","2":"type-product","3":"status-publish","4":"has-post-thumbnail","6":"product_brand-cmc","7":"product_cat-angebot","8":"product_cat-cmc","9":"product_cat-mercedes-benz","10":"product_cat-titel","11":"product_cat-verfuegbar","12":"product_tag-20-lang-limitierte-auflage-1-500-stueck","13":"product_tag-cmc-mercedes-benz-300-sl-w-194","14":"product_tag-grosser-preis-von-bern-1952","15":"pa_automarke-mercedes","16":"pa_decade-1950s","17":"pa_fahrzeugtyp-gt-rennen","18":"pa_farbe-hellblau","19":"pa_limitiert-ja","20":"pa_massstab-1-18","21":"pa_modelmarke-cmc","22":"pa_modeltyp-alles-zum-oeffnen","23":"pa_modeltyp-fertigmodell","24":"pa_verfuegbarkeit-sofort-verfuegbar","25":"pa_zustand_modell-1-brandneu","26":"pa_zustand_verpackung-1-brandneu","28":"first","29":"instock","30":"sale","31":"taxable","32":"shipping-taxable","33":"purchasable","34":"product-type-simple"},"acf":[],"jetpack_sharing_enabled":true,"_links":{"self":[{"href":"https:\/\/www.modelcars24.de\/es\/wp-json\/wp\/v2\/product\/248","targetHints":{"allow":["GET"]}}],"collection":[{"href":"https:\/\/www.modelcars24.de\/es\/wp-json\/wp\/v2\/product"}],"about":[{"href":"https:\/\/www.modelcars24.de\/es\/wp-json\/wp\/v2\/types\/product"}],"replies":[{"embeddable":true,"href":"https:\/\/www.modelcars24.de\/es\/wp-json\/wp\/v2\/comments?post=248"}],"version-history":[{"count":5,"href":"https:\/\/www.modelcars24.de\/es\/wp-json\/wp\/v2\/product\/248\/revisions"}],"predecessor-version":[{"id":57477,"href":"https:\/\/www.modelcars24.de\/es\/wp-json\/wp\/v2\/product\/248\/revisions\/57477"}],"wp:featuredmedia":[{"embeddable":true,"href":"https:\/\/www.modelcars24.de\/es\/wp-json\/wp\/v2\/media\/49461"}],"wp:attachment":[{"href":"https:\/\/www.modelcars24.de\/es\/wp-json\/wp\/v2\/media?parent=248"}],"wp:term":[{"taxonomy":"product_brand","embeddable":true,"href":"https:\/\/www.modelcars24.de\/es\/wp-json\/wp\/v2\/product_brand?post=248"},{"taxonomy":"product_cat","embeddable":true,"href":"https:\/\/www.modelcars24.de\/es\/wp-json\/wp\/v2\/product_cat?post=248"},{"taxonomy":"product_tag","embeddable":true,"href":"https:\/\/www.modelcars24.de\/es\/wp-json\/wp\/v2\/product_tag?post=248"}],"curies":[{"name":"wp","href":"https:\/\/api.w.org\/{rel}","templated":true}]}}