{"id":302,"date":"2026-01-13T00:00:00","date_gmt":"2026-01-12T23:00:00","guid":{"rendered":"https:\/\/www.modelcars24.de\/?post_type=product&#038;p=302"},"modified":"2026-03-24T15:06:42","modified_gmt":"2026-03-24T14:06:42","slug":"cmc-jaguar-c-type-1952-modelo-especial-techno-classica-2020","status":"publish","type":"product","link":"https:\/\/www.modelcars24.de\/es\/cmc-jaguar-c-type-1952-sondermodell-techno-classica-2020\/","title":{"rendered":"CMC Jaguar C-Type 1952, modelo especial Techno Classica 2020 - 1\/18"},"content":{"rendered":"<h3>CMC Jaguar C-Type 1952, modelo especial Techno Classica 2020<\/h3>\n<p>La exitosa d\u00e9cada de Jaguar en el automovilismo comenz\u00f3 en 1949 con el magn\u00edfico deportivo XK 120, del que se deriv\u00f3 el C-Type para competici\u00f3n en 1951. Aparte del motor perfeccionado del XK 120, se trataba de un dise\u00f1o completamente nuevo. Jaguar gan\u00f3 la clasificaci\u00f3n general de las carreras de resistencia de Le Mans en dos ocasiones con el C-Type. S\u00f3lo se fabricaron 53 ejemplares de este deportivo de carreras en la factor\u00eda de Coventry, cuatro de los cuales se construyeron sobre chasis ligeros.<\/p>\n<ul>\n<li>Modelo met\u00e1lico de precisi\u00f3n ensamblado a mano a partir de 1.155 piezas.<\/li>\n<li>Cap\u00f3 desmontable y bloqueable<\/li>\n<li>Fiel reproducci\u00f3n del motor de seis cilindros en l\u00ednea con todas las unidades complementarias y cableado completo<\/li>\n<li>Tubos de escape met\u00e1licos<\/li>\n<li>Eje delantero de direcci\u00f3n triangular con amortiguadores met\u00e1licos de aceite a presi\u00f3n<\/li>\n<li>Suspensi\u00f3n de barra de torsi\u00f3n en disposici\u00f3n longitudinal<\/li>\n<li>Eje trasero r\u00edgido con brazos arrastrados y puntales de empuje, amortiguadores de aceite a presi\u00f3n, todas las piezas de metal<\/li>\n<li>Suspensi\u00f3n de barra de torsi\u00f3n en disposici\u00f3n transversal<\/li>\n<li>Rejilla del radiador de acero inoxidable pintada a mano<\/li>\n<li>R\u00e9plica detallada del sistema de refrigeraci\u00f3n<\/li>\n<li>Tap\u00f3n del dep\u00f3sito de combustible m\u00f3vil<\/li>\n<li>Tap\u00f3n de llenado de aceite m\u00f3vil<\/li>\n<li>Puerta del conductor con bisagras de apertura aut\u00e9nticamente reproducidas<\/li>\n<li>Cabina con asiento del conductor y reposacabezas tapizados en cuero<\/li>\n<li>Ruedas de radios perfectamente dise\u00f1adas con radios de alambre de acero inoxidable dibujados a mano y con tetones<\/li>\n<li>Cierres centrales de rueda atornillables con rosca derecha\/izquierda aut\u00e9ntica<\/li>\n<li>Pintura brillante en color original<\/li>\n<\/ul>\n<p>N\u00famero de art\u00edculo: M-214<\/p>\n<p>2-nuevo<\/p>","protected":false},"excerpt":{"rendered":"<p>M-214 \u2013 como nuevo \u2013 425,00 \u20ac<\/p>","protected":false},"featured_media":41300,"comment_status":"open","ping_status":"closed","template":"","meta":{"_acf_changed":false},"product_brand":[537],"product_cat":[960,18,139,20,21],"product_tag":[671,675,676],"class_list":{"0":"post-302","1":"product","2":"type-product","3":"status-publish","4":"has-post-thumbnail","6":"product_brand-cmc","7":"product_cat-aktion","8":"product_cat-cmc","9":"product_cat-jaguar","10":"product_cat-titel","11":"product_cat-verfuegbar","12":"product_tag-cmc-jaguar-c-type","13":"product_tag-cmc-jaguar-c-type-1952","14":"product_tag-sondermodell-techno-classica-2020","15":"pa_automarke-jaguar","16":"pa_decade-1950s","17":"pa_fahrzeugtyp-cabrio","18":"pa_farbe-gold","19":"pa_limitiert-ja","20":"pa_massstab-1-18","21":"pa_modelmarke-cmc","22":"pa_modeltyp-alles-zum-oeffnen","23":"pa_modeltyp-fertigmodell","24":"pa_verfuegbarkeit-sofort-verfuegbar","25":"pa_zustand_modell-1-brandneu","26":"pa_zustand_verpackung-1-brandneu","28":"first","29":"instock","30":"sale","31":"purchasable","32":"product-type-simple"},"acf":[],"jetpack_sharing_enabled":true,"_links":{"self":[{"href":"https:\/\/www.modelcars24.de\/es\/wp-json\/wp\/v2\/product\/302","targetHints":{"allow":["GET"]}}],"collection":[{"href":"https:\/\/www.modelcars24.de\/es\/wp-json\/wp\/v2\/product"}],"about":[{"href":"https:\/\/www.modelcars24.de\/es\/wp-json\/wp\/v2\/types\/product"}],"replies":[{"embeddable":true,"href":"https:\/\/www.modelcars24.de\/es\/wp-json\/wp\/v2\/comments?post=302"}],"version-history":[{"count":5,"href":"https:\/\/www.modelcars24.de\/es\/wp-json\/wp\/v2\/product\/302\/revisions"}],"predecessor-version":[{"id":59566,"href":"https:\/\/www.modelcars24.de\/es\/wp-json\/wp\/v2\/product\/302\/revisions\/59566"}],"wp:featuredmedia":[{"embeddable":true,"href":"https:\/\/www.modelcars24.de\/es\/wp-json\/wp\/v2\/media\/41300"}],"wp:attachment":[{"href":"https:\/\/www.modelcars24.de\/es\/wp-json\/wp\/v2\/media?parent=302"}],"wp:term":[{"taxonomy":"product_brand","embeddable":true,"href":"https:\/\/www.modelcars24.de\/es\/wp-json\/wp\/v2\/product_brand?post=302"},{"taxonomy":"product_cat","embeddable":true,"href":"https:\/\/www.modelcars24.de\/es\/wp-json\/wp\/v2\/product_cat?post=302"},{"taxonomy":"product_tag","embeddable":true,"href":"https:\/\/www.modelcars24.de\/es\/wp-json\/wp\/v2\/product_tag?post=302"}],"curies":[{"name":"wp","href":"https:\/\/api.w.org\/{rel}","templated":true}]}}