{"id":31436,"date":"2025-11-24T10:04:09","date_gmt":"2025-11-24T09:04:09","guid":{"rendered":"http:\/\/www.mondo-legno.com\/?post_type=product&#038;p=31436"},"modified":"2026-03-12T11:04:39","modified_gmt":"2026-03-12T10:04:39","slug":"martisan-ferrari-250-gto-rosso-corsa-al-con-cuerpo-de-cobre-uno-de-199-2","status":"publish","type":"product","link":"https:\/\/www.modelcars24.de\/es\/martisan-ferrari-250-gto-rosso-corsa-al-mit-kupferkarosserie-one-of-199-2\/","title":{"rendered":"Martisan Ferrari 250 GTO Rosso Corsa AL con carrocer\u00eda de cobre uno de 199 - 1\/18"},"content":{"rendered":"<h3 class=\"product_title entry-title\">Martisan Ferrari 250 GTO Rosso Corsa con carrocer\u00eda de cobre, Chasis 3445 GT<\/h3>\n<div class=\"woocommerce-product-details__short-description\">\n<p>El Martisan Ferrari 250 GTO Rosso Corsa es un modelo a escala 1:18 muy detallado del Ferrari 250 GTO y es uno de los modelos m\u00e1s detallados y de mayor calidad que conocemos. La carrocer\u00eda es de chapa de cobre, lo que evita la formaci\u00f3n de ampollas y el envejecimiento de la pintura y garantiza su conservaci\u00f3n a largo plazo. Todos los cristales, incluidas las cubiertas de los faros, son de aut\u00e9ntico vidrio templado. Cada modelo es cuidadosamente fabricado por t\u00e9cnicos profesionales, con un trabajo artesanal que alcanza el nivel de los relojeros, y todo el montaje de precisi\u00f3n corre a cargo de un t\u00e9cnico responsable. Es el primer modelo de coche est\u00e1tico a escala 1:18 del mundo equipado con un diferencial de eje trasero y el primero en utilizar cristal templado, que reproduce a la perfecci\u00f3n el efecto del cristal de un coche real. La estructura del compartimento del motor, totalmente de cobre y dise\u00f1ada con precisi\u00f3n, permite comprender intuitivamente el interior del coche real a partir de la maqueta. El interior del habit\u00e1culo, de proporciones realistas, est\u00e1 finamente detallado y tiene una textura realista que te hace sentir como si estuvieras all\u00ed. Las ruedas imitan la estructura de los neum\u00e1ticos de vac\u00edo, creando los efectos de presi\u00f3n y vac\u00edo de un caballete de coche real. Todo el veh\u00edculo consta de 35 piezas m\u00f3viles, por lo que podr\u00e1s recrear la historia explorando la maqueta. M\u00e1s detalles esperan a ser descubiertos por usted. Martisan supera as\u00ed la riqueza de detalles y la calidad de los materiales utilizados por todos los fabricantes que conocemos. La maqueta saldr\u00e1 a la venta a mediados de 2024.<\/p>\n<p>En nuestro blog encontrar\u00e1 un v\u00eddeo y m\u00e1s informaci\u00f3n sobre el modelo. Puede acceder al blog haciendo clic en <a href=\"https:\/\/www.modelcars24.de\/es\/martisan-ferrari-250-chassis\/\">pulse aqu\u00ed<\/a>.<\/p>\n<p>- Direcci\u00f3n funcional, r\u00e9plica del coche original<br \/>\n- Dep\u00f3sitos de combustible met\u00e1licos con estructura interna y externa originales<br \/>\n- Apertura de la tapa del dep\u00f3sito de combustible<br \/>\n- Los neum\u00e1ticos de caucho simulan un neum\u00e1tico lleno de aire<br \/>\n- Amortiguadores realistas<br \/>\n- Los discos de freno reproducen el color y los detalles del original<br \/>\n- Los bujes de las ruedas est\u00e1n hechos a mano con radios de 0,3 mm.<br \/>\n- Todos los accesorios del motor est\u00e1n cuidadosamente modelados<br \/>\n- Cuerpo prototipo de chapa de cobre<br \/>\n- Acristalamiento de vidrio aut\u00e9ntico<\/p>\n<p>&nbsp;<\/p>\n<p>&nbsp;<\/p>\n<\/div>\n<p>N\u00famero de art\u00edculo: Martisan 8-1-1-1<\/p>","protected":false},"excerpt":{"rendered":"<p class=\"product_title entry-title\">1-nuevo - 2360,00 \u20ac IVA incl. 19%<\/p>","protected":false},"featured_media":54924,"comment_status":"open","ping_status":"closed","template":"","meta":{"_acf_changed":false},"product_brand":[877],"product_cat":[63,385,21],"product_tag":[],"class_list":{"0":"post-31436","1":"product","2":"type-product","3":"status-publish","4":"has-post-thumbnail","6":"product_brand-martisan","7":"product_cat-ferrari","8":"product_cat-martisan","9":"product_cat-verfuegbar","10":"pa_automarke-ferrari","11":"pa_decade-1960s","12":"pa_fahrzeugtyp-coupe","13":"pa_farbe-silber","14":"pa_limitiert-ja","15":"pa_massstab-1-18","16":"pa_modelmarke-martisan","17":"pa_modeltyp-alles-zum-oeffnen","18":"pa_modeltyp-fertigmodell","19":"pa_verfuegbarkeit-vorbestellbar","20":"pa_zustand_modell-1-brandneu","21":"pa_zustand_verpackung-1-brandneu","23":"first","24":"instock","25":"taxable","26":"shipping-taxable","27":"purchasable","28":"product-type-simple"},"acf":[],"jetpack_sharing_enabled":true,"_links":{"self":[{"href":"https:\/\/www.modelcars24.de\/es\/wp-json\/wp\/v2\/product\/31436","targetHints":{"allow":["GET"]}}],"collection":[{"href":"https:\/\/www.modelcars24.de\/es\/wp-json\/wp\/v2\/product"}],"about":[{"href":"https:\/\/www.modelcars24.de\/es\/wp-json\/wp\/v2\/types\/product"}],"replies":[{"embeddable":true,"href":"https:\/\/www.modelcars24.de\/es\/wp-json\/wp\/v2\/comments?post=31436"}],"version-history":[{"count":7,"href":"https:\/\/www.modelcars24.de\/es\/wp-json\/wp\/v2\/product\/31436\/revisions"}],"predecessor-version":[{"id":61928,"href":"https:\/\/www.modelcars24.de\/es\/wp-json\/wp\/v2\/product\/31436\/revisions\/61928"}],"wp:featuredmedia":[{"embeddable":true,"href":"https:\/\/www.modelcars24.de\/es\/wp-json\/wp\/v2\/media\/54924"}],"wp:attachment":[{"href":"https:\/\/www.modelcars24.de\/es\/wp-json\/wp\/v2\/media?parent=31436"}],"wp:term":[{"taxonomy":"product_brand","embeddable":true,"href":"https:\/\/www.modelcars24.de\/es\/wp-json\/wp\/v2\/product_brand?post=31436"},{"taxonomy":"product_cat","embeddable":true,"href":"https:\/\/www.modelcars24.de\/es\/wp-json\/wp\/v2\/product_cat?post=31436"},{"taxonomy":"product_tag","embeddable":true,"href":"https:\/\/www.modelcars24.de\/es\/wp-json\/wp\/v2\/product_tag?post=31436"}],"curies":[{"name":"wp","href":"https:\/\/api.w.org\/{rel}","templated":true}]}}