{"id":32512,"date":"2026-01-30T12:35:16","date_gmt":"2026-01-30T11:35:16","guid":{"rendered":"https:\/\/www.modelcars24.de\/?post_type=product&#038;p=32512"},"modified":"2026-04-24T11:39:30","modified_gmt":"2026-04-24T09:39:30","slug":"bbr-ferrari-laferrari-2012-open-diecast-special-pack-purple-dubai-viola-vio-tailor-made","status":"publish","type":"product","link":"https:\/\/www.modelcars24.de\/es\/bbr-ferrari-laferrari-2012-open-diecast-special-pack-purple-dubai-viola-vio-tailor-made\/","title":{"rendered":"BBR Ferrari LaFerrari 2012 open diecast - SPECIAL PACK Purple Dubai- Viola Vio tailor made - 1\/18"},"content":{"rendered":"<p>BBR Ferrari LaFerrari 2012 open diecast - SPECIAL PACK Purple Dubai- Viola Vio a medida. Modelo de coleccionista de alta calidad a escala 1:18.<\/p>\n<p>Para este modelo de autom\u00f3vil de metal fundido, BBR ha realizado puertas y cap\u00f3s abatibles tras un largo trabajo de desarrollo. Las juntas invisibles de los cap\u00f3s son una soluci\u00f3n \u00fanica y una gran innovaci\u00f3n en el mercado del automodelismo. El pist\u00f3n telesc\u00f3pico, con el que se pueden abrir las puertas de ala de gaviota como en el original, es un detalle exclusivo.<br \/>\nEl deflector trasero m\u00f3vil, que equilibra la carga aerodin\u00e1mica a altas velocidades, est\u00e1 modelado fielmente al original. Puede extenderse con un dedo y una ligera presi\u00f3n. Un detalle miniaturizado hace que el modelo sea a\u00fan m\u00e1s impresionante: las rejillas del ventilador del radiador est\u00e1n modeladas seg\u00fan el original gracias a la tecnolog\u00eda del fotograbado.<\/p>\n<p>Pintado en color p\u00farpura (Dubai - Viola Vio). Base de piel sint\u00e9tica cosida a mano; expositor incluido.<\/p>\n<p>N\u00famero de art\u00edculo: BBR182237DIE<\/p>","protected":false},"excerpt":{"rendered":"<p>BBR182237DIE &#8211; 1-brandneu &#8211; anstatt 455,00 jetzt 425,00 \u20ac inkl. 19% Vat<\/p>","protected":false},"featured_media":55927,"comment_status":"closed","ping_status":"closed","template":"","meta":{"_acf_changed":false},"product_brand":[851],"product_cat":[169,63,21],"product_tag":[],"class_list":{"0":"post-32512","1":"product","2":"type-product","3":"status-publish","4":"has-post-thumbnail","6":"product_brand-bbr","7":"product_cat-bbr","8":"product_cat-ferrari","9":"product_cat-verfuegbar","10":"pa_automarke-ferrari","11":"pa_decade-2010s","12":"pa_fahrzeugtyp-coupe","13":"pa_massstab-1-18","14":"pa_modelmarke-bbr","15":"pa_zustand_modell-1-brandneu","16":"pa_zustand_verpackung-1-brandneu","18":"first","19":"instock","20":"sale","21":"taxable","22":"shipping-taxable","23":"purchasable","24":"product-type-simple"},"acf":[],"jetpack_sharing_enabled":true,"_links":{"self":[{"href":"https:\/\/www.modelcars24.de\/es\/wp-json\/wp\/v2\/product\/32512","targetHints":{"allow":["GET"]}}],"collection":[{"href":"https:\/\/www.modelcars24.de\/es\/wp-json\/wp\/v2\/product"}],"about":[{"href":"https:\/\/www.modelcars24.de\/es\/wp-json\/wp\/v2\/types\/product"}],"replies":[{"embeddable":true,"href":"https:\/\/www.modelcars24.de\/es\/wp-json\/wp\/v2\/comments?post=32512"}],"version-history":[{"count":7,"href":"https:\/\/www.modelcars24.de\/es\/wp-json\/wp\/v2\/product\/32512\/revisions"}],"predecessor-version":[{"id":62278,"href":"https:\/\/www.modelcars24.de\/es\/wp-json\/wp\/v2\/product\/32512\/revisions\/62278"}],"wp:featuredmedia":[{"embeddable":true,"href":"https:\/\/www.modelcars24.de\/es\/wp-json\/wp\/v2\/media\/55927"}],"wp:attachment":[{"href":"https:\/\/www.modelcars24.de\/es\/wp-json\/wp\/v2\/media?parent=32512"}],"wp:term":[{"taxonomy":"product_brand","embeddable":true,"href":"https:\/\/www.modelcars24.de\/es\/wp-json\/wp\/v2\/product_brand?post=32512"},{"taxonomy":"product_cat","embeddable":true,"href":"https:\/\/www.modelcars24.de\/es\/wp-json\/wp\/v2\/product_cat?post=32512"},{"taxonomy":"product_tag","embeddable":true,"href":"https:\/\/www.modelcars24.de\/es\/wp-json\/wp\/v2\/product_tag?post=32512"}],"curies":[{"name":"wp","href":"https:\/\/api.w.org\/{rel}","templated":true}]}}