{"id":33227,"date":"2024-11-06T10:59:30","date_gmt":"2024-11-06T09:59:30","guid":{"rendered":"http:\/\/www.mondo-legno.com\/?post_type=product&#038;p=33227"},"modified":"2025-12-10T13:34:39","modified_gmt":"2025-12-10T12:34:39","slug":"amalgama-aston-martin-db5-vantage-2","status":"publish","type":"product","link":"https:\/\/www.modelcars24.de\/es\/amalgam-aston-martin-db5-vantage-18\/","title":{"rendered":"Amalgam Aston Martin DB5 Vantage 1:8 - 1\/8"},"content":{"rendered":"<p>Amalgam Aston Martin DB5 Vantage 1:8 | Edici\u00f3n limitada a gran escala 1:8.<\/p>\n<ul>\n<li>Edici\u00f3n limitada de 199 ejemplares<\/li>\n<li>Se pueden construir modelos personalizados seg\u00fan las especificaciones del propietario<\/li>\n<li>Disponible en acabado de pintura exterior Silver Birch<\/li>\n<li>Cada modelo es construido y ensamblado a mano por un peque\u00f1o equipo de artesanos.<\/li>\n<li>Modelo a escala 1:8, m\u00e1s de 57 cm\/22 pulgadas de largo<\/li>\n<li>Fabricado con materiales de la m\u00e1xima calidad<\/li>\n<li>M\u00e1s de 5.000 horas dedicadas al desarrollo del modelo<\/li>\n<li>M\u00e1s de 500 horas para construir cada modelo<\/li>\n<li>Miles de piezas dise\u00f1adas con precisi\u00f3n: Piezas de fundici\u00f3n, fotograbados y componentes met\u00e1licos mecanizados por CNC.<\/li>\n<li>Construido con dise\u00f1os CAD originales desarrollados a partir del escaneado de un coche original<\/li>\n<li>Im\u00e1genes de archivo, c\u00f3digos de color y especificaciones de materiales de Aston Martin<\/li>\n<\/ul>\n<p>Fabricado entre 1963 y 1965, el DB5 era visualmente casi id\u00e9ntico al DB4 anterior. Sin embargo, el cambio m\u00e1s significativo del DB5 tuvo lugar bajo el cap\u00f3: la introducci\u00f3n de un motor atmosf\u00e9rico de seis cilindros en l\u00ednea de 3.995 cc, que produc\u00eda 282 CV y 280 lb-pie, con esta potencia acoplada a una caja de cambios ZF sincronizada de cinco velocidades y un robusto embrague Borg &amp; Beck a las ruedas traseras. Era la primera vez que Aston Martin utilizaba este motor en un coche de calle, despu\u00e9s de haberlo hecho en el Lagonda Rapide (basado en el DB4 de Aston) y en el Aston Martin DP215, el coche de carreras de resistencia de Le Mans de 1963. Los cambios en el chasis incluyeron la introducci\u00f3n de frenos de disco Girling, que s\u00f3lo se utilizaron en el DB4 GT, junto con llantas de 15 pulgadas. Se incorporaron muchas otras mejoras, como elevalunas el\u00e9ctricos y dos servofrenos hidr\u00e1ulicos. En el interior, el nuevo coche era m\u00e1s lujoso que cualquier Aston anterior. El aire acondicionado Normalair estaba disponible como opci\u00f3n. Sin embargo, las numerosas mejoras del DB5 significaban que pesaba m\u00e1s de 100 kg m\u00e1s que el coche al que sustitu\u00eda, aunque el motor m\u00e1s grande manten\u00eda las cosas en su sitio y reduc\u00eda el tiempo de 0 a 100 km\/h a unos 8 segundos.<\/p>\n<p>El DB5 salt\u00f3 a la fama mundial cuando se utiliz\u00f3 como coche de James Bond en la pel\u00edcula \u201eGoldfinger\u201c, as\u00ed como en varias pel\u00edculas posteriores de James Bond, dando lugar finalmente a una creaci\u00f3n especial de Aston Martin Works conocida como Goldfinger Continuation, que se construy\u00f3 en 2020. La asociaci\u00f3n con James Bond era el sue\u00f1o de todo vendedor, el ejemplo perfecto de colocaci\u00f3n de producto que casi nunca se produjo: el E-Type de Jaguar era la opci\u00f3n preferida, pero Jaguar rechaz\u00f3 a EON y el propietario de Aston Martin, David Brown, tambi\u00e9n se mostr\u00f3 inicialmente reacio a suministrar un DB5. El resto es historia, y el DB5 de abedul plateado cargado de artilugios de James Bond se convirti\u00f3 en un fen\u00f3meno inmortal de la pantalla.<br \/>N\u00famero de art\u00edculo: M6210<\/p>","protected":false},"excerpt":{"rendered":"<p>M6210 &#8211; 1-brandneu &#8211; 22995,00 \u20ac inkl. 19% Vat<\/p>","protected":false},"featured_media":33228,"comment_status":"open","ping_status":"closed","template":"","meta":[],"product_brand":[864],"product_cat":[286,147,45,21],"product_tag":[288,209,202],"class_list":{"0":"post-33227","1":"product","2":"type-product","3":"status-publish","4":"has-post-thumbnail","6":"product_brand-amalgam","7":"product_cat-amalgam","8":"product_cat-aston-martin","9":"product_cat-neuzugang","10":"product_cat-verfuegbar","11":"product_tag-amalgam","12":"product_tag-ferrari","13":"product_tag-verfuegbar","14":"pa_automarke-aston-martin","15":"pa_decade-1930s","16":"pa_fahrzeugtyp-coupe","17":"pa_farbe-rot","18":"pa_limitiert-ja","19":"pa_massstab-1-8","20":"pa_modelmarke-amalgam","21":"pa_modeltyp-fertigmodell","22":"pa_modeltyp-geschlossen","23":"pa_status-beim-hersteller-verfuegbar","24":"pa_verfuegbarkeit-5-tage-lieferzeit","25":"pa_zustand_modell-1-brandneu","26":"pa_zustand_verpackung-1-brandneu","28":"first","29":"instock","30":"taxable","31":"shipping-taxable","32":"purchasable","33":"product-type-simple"},"jetpack_sharing_enabled":true,"_links":{"self":[{"href":"https:\/\/www.modelcars24.de\/es\/wp-json\/wp\/v2\/product\/33227","targetHints":{"allow":["GET"]}}],"collection":[{"href":"https:\/\/www.modelcars24.de\/es\/wp-json\/wp\/v2\/product"}],"about":[{"href":"https:\/\/www.modelcars24.de\/es\/wp-json\/wp\/v2\/types\/product"}],"replies":[{"embeddable":true,"href":"https:\/\/www.modelcars24.de\/es\/wp-json\/wp\/v2\/comments?post=33227"}],"version-history":[{"count":2,"href":"https:\/\/www.modelcars24.de\/es\/wp-json\/wp\/v2\/product\/33227\/revisions"}],"predecessor-version":[{"id":58420,"href":"https:\/\/www.modelcars24.de\/es\/wp-json\/wp\/v2\/product\/33227\/revisions\/58420"}],"wp:featuredmedia":[{"embeddable":true,"href":"https:\/\/www.modelcars24.de\/es\/wp-json\/wp\/v2\/media\/33228"}],"wp:attachment":[{"href":"https:\/\/www.modelcars24.de\/es\/wp-json\/wp\/v2\/media?parent=33227"}],"wp:term":[{"taxonomy":"product_brand","embeddable":true,"href":"https:\/\/www.modelcars24.de\/es\/wp-json\/wp\/v2\/product_brand?post=33227"},{"taxonomy":"product_cat","embeddable":true,"href":"https:\/\/www.modelcars24.de\/es\/wp-json\/wp\/v2\/product_cat?post=33227"},{"taxonomy":"product_tag","embeddable":true,"href":"https:\/\/www.modelcars24.de\/es\/wp-json\/wp\/v2\/product_tag?post=33227"}],"curies":[{"name":"wp","href":"https:\/\/api.w.org\/{rel}","templated":true}]}}