{"id":33684,"date":"2024-11-18T17:58:11","date_gmt":"2024-11-18T16:58:11","guid":{"rendered":"http:\/\/www.mondo-legno.com\/?post_type=product&#038;p=33684"},"modified":"2025-12-10T13:34:44","modified_gmt":"2025-12-10T12:34:44","slug":"amalgama-amalgama-ferrari-f50-especificacion-europea","status":"publish","type":"product","link":"https:\/\/www.modelcars24.de\/es\/amalgam-amalgam-ferrari-f50-european-spec\/","title":{"rendered":"Amalgama Ferrari f50 european spec 1 18 1:18 - 1\/18"},"content":{"rendered":"<p>Amalgama Ferrari f50 european spec 1 18 1:18.<\/p>\n<ul>\n<li>Cada modelo es construido y ensamblado a mano por un peque\u00f1o equipo de artesanos.<\/li>\n<li>Modelo a escala 1:18, de m\u00e1s de 24 cm\/9 pulgadas de longitud.<\/li>\n<li>Fabricado con materiales de la m\u00e1s alta calidad.<\/li>\n<li>M\u00e1s de 800 horas dedicadas al desarrollo del modelo Piezas construidas con precisi\u00f3n: Piezas de fundici\u00f3n, fotograbados y componentes met\u00e1licos mecanizados mediante CNC<\/li>\n<li>Creado a partir de dise\u00f1os CAD originales, c\u00f3digos de color y especificaciones de materiales de Ferrari.<\/li>\n<\/ul>\n<p>N\u00famero de art\u00edculo: amg-6<\/p>","protected":false},"excerpt":{"rendered":"<p>Amalgam Ferrari f50 modelcar, amg-6, escala 1:18 disponible en www.modelcars24.de<\/p>","protected":false},"featured_media":33685,"comment_status":"open","ping_status":"closed","template":"","meta":{"_acf_changed":false},"product_brand":[864],"product_cat":[286,63,21],"product_tag":[288,209,202],"class_list":{"0":"post-33684","1":"product","2":"type-product","3":"status-publish","4":"has-post-thumbnail","6":"product_brand-amalgam","7":"product_cat-amalgam","8":"product_cat-ferrari","9":"product_cat-verfuegbar","10":"product_tag-amalgam","11":"product_tag-ferrari","12":"product_tag-verfuegbar","13":"pa_automarke-ferrari","14":"pa_decade-1990s","15":"pa_fahrzeugtyp-coupe","16":"pa_massstab-1-18","17":"pa_modelmarke-amalgam","18":"pa_modeltyp-fertigmodell","19":"pa_modeltyp-geschlossen","20":"pa_status-beim-hersteller-verfuegbar","21":"pa_verfuegbarkeit-5-tage-lieferzeit","22":"pa_zustand_modell-1-brandneu","23":"pa_zustand_verpackung-1-brandneu","25":"first","26":"instock","27":"taxable","28":"shipping-taxable","29":"purchasable","30":"product-type-simple"},"acf":[],"jetpack_sharing_enabled":true,"_links":{"self":[{"href":"https:\/\/www.modelcars24.de\/es\/wp-json\/wp\/v2\/product\/33684","targetHints":{"allow":["GET"]}}],"collection":[{"href":"https:\/\/www.modelcars24.de\/es\/wp-json\/wp\/v2\/product"}],"about":[{"href":"https:\/\/www.modelcars24.de\/es\/wp-json\/wp\/v2\/types\/product"}],"replies":[{"embeddable":true,"href":"https:\/\/www.modelcars24.de\/es\/wp-json\/wp\/v2\/comments?post=33684"}],"version-history":[{"count":2,"href":"https:\/\/www.modelcars24.de\/es\/wp-json\/wp\/v2\/product\/33684\/revisions"}],"predecessor-version":[{"id":58431,"href":"https:\/\/www.modelcars24.de\/es\/wp-json\/wp\/v2\/product\/33684\/revisions\/58431"}],"wp:featuredmedia":[{"embeddable":true,"href":"https:\/\/www.modelcars24.de\/es\/wp-json\/wp\/v2\/media\/33685"}],"wp:attachment":[{"href":"https:\/\/www.modelcars24.de\/es\/wp-json\/wp\/v2\/media?parent=33684"}],"wp:term":[{"taxonomy":"product_brand","embeddable":true,"href":"https:\/\/www.modelcars24.de\/es\/wp-json\/wp\/v2\/product_brand?post=33684"},{"taxonomy":"product_cat","embeddable":true,"href":"https:\/\/www.modelcars24.de\/es\/wp-json\/wp\/v2\/product_cat?post=33684"},{"taxonomy":"product_tag","embeddable":true,"href":"https:\/\/www.modelcars24.de\/es\/wp-json\/wp\/v2\/product_tag?post=33684"}],"curies":[{"name":"wp","href":"https:\/\/api.w.org\/{rel}","templated":true}]}}