{"id":34296,"date":"2025-10-06T12:39:05","date_gmt":"2025-10-06T10:39:05","guid":{"rendered":"http:\/\/www.mondo-legno.com\/?post_type=product&#038;p=34296"},"modified":"2026-05-01T22:11:31","modified_gmt":"2026-05-01T20:11:31","slug":"pocher-lamborghini-aventador-modelo-especial-homenaje-a-miura","status":"publish","type":"product","link":"https:\/\/www.modelcars24.de\/es\/pocher-lamborghini-aventador-sondermodell-miura-homage\/","title":{"rendered":"modelcars24 Pocher Lamborghini Aventador modelo especial Miura Homage kit 1:8 - 1\/8"},"content":{"rendered":"<h1>Pocher Lamborghini Aventador Sondermodell Miura Homage Kit 1:8<\/h1>\n<p>Auf Basis des Pocher Lamborghini Aventador legen wir 10 Baus\u00e4tze im Stil des Miura Homage\u00a0 in der Farbkombination Rot\/Gold auf. Die Karosserie erh\u00e4lt von uns eine rote hochgl\u00e4nzende Lackierung. Auch die eingef\u00e4rbten Kunststoffteile des Pocher Bausatzes werden in rot lackiert. Zudem erh\u00e4lt die Karosserie eine matt goldene Unterpartie und passend lackierte Felgen. Die speziellen Embleme des Lamborghini Sondermodells, wie das Logo vor den Hinterr\u00e4dern, auf den Sitzen oder der T\u00fcrverkleidung liefern wir als Decals. Die Felgen und Reifen entsprechen ebenfalls dem Vorbild. Die Baus\u00e4tze werden mit einem Modellcars24 Zertifikat, einzeln nummeriert, geliefert. Auf Wunsch bauen wir Ihnen auch dieses Modell.<\/p>\n<p>Lamborghini describe este modelo especial en su p\u00e1gina de inicio de la siguiente manera:<\/p>\n<div>\n<p>\u201eHa nacido una edici\u00f3n absolutamente nueva y sin precedentes. Una edici\u00f3n especial del Aventador Coup\u00e9 con motivo del 50 aniversario del Miura, el hist\u00f3rico precursor de los superdeportivos V12 de Lamborghini, para rendirle homenaje con un dise\u00f1o que combina historia y estilo. El Aventador Miura Homage, del que solo se produjeron 50 unidades, es el testimonio de que Automobili Lamborghini siempre mira hacia el futuro, sin olvidar sus ra\u00edces.<\/p>\n<\/div>\n<p>El Aventador Miura Homage fue dise\u00f1ado por el estudio Ad Personam de Lamborghini e inspirado en el Miura hasta el m\u00e1s m\u00ednimo detalle: la parte superior de la carrocer\u00eda en un solo color (disponible en los 18 colores tradicionales del Miura) contrasta aqu\u00ed de forma est\u00e9tica con la parte inferior en oro mate o plata mate. El logo del Miura de acero negro en el lateral, la placa de edici\u00f3n limitada en el interior del veh\u00edculo y el logo \u201eMiura 50\u00b0\u201c cosido en la parte superior de los asientos reflejan inconfundiblemente el car\u00e1cter exclusivo del Aventador Miura Homage.\u201c<\/p>\n<p>Dimensiones (mm): 595 x 287 x 144<\/p>\n<p>Color: rojo\/dorado<\/p>\n<p><span style=\"font-size: 16px;\">.<\/span><strong>Si lo desea, podemos construir el modelo para usted.<\/strong><\/p>\n<p>N\u00famero de art\u00edculo: Mcars1-HK119F<\/p>","protected":false},"excerpt":{"rendered":"<p>1-brandneu &#8211; 1695,00 \u20ac inkl. 19% Vat<\/p>","protected":false},"featured_media":55272,"comment_status":"open","ping_status":"closed","template":"","meta":{"_acf_changed":false},"product_brand":[841,895],"product_cat":[300,229,451,21],"product_tag":[393,265,394],"class_list":{"0":"post-34296","1":"product","2":"type-product","3":"status-publish","4":"has-post-thumbnail","6":"product_brand-modelcars24","7":"product_brand-pocher","8":"product_cat-lamborghini","9":"product_cat-modelcars24","10":"product_cat-pocher","11":"product_cat-verfuegbar","12":"product_tag-gt-spirit","13":"product_tag-porsche","14":"product_tag-sofort-verfuegbar","15":"pa_automarke-pocher","16":"pa_decade-2010s","17":"pa_fahrzeugtyp-coupe","18":"pa_farbe-gelb","19":"pa_limitiert-ja","20":"pa_massstab-1-8","21":"pa_modelmarke-modelcars24","22":"pa_modelmarke-pocher","23":"pa_modeltyp-alles-zum-oeffnen","24":"pa_modeltyp-bausatz","25":"pa_status-beim-hersteller-verfuegbar","26":"pa_verfuegbarkeit-sofort-verfuegbar","27":"pa_zustand_modell-1-brandneu","28":"pa_zustand_verpackung-1-brandneu","30":"first","31":"instock","32":"taxable","33":"shipping-taxable","34":"purchasable","35":"product-type-simple"},"acf":[],"jetpack_sharing_enabled":true,"_links":{"self":[{"href":"https:\/\/www.modelcars24.de\/es\/wp-json\/wp\/v2\/product\/34296","targetHints":{"allow":["GET"]}}],"collection":[{"href":"https:\/\/www.modelcars24.de\/es\/wp-json\/wp\/v2\/product"}],"about":[{"href":"https:\/\/www.modelcars24.de\/es\/wp-json\/wp\/v2\/types\/product"}],"replies":[{"embeddable":true,"href":"https:\/\/www.modelcars24.de\/es\/wp-json\/wp\/v2\/comments?post=34296"}],"version-history":[{"count":6,"href":"https:\/\/www.modelcars24.de\/es\/wp-json\/wp\/v2\/product\/34296\/revisions"}],"predecessor-version":[{"id":63953,"href":"https:\/\/www.modelcars24.de\/es\/wp-json\/wp\/v2\/product\/34296\/revisions\/63953"}],"wp:featuredmedia":[{"embeddable":true,"href":"https:\/\/www.modelcars24.de\/es\/wp-json\/wp\/v2\/media\/55272"}],"wp:attachment":[{"href":"https:\/\/www.modelcars24.de\/es\/wp-json\/wp\/v2\/media?parent=34296"}],"wp:term":[{"taxonomy":"product_brand","embeddable":true,"href":"https:\/\/www.modelcars24.de\/es\/wp-json\/wp\/v2\/product_brand?post=34296"},{"taxonomy":"product_cat","embeddable":true,"href":"https:\/\/www.modelcars24.de\/es\/wp-json\/wp\/v2\/product_cat?post=34296"},{"taxonomy":"product_tag","embeddable":true,"href":"https:\/\/www.modelcars24.de\/es\/wp-json\/wp\/v2\/product_tag?post=34296"}],"curies":[{"name":"wp","href":"https:\/\/api.w.org\/{rel}","templated":true}]}}