{"id":34332,"date":"2024-10-01T00:00:00","date_gmt":"2024-09-30T22:00:00","guid":{"rendered":"http:\/\/www.mondo-legno.com\/?post_type=product&#038;p=34332"},"modified":"2025-12-10T13:34:54","modified_gmt":"2025-12-10T12:34:54","slug":"amalgama-amalgama-ferrari-250-gt-berlinetta-2","status":"publish","type":"product","link":"https:\/\/www.modelcars24.de\/es\/amalgam-amalgam-ferrari-250-gt-berlinetta\/","title":{"rendered":"Amalgama Ferrari 250 GT Berlinetta \u201aSWB\u2018 (1961) 1:8 - 1\/8"},"content":{"rendered":"<p>Amalgama Ferrari 250 GT Berlinetta \u201aSWB\u2018 (1961) 1:8 Edici\u00f3n limitada de 199 ejemplares<\/p>\n<ul>\n<li>Se pueden construir modelos personalizados seg\u00fan las especificaciones del propietario<\/li>\n<li>Cada modelo es construido y ensamblado a mano por un peque\u00f1o equipo de artesanos.<\/li>\n<li>Modelo a escala 1:8, m\u00e1s de 56 cm\/22 pulgadas de largo<\/li>\n<li>Fabricado con materiales de la m\u00e1xima calidad<\/li>\n<li>M\u00e1s de 4.000 horas dedicadas al desarrollo del modelo<\/li>\n<li>M\u00e1s de 400 horas para construir cada modelo<\/li>\n<li>Fabricado a partir de miles de piezas fabricadas con precisi\u00f3n: Piezas de fundici\u00f3n, piezas fotograbadas y componentes met\u00e1licos mecanizados por CNC.<\/li>\n<\/ul>\n<p>Creado a partir de nuestros propios datos CAD, desarrollados tras escanear el chasis original del 2035GT y con el apoyo de los historiadores de Ferrari Classiche.<br \/>\nEste fino modelo a escala 1:8 del Ferrari 250 GTB ha sido realizado y acabado a mano en nuestros talleres en colaboraci\u00f3n y con el apoyo de Ferrari en cuanto a acabados, materiales, im\u00e1genes de archivo y dibujos originales. El uso de escaneados digitales extremadamente precisos del coche original nos ha permitido reproducir perfectamente cada detalle a escala. Adem\u00e1s, ha sido sometido a un minucioso escrutinio por parte de los equipos de ingenier\u00eda y dise\u00f1o para garantizar la total exactitud de la representaci\u00f3n.<\/p>\n<p>El Ferrari 250 GT Berlinetta est\u00e1 limitado a 199 unidades.<\/p>\n<p>\u2014\u2014\u2014\u2014\u2014\u2014\u2014\u2014\u2014\u2014\u2013 \u2014\u2014\u2014\u2014\u2014<\/p>\n<p>Ampl\u00ede su colecci\u00f3n a escala 1:8 con una de nuestras elegantes, armoniosas y artesanales vitrinas, soportes o plintos.<br \/>N\u00famero de art\u00edculo: 250-SWB<\/p>","protected":false},"excerpt":{"rendered":"<p>Amalgam Ferrari 250 modelcar, 250-SWB, escala 1:8 disponible en www.modelcars24.de<\/p>","protected":false},"featured_media":34333,"comment_status":"open","ping_status":"closed","template":"","meta":[],"product_brand":[864],"product_cat":[286,63,21],"product_tag":[288,209,202],"class_list":{"0":"post-34332","1":"product","2":"type-product","3":"status-publish","4":"has-post-thumbnail","6":"product_brand-amalgam","7":"product_cat-amalgam","8":"product_cat-ferrari","9":"product_cat-verfuegbar","10":"product_tag-amalgam","11":"product_tag-ferrari","12":"product_tag-verfuegbar","13":"pa_automarke-ferrari","14":"pa_decade-1960s","15":"pa_fahrzeugtyp-coupe","16":"pa_massstab-1-8","17":"pa_modelmarke-amalgam","18":"pa_modeltyp-alles-zum-oeffnen","19":"pa_modeltyp-fertigmodell","20":"pa_status-beim-hersteller-verfuegbar","21":"pa_verfuegbarkeit-5-tage-lieferzeit","22":"pa_zustand_modell-1-brandneu","23":"pa_zustand_verpackung-1-brandneu","25":"first","26":"instock","27":"taxable","28":"shipping-taxable","29":"purchasable","30":"product-type-simple"},"jetpack_sharing_enabled":true,"_links":{"self":[{"href":"https:\/\/www.modelcars24.de\/es\/wp-json\/wp\/v2\/product\/34332","targetHints":{"allow":["GET"]}}],"collection":[{"href":"https:\/\/www.modelcars24.de\/es\/wp-json\/wp\/v2\/product"}],"about":[{"href":"https:\/\/www.modelcars24.de\/es\/wp-json\/wp\/v2\/types\/product"}],"replies":[{"embeddable":true,"href":"https:\/\/www.modelcars24.de\/es\/wp-json\/wp\/v2\/comments?post=34332"}],"version-history":[{"count":2,"href":"https:\/\/www.modelcars24.de\/es\/wp-json\/wp\/v2\/product\/34332\/revisions"}],"predecessor-version":[{"id":58443,"href":"https:\/\/www.modelcars24.de\/es\/wp-json\/wp\/v2\/product\/34332\/revisions\/58443"}],"wp:featuredmedia":[{"embeddable":true,"href":"https:\/\/www.modelcars24.de\/es\/wp-json\/wp\/v2\/media\/34333"}],"wp:attachment":[{"href":"https:\/\/www.modelcars24.de\/es\/wp-json\/wp\/v2\/media?parent=34332"}],"wp:term":[{"taxonomy":"product_brand","embeddable":true,"href":"https:\/\/www.modelcars24.de\/es\/wp-json\/wp\/v2\/product_brand?post=34332"},{"taxonomy":"product_cat","embeddable":true,"href":"https:\/\/www.modelcars24.de\/es\/wp-json\/wp\/v2\/product_cat?post=34332"},{"taxonomy":"product_tag","embeddable":true,"href":"https:\/\/www.modelcars24.de\/es\/wp-json\/wp\/v2\/product_tag?post=34332"}],"curies":[{"name":"wp","href":"https:\/\/api.w.org\/{rel}","templated":true}]}}