{"id":34522,"date":"2024-10-01T00:00:00","date_gmt":"2024-09-30T22:00:00","guid":{"rendered":"http:\/\/www.mondo-legno.com\/?post_type=product&#038;p=34522"},"modified":"2025-12-10T13:34:57","modified_gmt":"2025-12-10T12:34:57","slug":"amalgama-amalgama-ferrari-365-gts-4-spider-dayto-2","status":"publish","type":"product","link":"https:\/\/www.modelcars24.de\/es\/amalgam-amalgam-ferrari-365-gts-4-spider-dayto\/","title":{"rendered":"Amalgama Ferrari 365 GTS\/4 Spider \u201eDaytona\u201c(1969) | Edici\u00f3n limitada - 1\/8"},"content":{"rendered":"<p>Amalgama Ferrari 365 GTS\/4 Spider \u201eDaytona\u201c(1969) | Edici\u00f3n limitada.<\/p>\n<p>Preciosa maqueta de colecci\u00f3n a escala 1:8 del Ferrari 365 GTB\/4, que se present\u00f3 al p\u00fablico como prototipo en el IAA de Frankfurt en septiembre de 1969.<\/p>\n<p>Este modelo se fabric\u00f3 a mano utilizando nuestros propios datos CAD, que se crearon escaneando un coche original hasta el m\u00e1s m\u00ednimo detalle. El prototipo resultante fue sometido a rigurosas pruebas por parte de Ferrari para garantizar una precisi\u00f3n absoluta.<br \/>N\u00famero de art\u00edculo: 365-sp<\/p>","protected":false},"excerpt":{"rendered":"<p>Amalgam Ferrari 365 modelcar, 365-sp, escala 1:8 disponible en www.modelcars24.de<\/p>","protected":false},"featured_media":34523,"comment_status":"open","ping_status":"closed","template":"","meta":[],"product_brand":[864],"product_cat":[286,63,21],"product_tag":[288,209,202],"class_list":{"0":"post-34522","1":"product","2":"type-product","3":"status-publish","4":"has-post-thumbnail","6":"product_brand-amalgam","7":"product_cat-amalgam","8":"product_cat-ferrari","9":"product_cat-verfuegbar","10":"product_tag-amalgam","11":"product_tag-ferrari","12":"product_tag-verfuegbar","13":"pa_automarke-ferrari","14":"pa_decade-1970s","15":"pa_fahrzeugtyp-cabrio","16":"pa_massstab-1-8","17":"pa_modelmarke-amalgam","18":"pa_modeltyp-alles-zum-oeffnen","19":"pa_modeltyp-fertigmodell","20":"pa_status-beim-hersteller-verfuegbar","21":"pa_verfuegbarkeit-5-tage-lieferzeit","22":"pa_zustand_modell-1-brandneu","23":"pa_zustand_verpackung-1-brandneu","25":"first","26":"instock","27":"taxable","28":"shipping-taxable","29":"purchasable","30":"product-type-simple"},"jetpack_sharing_enabled":true,"_links":{"self":[{"href":"https:\/\/www.modelcars24.de\/es\/wp-json\/wp\/v2\/product\/34522","targetHints":{"allow":["GET"]}}],"collection":[{"href":"https:\/\/www.modelcars24.de\/es\/wp-json\/wp\/v2\/product"}],"about":[{"href":"https:\/\/www.modelcars24.de\/es\/wp-json\/wp\/v2\/types\/product"}],"replies":[{"embeddable":true,"href":"https:\/\/www.modelcars24.de\/es\/wp-json\/wp\/v2\/comments?post=34522"}],"version-history":[{"count":2,"href":"https:\/\/www.modelcars24.de\/es\/wp-json\/wp\/v2\/product\/34522\/revisions"}],"predecessor-version":[{"id":58447,"href":"https:\/\/www.modelcars24.de\/es\/wp-json\/wp\/v2\/product\/34522\/revisions\/58447"}],"wp:featuredmedia":[{"embeddable":true,"href":"https:\/\/www.modelcars24.de\/es\/wp-json\/wp\/v2\/media\/34523"}],"wp:attachment":[{"href":"https:\/\/www.modelcars24.de\/es\/wp-json\/wp\/v2\/media?parent=34522"}],"wp:term":[{"taxonomy":"product_brand","embeddable":true,"href":"https:\/\/www.modelcars24.de\/es\/wp-json\/wp\/v2\/product_brand?post=34522"},{"taxonomy":"product_cat","embeddable":true,"href":"https:\/\/www.modelcars24.de\/es\/wp-json\/wp\/v2\/product_cat?post=34522"},{"taxonomy":"product_tag","embeddable":true,"href":"https:\/\/www.modelcars24.de\/es\/wp-json\/wp\/v2\/product_tag?post=34522"}],"curies":[{"name":"wp","href":"https:\/\/api.w.org\/{rel}","templated":true}]}}