{"id":35988,"date":"2024-12-04T12:52:16","date_gmt":"2024-12-04T11:52:16","guid":{"rendered":"http:\/\/www.mondo-legno.com\/?post_type=product&#038;p=35988"},"modified":"2026-03-20T11:08:36","modified_gmt":"2026-03-20T10:08:36","slug":"modelcars24-autentico-cmc-ferrari-250-gto-norinder-m-2","status":"publish","type":"product","link":"https:\/\/www.modelcars24.de\/es\/modelcars24-authentic-cmc-ferrari-250-gto-norinder-m-252\/","title":{"rendered":"modelcars24 autentico CMC Ferrari 250 GTO Norinder M-252 - 1\/18"},"content":{"rendered":"<h3>modelcars24 aut\u00e9ntico CMC Ferrari 250 GTO Norinder M-252<\/h3>\n<p>La maqueta de coche Ferrari 250 GTO Norinder Targa Florio de modelcars24 Authentic es una pieza de colecci\u00f3n magistral que no s\u00f3lo refleja la sofisticaci\u00f3n t\u00e9cnica del famoso Ferrari 250 GTO, sino tambi\u00e9n la autenticidad del coche de carreras en una \u00e9poca llena de historia y prestigio. Este modelo es una fiel reproducci\u00f3n del legendario coche de carreras que particip\u00f3 en la Targa Florio de 1964, una de las carreras por carretera m\u00e1s duras del mundo.<\/p>\n<p>Lo que hace que este modelo sea especialmente especial es su representaci\u00f3n incre\u00edblemente realista del desgaste y la vida cotidiana de un coche de carreras que recorr\u00eda las carreteras de Sicilia. Las llantas plateadas est\u00e1n pintadas en un acabado mate que refleja el aspecto aut\u00e9ntico del original. Pero no son s\u00f3lo las llantas las que est\u00e1n perfectas, sino que todo el coche lleva las huellas del duro uso. La maqueta presenta manchas visibles de derrames de gasolina que pueden haberse producido al repostar, lo que a\u00f1ade una capa extra de realismo al modelo.<\/p>\n<p>Los detalles de polvo de la carretera que se encuentran en los bordes y en la carrocer\u00eda del modelo transmiten una sensaci\u00f3n de aventura y de carrera sin descanso por las monta\u00f1as y los caminos de tierra. Otro aspecto llamativo son los rastros de holl\u00edn en el tubo de escape, que confieren al modelo la autenticidad y el car\u00e1cter rudo de un coche de carreras real que ha pasado d\u00edas en la carretera compitiendo.<\/p>\n<p>La banda de rodadura de los neum\u00e1ticos tambi\u00e9n est\u00e1 cubierta de polvo, lo que refuerza la idea de que el coche corr\u00eda por las pistas monta\u00f1osas y polvorientas de la Targa Florio. Estos detalles demuestran que cada elemento del modelo se ha dise\u00f1ado con la m\u00e1xima precisi\u00f3n y atenci\u00f3n al detalle para reflejar no solo el veh\u00edculo, sino tambi\u00e9n las condiciones en las que compiti\u00f3.<\/p>\n<p>El Ferrari 250 GTO Norinder Targa Florio de modelcars24 Authentic es, por lo tanto, m\u00e1s que un modelo: es un recuerdo vivo de una de las m\u00e1quinas de carreras m\u00e1s emblem\u00e1ticas de la historia. Captura la esencia de las carreras y garantiza que el espectador pueda comprender cada detalle del veh\u00edculo y su historia. Todo un acontecimiento para los aficionados a las maquetas de coches y los fans de Ferrari.<br \/>\nN\u00famero de art\u00edculo: Mcars-M-252<\/p>","protected":false},"excerpt":{"rendered":"<p>1-brandneu &#8211; 899,00 \u20ac inkl. 19% Vat<\/p>","protected":false},"featured_media":49257,"comment_status":"open","ping_status":"closed","template":"","meta":[],"product_brand":[841],"product_cat":[918,18,63,229,20,21],"product_tag":[],"class_list":{"0":"post-35988","1":"product","2":"type-product","3":"status-publish","4":"has-post-thumbnail","6":"product_brand-modelcars24","7":"product_cat-authentic","8":"product_cat-cmc","9":"product_cat-ferrari","10":"product_cat-modelcars24","11":"product_cat-titel","12":"product_cat-verfuegbar","13":"pa_automarke-ferrari","14":"pa_decade-1930s","15":"pa_fahrzeugtyp-gt-rennen","16":"pa_farbe-rot","17":"pa_limitiert-ja","18":"pa_massstab-1-18","19":"pa_modelmarke-modelcars24","20":"pa_modeltyp-alles-zum-oeffnen","21":"pa_modeltyp-fertigmodell","22":"pa_verfuegbarkeit-5-tage-lieferzeit","23":"pa_zustand_modell-1-brandneu","24":"pa_zustand_verpackung-1-brandneu","26":"first","27":"instock","28":"taxable","29":"shipping-taxable","30":"purchasable","31":"product-type-simple"},"jetpack_sharing_enabled":true,"_links":{"self":[{"href":"https:\/\/www.modelcars24.de\/es\/wp-json\/wp\/v2\/product\/35988","targetHints":{"allow":["GET"]}}],"collection":[{"href":"https:\/\/www.modelcars24.de\/es\/wp-json\/wp\/v2\/product"}],"about":[{"href":"https:\/\/www.modelcars24.de\/es\/wp-json\/wp\/v2\/types\/product"}],"replies":[{"embeddable":true,"href":"https:\/\/www.modelcars24.de\/es\/wp-json\/wp\/v2\/comments?post=35988"}],"version-history":[{"count":4,"href":"https:\/\/www.modelcars24.de\/es\/wp-json\/wp\/v2\/product\/35988\/revisions"}],"predecessor-version":[{"id":58449,"href":"https:\/\/www.modelcars24.de\/es\/wp-json\/wp\/v2\/product\/35988\/revisions\/58449"}],"wp:featuredmedia":[{"embeddable":true,"href":"https:\/\/www.modelcars24.de\/es\/wp-json\/wp\/v2\/media\/49257"}],"wp:attachment":[{"href":"https:\/\/www.modelcars24.de\/es\/wp-json\/wp\/v2\/media?parent=35988"}],"wp:term":[{"taxonomy":"product_brand","embeddable":true,"href":"https:\/\/www.modelcars24.de\/es\/wp-json\/wp\/v2\/product_brand?post=35988"},{"taxonomy":"product_cat","embeddable":true,"href":"https:\/\/www.modelcars24.de\/es\/wp-json\/wp\/v2\/product_cat?post=35988"},{"taxonomy":"product_tag","embeddable":true,"href":"https:\/\/www.modelcars24.de\/es\/wp-json\/wp\/v2\/product_tag?post=35988"}],"curies":[{"name":"wp","href":"https:\/\/api.w.org\/{rel}","templated":true}]}}