{"id":36005,"date":"2024-12-04T13:14:31","date_gmt":"2024-12-04T12:14:31","guid":{"rendered":"http:\/\/www.mondo-legno.com\/?post_type=product&#038;p=36005"},"modified":"2025-12-10T13:35:04","modified_gmt":"2025-12-10T12:35:04","slug":"modelcars24-autentico-cmc-mercedes-300-slr","status":"publish","type":"product","link":"https:\/\/www.modelcars24.de\/es\/modelcars24-authentic-cmc-mercedes-300-slr\/","title":{"rendered":"modelcars24 aut\u00e9ntico CMC Mercedes 300 SLR Uhlenhaut M-245 - 1\/18"},"content":{"rendered":"<h3>modelcars24 aut\u00e9ntico CMC Mercedes 300 SLR Uhlenhaut M-245<\/h3>\n<p>&nbsp;<\/p>\n<p>El ModelCars24 Authentic Mercedes 300 SLR a escala 1:18 es una r\u00e9plica detallada de uno de los coches de carreras m\u00e1s legendarios de la d\u00e9cada de 1950, que fue conducido por el Conde Berghe von Trips en el Tourist Trophy de 1955. Este exclusivo modelo no es s\u00f3lo una fascinante pieza de coleccionista, sino tambi\u00e9n una r\u00e9plica precisa de la aut\u00e9ntica m\u00e1quina de carreras que compiti\u00f3 en dif\u00edciles condiciones en la Isla de Man.<\/p>\n<p>La carrera de 1955 se caracteriz\u00f3 por un tiempo cambiante, en el que la lluvia convirti\u00f3 repetidamente las carreteras en pistas embarradas y resbaladizas. El Mercedes 300 SLR, con sus impresionantes prestaciones y su pintura plateada, se abri\u00f3 paso valientemente por los tramos mojados de la pista. El modelo de ModelCars24 capta perfectamente estas duras condiciones. La suciedad de las carreteras mojadas se reproduce de forma realista en la superficie del coche, al igual que el holl\u00edn que puede verse en el tubo de escape. Estos detalles dan al modelo un aspecto aut\u00e9ntico y usado que refleja la sensaci\u00f3n de velocidad y resistencia en la pista mojada.<\/p>\n<p>Otro elemento destacado es la r\u00e9plica exacta de las llantas pintadas en plata, que se han dise\u00f1ado exactamente igual que el modelo original. No s\u00f3lo reflejan el dise\u00f1o hist\u00f3rico del Mercedes 300 SLR, sino que tambi\u00e9n enfatizan la conexi\u00f3n entre este modelo y el original, que desempe\u00f1\u00f3 un papel importante en la escena de las carreras de la \u00e9poca.<\/p>\n<p>El modelo est\u00e1 limitado a un n\u00famero limitado y se entrega con una elegante vitrina y una placa, que subrayan la singularidad y el alto valor de coleccionista de este veh\u00edculo. Cada modelo es una verdadera atracci\u00f3n y un digno homenaje a Graf Berghe von Trips y a la extraordinaria carrera en la que particip\u00f3 en 1955.<\/p>\n<p>Para los aficionados a los coches de carreras hist\u00f3ricos y a las maquetas de coches, este modelo Mercedes 300 SLR es un complemento indispensable. Combina la atenci\u00f3n art\u00edstica a los detalles, la importancia hist\u00f3rica y la belleza del dise\u00f1o automovil\u00edstico para crear una pieza de coleccionista \u00fanica.<\/p>\n<p>N\u00famero de art\u00edculo: Mcars-M-245<\/p>","protected":false},"excerpt":{"rendered":"<p>1-brandneu &#8211; 899,00 \u20ac inkl. 19% Vat<\/p>","protected":false},"featured_media":48992,"comment_status":"open","ping_status":"closed","template":"","meta":[],"product_brand":[841],"product_cat":[918,18,63,229,20,21],"product_tag":[],"class_list":{"0":"post-36005","1":"product","2":"type-product","3":"status-publish","4":"has-post-thumbnail","6":"product_brand-modelcars24","7":"product_cat-authentic","8":"product_cat-cmc","9":"product_cat-ferrari","10":"product_cat-modelcars24","11":"product_cat-titel","12":"product_cat-verfuegbar","13":"pa_automarke-mercedes","14":"pa_decade-1930s","15":"pa_fahrzeugtyp-gt-rennen","16":"pa_farbe-rot","17":"pa_limitiert-ja","18":"pa_massstab-1-18","19":"pa_modelmarke-modelcars24","20":"pa_modeltyp-alles-zum-oeffnen","21":"pa_modeltyp-fertigmodell","22":"pa_verfuegbarkeit-5-tage-lieferzeit","23":"pa_zustand_modell-1-brandneu","24":"pa_zustand_verpackung-1-brandneu","26":"first","27":"instock","28":"taxable","29":"shipping-taxable","30":"purchasable","31":"product-type-simple"},"jetpack_sharing_enabled":true,"_links":{"self":[{"href":"https:\/\/www.modelcars24.de\/es\/wp-json\/wp\/v2\/product\/36005","targetHints":{"allow":["GET"]}}],"collection":[{"href":"https:\/\/www.modelcars24.de\/es\/wp-json\/wp\/v2\/product"}],"about":[{"href":"https:\/\/www.modelcars24.de\/es\/wp-json\/wp\/v2\/types\/product"}],"replies":[{"embeddable":true,"href":"https:\/\/www.modelcars24.de\/es\/wp-json\/wp\/v2\/comments?post=36005"}],"version-history":[{"count":0,"href":"https:\/\/www.modelcars24.de\/es\/wp-json\/wp\/v2\/product\/36005\/revisions"}],"wp:featuredmedia":[{"embeddable":true,"href":"https:\/\/www.modelcars24.de\/es\/wp-json\/wp\/v2\/media\/48992"}],"wp:attachment":[{"href":"https:\/\/www.modelcars24.de\/es\/wp-json\/wp\/v2\/media?parent=36005"}],"wp:term":[{"taxonomy":"product_brand","embeddable":true,"href":"https:\/\/www.modelcars24.de\/es\/wp-json\/wp\/v2\/product_brand?post=36005"},{"taxonomy":"product_cat","embeddable":true,"href":"https:\/\/www.modelcars24.de\/es\/wp-json\/wp\/v2\/product_cat?post=36005"},{"taxonomy":"product_tag","embeddable":true,"href":"https:\/\/www.modelcars24.de\/es\/wp-json\/wp\/v2\/product_tag?post=36005"}],"curies":[{"name":"wp","href":"https:\/\/api.w.org\/{rel}","templated":true}]}}