{"id":38128,"date":"2025-02-07T16:58:48","date_gmt":"2025-02-07T15:58:48","guid":{"rendered":"http:\/\/www.mondo-legno.com\/?post_type=product&#038;p=38128"},"modified":"2026-04-05T01:51:37","modified_gmt":"2026-04-04T23:51:37","slug":"bbr-pagani-huayra-dinastia-yazi-diecast-full-open-purple-carbon-fibre-basic-pack","status":"publish","type":"product","link":"https:\/\/www.modelcars24.de\/es\/bbr-pagani-huayra-dinastia-yazi-diecast-full-open-purple-carbon-fiber-basic-pack\/","title":{"rendered":"BBR Pagani Huayra Dinastia Yazi diecast full open purple carbon fibre BASIC PACK - 1\/18"},"content":{"rendered":"<p>BBR Pagani Huayra Dinastia Yazi diecast full open morado fibra de carbono SPECIAL PACK. Modelo de coleccionista de alta calidad a escala 1:18.<\/p>\n<p>En colaboraci\u00f3n con Almost Real, BBR ha creado el Pagani Huayra Dinastia a escala 1:18.<br \/>\nMagn\u00edfico en sus detalles, para deleite de todos los coleccionistas, es un modelo de metal fundido a presi\u00f3n con piezas torneadas de aluminio y acero. Todas las suspensiones funcionan de verdad; los cierres de la capota son de cuero aut\u00e9ntico cortado con l\u00e1ser. La caja de lujo garantiza el cuidado del modelo.<\/p>\n<p>Los tres ejemplares previstos del Pagani Huayra Dinastia se vendieron en China. Se caracteriza por una carrocer\u00eda de fibra de carbono de color p\u00farpura, llantas recubiertas de oro y una serie de elementos gr\u00e1ficos especiales y llamativos.<br \/>\nN\u00famero de art\u00edculo: 850331001<\/p>","protected":false},"excerpt":{"rendered":"<p>850331001 &#8211; 1-brandneu &#8211; 479,00 \u20ac inkl. 19% Vat<\/p>","protected":false},"featured_media":59612,"comment_status":"open","ping_status":"closed","template":"","meta":{"_acf_changed":false},"product_brand":[851],"product_cat":[169,63,21],"product_tag":[173,209,263],"class_list":{"0":"post-38128","1":"product","2":"type-product","3":"status-publish","4":"has-post-thumbnail","6":"product_brand-bbr","7":"product_cat-bbr","8":"product_cat-ferrari","9":"product_cat-verfuegbar","10":"product_tag-bbr","11":"product_tag-ferrari","12":"product_tag-vorbestellbar","13":"pa_automarke-pagani","14":"pa_decade-2020s","15":"pa_fahrzeugtyp-gt-rennen","16":"pa_limitiert-nein","17":"pa_massstab-1-18","18":"pa_modelmarke-bbr","19":"pa_modeltyp-fertigmodell","20":"pa_modeltyp-geschlossen","21":"pa_status-beim-hersteller-verfuegbar","22":"pa_verfuegbarkeit-vorbestellbar","23":"pa_zustand_modell-1-brandneu","24":"pa_zustand_verpackung-1-brandneu","26":"first","27":"outofstock","28":"taxable","29":"shipping-taxable","30":"purchasable","31":"product-type-simple"},"acf":[],"jetpack_sharing_enabled":true,"_links":{"self":[{"href":"https:\/\/www.modelcars24.de\/es\/wp-json\/wp\/v2\/product\/38128","targetHints":{"allow":["GET"]}}],"collection":[{"href":"https:\/\/www.modelcars24.de\/es\/wp-json\/wp\/v2\/product"}],"about":[{"href":"https:\/\/www.modelcars24.de\/es\/wp-json\/wp\/v2\/types\/product"}],"replies":[{"embeddable":true,"href":"https:\/\/www.modelcars24.de\/es\/wp-json\/wp\/v2\/comments?post=38128"}],"version-history":[{"count":5,"href":"https:\/\/www.modelcars24.de\/es\/wp-json\/wp\/v2\/product\/38128\/revisions"}],"predecessor-version":[{"id":62279,"href":"https:\/\/www.modelcars24.de\/es\/wp-json\/wp\/v2\/product\/38128\/revisions\/62279"}],"wp:featuredmedia":[{"embeddable":true,"href":"https:\/\/www.modelcars24.de\/es\/wp-json\/wp\/v2\/media\/59612"}],"wp:attachment":[{"href":"https:\/\/www.modelcars24.de\/es\/wp-json\/wp\/v2\/media?parent=38128"}],"wp:term":[{"taxonomy":"product_brand","embeddable":true,"href":"https:\/\/www.modelcars24.de\/es\/wp-json\/wp\/v2\/product_brand?post=38128"},{"taxonomy":"product_cat","embeddable":true,"href":"https:\/\/www.modelcars24.de\/es\/wp-json\/wp\/v2\/product_cat?post=38128"},{"taxonomy":"product_tag","embeddable":true,"href":"https:\/\/www.modelcars24.de\/es\/wp-json\/wp\/v2\/product_tag?post=38128"}],"curies":[{"name":"wp","href":"https:\/\/api.w.org\/{rel}","templated":true}]}}