{"id":38409,"date":"2026-01-21T11:35:21","date_gmt":"2026-01-21T10:35:21","guid":{"rendered":"https:\/\/www.modelcars24.de\/?post_type=product&#038;p=38409"},"modified":"2026-02-03T16:36:37","modified_gmt":"2026-02-03T15:36:37","slug":"porsche-industrial-porsche-mission-x-rocket-metallic","status":"publish","type":"product","link":"https:\/\/www.modelcars24.de\/es\/porsche-industrial-porsche-mission-x-rocket-metallic\/","title":{"rendered":"Porsche Industrial Porsche Mission X Rocket Metallic - 1\/18"},"content":{"rendered":"<p>Porsche Industrial Porsche Mission X Rocket Metallic. Modelo de coleccionista de alta calidad a escala 1:18.<\/p>\n<p>Unas prestaciones electrizantes se unen a un dise\u00f1o escultural. Con el Porsche Mission X, Porsche deja entrever el pr\u00f3ximo cap\u00edtulo de la historia de la marca. Este modelo de coleccionista de alta calidad a escala 1:18 captura a la perfecci\u00f3n la est\u00e9tica innovadora del concept car y lleva la visi\u00f3n de un hipercoche de altas prestaciones directamente a su vitrina.<\/p>\n<p>Productos destacados<br \/>\nEl modelo impresiona con su exclusiva pintura en Rocket Metallic, un color especialmente desarrollado para el estudio y que, dependiendo de la incidencia de la luz, revela una profundidad y una elegancia impresionantes. Cada detalle de la carrocer\u00eda aerodin\u00e1mica se ha reproducido con precisi\u00f3n para preservar el esp\u00edritu del original.<\/p>\n<ul>\n<li>Color exclusivo: acabado de alta calidad en Rocket Metallic, fiel al original.<\/li>\n<li>Interior detallado: r\u00e9plica del puesto de conducci\u00f3n orientado al conductor y centrado en un dise\u00f1o purista.<\/li>\n<li>Proporciones perfectas: Realizaci\u00f3n a escala real de la llamativa firma luminosa y los componentes aerodin\u00e1micos.<\/li>\n<li>Calidad limitada: Imprescindible para los entusiastas de Porsche y los coleccionistas de estudios conceptuales de gran calibre.<\/li>\n<li>Limitada a 750 unidades.<\/li>\n<\/ul>\n<p>N\u00famero de art\u00edculo: WAP0218040SMIS<\/p>","protected":false},"excerpt":{"rendered":"<p>WAP0218040SMIS &#8211; 1-brandneu &#8211; 385,00 \u20ac inkl. 19% Vat<\/p>","protected":false},"featured_media":59814,"comment_status":"closed","ping_status":"closed","template":"","meta":{"_acf_changed":false},"product_brand":[842],"product_cat":[16],"product_tag":[],"class_list":{"0":"post-38409","1":"product","2":"type-product","3":"status-publish","4":"has-post-thumbnail","6":"product_brand-porsche","7":"product_cat-unkategorisiert","8":"pa_automarke-porsche","9":"pa_decade-2020s","10":"pa_fahrzeugtyp-gt-rennen","11":"pa_massstab-1-18","12":"pa_modelmarke-porsche","13":"pa_modeltyp-fertigmodell","14":"pa_modeltyp-geschlossen","15":"pa_zustand_modell-1-brandneu","16":"pa_zustand_verpackung-1-brandneu","18":"first","19":"instock","20":"taxable","21":"shipping-taxable","22":"purchasable","23":"product-type-simple"},"acf":[],"jetpack_sharing_enabled":true,"_links":{"self":[{"href":"https:\/\/www.modelcars24.de\/es\/wp-json\/wp\/v2\/product\/38409","targetHints":{"allow":["GET"]}}],"collection":[{"href":"https:\/\/www.modelcars24.de\/es\/wp-json\/wp\/v2\/product"}],"about":[{"href":"https:\/\/www.modelcars24.de\/es\/wp-json\/wp\/v2\/types\/product"}],"replies":[{"embeddable":true,"href":"https:\/\/www.modelcars24.de\/es\/wp-json\/wp\/v2\/comments?post=38409"}],"version-history":[{"count":5,"href":"https:\/\/www.modelcars24.de\/es\/wp-json\/wp\/v2\/product\/38409\/revisions"}],"predecessor-version":[{"id":59815,"href":"https:\/\/www.modelcars24.de\/es\/wp-json\/wp\/v2\/product\/38409\/revisions\/59815"}],"wp:featuredmedia":[{"embeddable":true,"href":"https:\/\/www.modelcars24.de\/es\/wp-json\/wp\/v2\/media\/59814"}],"wp:attachment":[{"href":"https:\/\/www.modelcars24.de\/es\/wp-json\/wp\/v2\/media?parent=38409"}],"wp:term":[{"taxonomy":"product_brand","embeddable":true,"href":"https:\/\/www.modelcars24.de\/es\/wp-json\/wp\/v2\/product_brand?post=38409"},{"taxonomy":"product_cat","embeddable":true,"href":"https:\/\/www.modelcars24.de\/es\/wp-json\/wp\/v2\/product_cat?post=38409"},{"taxonomy":"product_tag","embeddable":true,"href":"https:\/\/www.modelcars24.de\/es\/wp-json\/wp\/v2\/product_tag?post=38409"}],"curies":[{"name":"wp","href":"https:\/\/api.w.org\/{rel}","templated":true}]}}